{"id":43519,"date":"2022-07-20T21:00:03","date_gmt":"2022-07-20T20:00:03","guid":{"rendered":"https:\/\/urbex.direct\/?post_type=product&#038;p=43519"},"modified":"2025-05-22T17:37:59","modified_gmt":"2025-05-22T16:37:59","slug":"mapa-de-localizacao-italia-todas-as-regioes","status":"publish","type":"product","link":"https:\/\/urbex.direct\/pt\/product\/location-map-italy-all-regions\/","title":{"rendered":"Urbex Map It\u00e1lia: Todas as regi\u00f5es (Acesso por 1 ou 2 anos)"},"content":{"rendered":"<p>Este mapa cont\u00e9m as seguintes localiza\u00e7\u00f5es: <ul><li>Casa Mysteria<\/li><li>Convento SM<\/li><li>Hospital CS \/ Ospedale CS<\/li><li>Centro Termale<\/li><li>Villa Ranalli<\/li><li>Vilaaggio Perduto Fara<\/li><li>Noite do vilarejo abandonado<\/li><li>Villa Atelier Della Scultrice<\/li><li>Pal\u00e1cio do Cardeal<\/li><li>Ex Istituto Geso Devino Operaio<\/li><li>Convento B<\/li><li>Mosteiro de Fara<\/li><li>Villa Ponam<\/li><li>Pista D&#039;oro<\/li><li>Orfanotrofio Marcigliana<\/li><li>Villa Mario<\/li><li>Manic\u00f3mio psiqui\u00e1trico<\/li><li>Elixir da aldeia perdida<\/li><li>Pequeno Zoo \/ Piccolo Zoo<\/li><li>Escola de gigantes<\/li><li>Villa Status Quo<\/li><li>Ippodromo di Lafuente<\/li><li>Casa Sperimentale<\/li><li>Cinema com est\u00e1tuas<\/li><li>Fabricca SIA<\/li><li>Hotel Bonifacev<\/li><li>Cimenterie Cerrano<\/li><li>Refinaria de zucchero<\/li><li>F\u00e1brica de abbigliamento<\/li><li>Casa Scarpa<\/li><li>Castello dei Ciclopi<\/li><li>Capannone invaso dalla vegetazione<\/li><li>Serre Aurelia 1<\/li><li>Serre Aurelia 2<\/li><li>Col\u00f3nia Pyrgi<\/li><li>Octogono<\/li><li>Mercados centrais com gru<\/li><li>Moulin \u00c0 Huile<\/li><li>Grande Hotel Primus<\/li><li>Eletricidade da Central Hidroel\u00e9trica<\/li><li>F\u00e1brica de medicamentos<\/li><li>Usine Cecconi<\/li><li>Villa su Strada<\/li><li>Piscina branca<\/li><li>Saponificio<\/li><li>Campo Interno<\/li><li>Col\u00f3nia Firenza<\/li><li>F\u00e1brica di Teschi<\/li><li>Hotel Nico<\/li><li>Castelo na floresta<\/li><li>F\u00e1brica Mistral<\/li><li>Ferme Aux Pigeons<\/li><li>Fabricca di Mira<\/li><li>Ex Cartiera AP<\/li><li>Aloggi dei lavoratori<\/li><li>O mosteiro abandonado \u00e0 \u00e1gua<\/li><li>F\u00e1brica Vita<\/li><li>Cartiera e centro de congressos<\/li><li>Aquapark G<\/li><li>Casa Romano<\/li><li>Ru\u00edna da Igreja de Satan\u00e1s<\/li><li>Doppia Fabbrica<\/li><li>Villa non finita<\/li><li>O tempo perdido<\/li><li>Villa Pasa<\/li><li>Vila Vina<\/li><li>Villa Botticelli<\/li><li>Igreja do Parocco<\/li><li>Convento Corridonia<\/li><li>Aquaparc Adri\u00e1tico<\/li><li>Villa Vespa<\/li><li>Villa Dei Volatili<\/li><li>Villa Milanov<\/li><li>Villa Dei Poeti<\/li><li>Igreja dos Anjos<\/li><li>Disco Sophistica<\/li><li>Aliena\u00e7\u00e3o de cal\u00e7ado<\/li><li>Chiesa Verde \/ Chiesa del cane pazzo<\/li><li>A igreja em casa<\/li><li>A igreja rimane<\/li><li>Mosteiro na neve<\/li><li>Disco Frank<\/li><li>Convento di F<\/li><li>Ospedale Gallo<\/li><li>Ristorante Della Nave<\/li><li>L&#039;hotel con 2 torri<\/li><li>Central el\u00e9ctrica V<\/li><li>Central el\u00e9ctrica ENEL<\/li><li>Igreja de A<\/li><li>Villa Palma<\/li><li>La Casa Della Nonna<\/li><li>Villa Compresso<\/li><li>Esta\u00e7\u00e3o Magazzini<\/li><li>A pequena escola de avia\u00e7\u00e3o<\/li><li>Hotel Torre<\/li><li>Convento Verde<\/li><li>Abadia de \u00c2ngelo<\/li><li>F\u00e1brica de polvoras<\/li><li>Igreja rosa verde<\/li><li>Fortezza Ginevra<\/li><li>Aldeia das duas igrejas<\/li><li>Matadouro de pombos<\/li><li>O Burgage perdido<\/li><li>Escola de Biologia<\/li><li>Fabbrica Olio d&#039; Oliva<\/li><li>Villa Agora<\/li><li>Fabbrica la Biancheria Sporca<\/li><li>F\u00e1brica CPT<\/li><li>Villa Coni<\/li><li>Villa Uva<\/li><li>Quinta abandonada<\/li><li>Destilaria Nuova<\/li><li>Tet\u00e2nico<\/li><li>Grego Acquapark<\/li><li>Instituto Psicopedag\u00f3gico<\/li><li>Villa Ferrero<\/li><li>O sole mio<\/li><li>Aldeia rural abandonada<\/li><li>Miragica<\/li><li>Col\u00e9gio Naval<\/li><li>Villa Cerulli Bozzi Corso<\/li><li>Igreja de S\u00e3o Jorge dos Arm\u00e9nios<\/li><li>Sacar<\/li><li>Casa Di Molla<\/li><li>Hotel M<\/li><li>Hotel A<\/li><li>Hotel Dourado<\/li><li>Vila Normanna<\/li><li>Vila Iverna<\/li><li>Piscina crollata<\/li><li>Convento Episcopal<\/li><li>Impianto Chimico<\/li><li>Hotel Piana<\/li><li>Abbandono do terreno<\/li><li>Casa sem acabamentos<\/li><li>L'oliveto<\/li><li>F\u00e1brica de cimento C<\/li><li>O grande site da f\u00e1brica<\/li><li>Os apartamentos n\u00e3o s\u00e3o acabados<\/li><li>L'albergo dei rifiuti \/ O hotel dos res\u00edduos<\/li><li>Casa Avati<\/li><li>F\u00e1brica Visibilidade reduzida<\/li><li>A f\u00e1brica das armas<\/li><li>O apartamento \u00e9 \u00f3timo<\/li><li>Villa Pazza<\/li><li>F\u00e1brica nas estradas<\/li><li>Vila Tocco<\/li><li>Chiessa C<\/li><li>Guardare Attraverso<\/li><li>F\u00e1brica Tetto Ruggine<\/li><li>Villa Inaspettato<\/li><li>Casa Mo<\/li><li>Ruderi C<\/li><li>F\u00e1brica A<\/li><li>Vale dos Moinhos<\/li><li>Casa di Cal<\/li><li>Casa Viti<\/li><li>Vila Provincial<\/li><li>Hotel de la V\u00e9suve<\/li><li>Base Nato<\/li><li>Cidade Fantasma AV<\/li><li>Chiesseta Agreste<\/li><li>Igreja de Santo Ant\u00f3nio<\/li><li>Chiessa Madonna dil Ponte<\/li><li>Igreja do Largo Capuccini<\/li><li>A cidade abandonada, na cidade abandonada<\/li><li>Villas para\u00edso verde<\/li><li>Asilo de mortos-vivos Campania<\/li><li>Prison Break Campania<\/li><li>Piscina Para\u00edso Perdido<\/li><li>Convento medieval<\/li><li>Pal\u00e1cio Ducal<\/li><li>Ancienne Fabrique NSS<\/li><li>Hotel Eremo<\/li><li>Casa Di Spinola<\/li><li>Aldeia perdida Pog<\/li><li>Miniera di solfiti<\/li><li>F\u00e1brica Coso<\/li><li>Castelo Catarina<\/li><li>O Clube do Mar<\/li><li>Ospedale Clearblue<\/li><li>La fattoria dimenticata<\/li><li>Casa Kasko<\/li><li>F\u00e1brica na f\u00e1brica<\/li><li>Rovina della fattoria<\/li><li>Rovina della fattoria 2<\/li><li>A rovina na montanha<\/li><li>Ponte e t\u00fanel de Potter abandonados<\/li><li>Casa Lofaro<\/li><li>O spa em crescimento<\/li><li>Casa da autoestrada<\/li><li>Igreja do Baro<\/li><li>Cord\u00e3o das Ru\u00ednas de Caserma<\/li><li>Grande Hotel Templi<\/li><li>Castello di Somersault<\/li><li>F\u00e1brica Xi&#039;an<\/li><li>Escola de M\u00fasica Negra<\/li><li>Discoteca Divina<\/li><li>Manic\u00f3mio de Racconigi<\/li><li>Ospedale Bargnetta \/ La Bertagnetta<\/li><li>Asilo V<\/li><li>Villa Trendy<\/li><li>Vila Luciano<\/li><li>Ultimo Impero<\/li><li>Instituto Giuseppini<\/li><li>Ospedale della Croce Rossa<\/li><li>Monast\u00e9rio MG<\/li><li>Villa Sottos<\/li><li>Castello Novi<\/li><li>Villa Dante<\/li><li>Chiesa CM<\/li><li>Villa Margherita<\/li><li>Castello di Savi<\/li><li>Villa Corinna<\/li><li>Villa Melano<\/li><li>F\u00e1brica Fantasia<\/li><li>Vila Martiri<\/li><li>Orfanotrofio S<\/li><li>Aldeia perdida de Camillio<\/li><li>Castello Di V<\/li><li>Rovina Nella Foresta<\/li><li>Villa Albero delle Scimmie<\/li><li>Villa Abbettere<\/li><li>F\u00e1brica Grande e Vuoto<\/li><li>Casa Frazione<\/li><li>Vila Lm<\/li><li>Distribuidor de benzina abandonado<\/li><li>F\u00e1brica T<\/li><li>F\u00e1brica Angolo<\/li><li>Igreja da Madre de Deus<\/li><li>F\u00e1brica de cores<\/li><li>Chiesa SC<\/li><li>La Furnasetta<\/li><li>Palazzo L<\/li><li>Passo Dopo Passo<\/li><li>Pal\u00e1cio Oriental Gem<\/li><li>Castello di L<\/li><li>Ectoplasma<\/li><li>Villa Becker<\/li><li>Castello Di Re Claudio<\/li><li>Ospedale Pronto Scorsso<\/li><li>Villa Conchiglia<\/li><li>Cinema Enal<\/li><li>Santu\u00e1rio Bertha Gifford<\/li><li>Villa Donato Bilancia<\/li><li>Castello Mirafiori \/ Castello del Drosso<\/li><li>Vila Grazia<\/li><li>Escola Globe<\/li><li>Preven\u00e7\u00e3o Infantil<\/li><li>Discoteca Cesar Palace<\/li><li>Villa Artom<\/li><li>Escola Tofana<\/li><li>Igreja Bosco<\/li><li>Villa Solita<\/li><li>Villa Flavia<\/li><li>Mans\u00e3o Duchessa<\/li><li>Casa Nella Foresta<\/li><li>Segreti di Cotone \/ La Filature effiloch\u00e9e \/ La filature arlequine<\/li><li>Palazzo Sciure \/ Il Sanatorio Maledetto Di Bioglio<\/li><li>Villa Ron<\/li><li>Villa Rice<\/li><li>Casa di Bambola<\/li><li>Casa Baobicala<\/li><li>Moradia B<\/li><li>Albergo S<\/li><li>Villa del cacciatore<\/li><li>Casa Vara<\/li><li>Ferme Scina<\/li><li>Utiliza\u00e7\u00e3o Produtiva<\/li><li>Igreja de Rhogama<\/li><li>Fattoria Gazzurlo<\/li><li>O Clube Globe<\/li><li>A Mans\u00e3o 8K<\/li><li>Discoteca Aphro<\/li><li>La fattoria in montagna<\/li><li>Casa Ast<\/li><li>A Torre da Igreja de Pisa<\/li><li>Azienda agricola ASL<\/li><li>A Quinta da Chave \/ La fattoria chiave<\/li><li>Villa Mandela<\/li><li>A explora\u00e7\u00e3o nuclear \/ La fattoria nucleare<\/li><li>A igreja bem escondida \/ La chiesa ben nascosta<\/li><li>Os grandes sal\u00f5es de esqueletos \/ Le grandi sale degli scheletri<\/li><li>Casa colonica sulla strada \/ Casa colonica sulla strada<\/li><li>A f\u00e1brica de saxofones \/ La fabbrica di sassofoni<\/li><li>Manic\u00f3mio psiqui\u00e1trico<\/li><li>A casa do lobo do mar<\/li><li>Castelo Kippy<\/li><li>Vila fant\u00e1stica<\/li><li>Hotel Alberghetti<\/li><li>Capela da Villa Durazzo<\/li><li>Igreja Edio<\/li><li>Col\u00f3nia Ant\u00f3nia Devoto<\/li><li>Col\u00f3nia Fara<\/li><li>Manic\u00f3mio de Quarto<\/li><li>Pal\u00e1cio Bordoni<\/li><li>Villa Caelum<\/li><li>Villa Sultana<\/li><li>Villa Zan<\/li><li>Hotel Pigna<\/li><li>Eletricidade central<\/li><li>Hotel Coloniale<\/li><li>Mausol\u00e9u Crespi<\/li><li>Villa Ardesia<\/li><li>Igreja das origens<\/li><li>Ospedale Mediterraneo<\/li><li>Manic\u00f3mio de Cogoleto<\/li><li>Zona de Explora\u00e7\u00e3o Lunar<\/li><li>Villa Puma<\/li><li>Forte C<\/li><li>Forte T<\/li><li>Igreja Branca<\/li><li>Igreja Verde<\/li><li>Fabbrica Sub<\/li><li>Villa Romano<\/li><li>Battaglione Thermes<\/li><li>Antenato di F1<\/li><li>Ristorante dell&#039;aereo<\/li><li>Villa Miari<\/li><li>Isola del Veneto<\/li><li>Discoteca Miro<\/li><li>Villa della Contessa Impazzita<\/li><li>Lancia antigo<\/li><li>Discoteca Madruga<\/li><li>Villa Cabia<\/li><li>Cozinha nobre<\/li><li>Hotel Spa<\/li><li>Chiesa O<\/li><li>Casa Alice \/ Casa Diane<\/li><li>Centro comercial Esso<\/li><li>Moradia Alfred Ogwang<\/li><li>Teatro Evoluzione<\/li><li>Pal\u00e1cio a Sorpresa<\/li><li>Albergo Simpson<\/li><li>Acampamento Hippie<\/li><li>Asilo Granzette<\/li><li>F\u00e1brica Forti<\/li><li>Estocagem Alibaba<\/li><li>F\u00e1brica-cidade<\/li><li>Base missilistica<\/li><li>O grande albergue rico<\/li><li>Hotel Cristallo<\/li><li>Villa Astronomica<\/li><li>Casa com varanda<\/li><li>O Mosteiro do Sol<\/li><li>C\u00fapula autom\u00e1tica<\/li><li>Vida de um M\u00f3naco<\/li><li>Maison De L&#039;Impagliatore<\/li><li>Base do cabo<\/li><li>A f\u00e1brica das tran\u00e7as<\/li><li>F\u00e1brica s<\/li><li>Villa Nebbiosa<\/li><li>Antiga igreja de S\u00e3o Marziala<\/li><li>Casa Malcazine<\/li><li>Villa Reliquia<\/li><li>Cappella nella foresta \/ Cappella Bianchi<\/li><li>F\u00e1brica Branco<\/li><li>Ospedale Al Mare<\/li><li>A rainha da seta<\/li><li>O campo proibido<\/li><li>Caso Nosedo<\/li><li>Moradia Castelnuovo<\/li><li>F\u00e1brica de cantinas sociais<\/li><li>Armaz\u00e9m de p\u00f3lvora abandonado<\/li><li>Fantasmas do Castelo<\/li><li>Kinderheim<\/li><li>Mosteiro de Santa Croce<\/li><li>Estabiliza\u00e7\u00e3o de alum\u00ednio<\/li><li>Albergo Montano<\/li><li>Alojamento com cozinha<\/li><li>Bagni a tre Cime<\/li><li>O gigante dos bosques<\/li><li>A casa divina<\/li><li>A f\u00e1brica de salsichas<\/li><li>Casa Petrol<\/li><li>Hotel Maria Auxi<\/li><li>3 Case sulla roccia<\/li><li>Complexo de baterias<\/li><li>Esta\u00e7\u00e3o de telef\u00e9rico NATO<\/li><li>Villa Gemona<\/li><li>Cacciatori delle Alpi<\/li><li>Sorelle em Miseria<\/li><li>Casa Ikonik<\/li><li>Beleza industrial<\/li><li>Igrejas com m\u00e3os de Deus<\/li><li>Villa Stefani<\/li><li>Ristorante viola<\/li><li>Mina Argentiera<\/li><li>Hotel Eden Beach<\/li><li>Palazzo Palm<\/li><li>Casa do Diretor<\/li><li>Cappella AU<\/li><li>Prigione H29<\/li><li>Casa Cedrino<\/li><li>Sardocalce<\/li><li>F\u00e1brica PT<\/li><li>Casa Angello<\/li><li>Hotel Green Park<\/li><li>Fornace di calce<\/li><li>Hotel C<\/li><li>Villa della contessa<\/li><li>A aldeia das minas<\/li><li>Villaggio Abbandonato A<\/li><li>Complesso turistico<\/li><li>Alojamento no mar<\/li><li>Disco Kiss<\/li><li>F\u00e1brica de cimento Felice<\/li><li>Hospital de Abergo<\/li><li>Hotel Velico<\/li><li>Cementi Alba<\/li><li>Albergo Ferroviario<\/li><li>Energia Disco<\/li><li>Miniera di Frodo<\/li><li>Cartaria Atax<\/li><li>Discoteca dos Sacerdotes<\/li><li>Seggiovia Abbandonata \/ Telef\u00e9rico perdido<\/li><li>Abandonato il mio villaggio<\/li><li>Esta\u00e7\u00e3o de r\u00e1dio da Guerra Fria<\/li><li>Villa Skeleton<\/li><li>Sa\u00edda do hotel<\/li><li>Sanat\u00f3rio Nove<\/li><li>Locomotivas esquecidas<\/li><li>Case a Cupola<\/li><li>Villa Stangoni<\/li><li>Caneca Villa<\/li><li>Grande Clube<\/li><li>Hotel Benve<\/li><li>Central el\u00e9ctrica de Caterina<\/li><li>F\u00e1brica de cal\u00e7ado<\/li><li>Villa Ginestra \/ Villa Idina<\/li><li>Cidade fantasma mineira<\/li><li>Mensa mineraria<\/li><li>Villa Weber<\/li><li>F\u00e1brica de m\u00f3veis<\/li><li>F\u00e1brica do gigante de ferro<\/li><li>Robien Centro Commerciale<\/li><li>F\u00e1brica di Sapone<\/li><li>La Diga Dimenticata<\/li><li>Campo Militar das Lendas \/ Radar da Sardinha<\/li><li>O Clube Desportivo de Montanha<\/li><li>Observat\u00f3rio astron\u00f3mico<\/li><li>Tsunami de discoteca<\/li><li>Ospedale M<\/li><li>Albergo dei birilli<\/li><li>Hotel Capo Taleuda<\/li><li>A mina do t\u00e9cnico<\/li><li>F\u00e1brica Kork<\/li><li>Instituto ENAP<\/li><li>La Colonia nuda<\/li><li>Impianto de tratamento das actas reflue<\/li><li>Esta\u00e7\u00e3o de Molinas<\/li><li>Casa Capo<\/li><li>Vila M<\/li><li>O dormit\u00f3rio da central el\u00e9ctrica<\/li><li>Aldeia do sesso abandonada<\/li><li>L&#039;ultimo piatto<\/li><li>Campo de minera\u00e7\u00e3o<\/li><li>Villa Pietri<\/li><li>Capela Pietri<\/li><li>Latticini U<\/li><li>Aldeia Tropica<\/li><li>Col\u00f3nia dos beb\u00e9s desaparecidos<\/li><li>Pedreira B<\/li><li>A aldeia na praia<\/li><li>A Casa Fantasma Diga<\/li><li>Caserma L<\/li><li>Os casos da central el\u00e9ctrica<\/li><li>O vecchio villaggio militare<\/li><li>Col\u00f3nia de cavalos do rei<\/li><li>A antiga pizzaria<\/li><li>A zona mineira abandonada<\/li><li>Campo Polv<\/li><li>Usine Picci<\/li><li>Miniera Sed<\/li><li>As ru\u00ednas de uma pequena cidade<\/li><li>Aldeia do Telhado Desaparecido<\/li><li>Est\u00e1dio reformado \/ Stadio in pensione<\/li><li>Sanat\u00f3rio Fantasmo<\/li><li>5 in a row \/ 5 di fila<\/li><li>Ponte do terramoto \/ Ponte del terremoto<\/li><li>Villa Falcone<\/li><li>Discoteca Otto<\/li><li>Escola invasa SL<\/li><li>Casa dos Tr\u00eas Pilares<\/li><li>O velho bar nos campos<\/li><li>Fornos romanos<\/li><li>Quinta das \u00e1rvores Oreda<\/li><li>Apenas as belas partilhas<\/li><li>Sala delle Macchine<\/li><li>Todo o incrocio<\/li><li>As rochas na colina<\/li><li>Mans\u00e3o Conte di Cavour<\/li><li>F\u00e1brica d'argento<\/li><li>Casa sforzo finale<\/li><li>Capela Azul<\/li><li>Grand Hotel et de Milan<\/li><li>Preventorio di R<\/li><li>Torre Oculus<\/li><li>Vila L<\/li><li>Villa V<\/li><li>Acquazzurra Parco<\/li><li>Villa Prati<\/li><li>Discoteca Topkapi<\/li><li>Vila Buenos Airos<\/li><li>Discoteca Quaresimo<\/li><li>Carcere Maria<\/li><li>F\u00e1brica Zincata<\/li><li>Villa Infestato<\/li><li>Asilo Aguscello<\/li><li>Parque industrial<\/li><li>Escola Mezzo<\/li><li>Cinema da Embaixada<\/li><li>Sanat\u00f3rio Catone<\/li><li>Cl\u00ednica Bereta<\/li><li>Funivia<\/li><li>F\u00e1brica gigante<\/li><li>F\u00e1brica Gezani<\/li><li>Universidade de Casalec<\/li><li>Hotel Olmatello<\/li><li>Cartiera ER<\/li><li>Discoteca Pica-pau<\/li><li>Villa Ferri<\/li><li>Est\u00e1tua de Villa Delle<\/li><li>Villa Alessia<\/li><li>Capella Novi<\/li><li>Villa Voleno<\/li><li>Hotel Gabriele<\/li><li>Hotel a 5 Stelle<\/li><li>Teatro C<\/li><li>A escola de Frankenstein \/ Scoula de Manequies<\/li><li>Villa Zodiaco<\/li><li>Palazzo dei dieci pianoforti \/ Villa 10 Pianos (s\u00f3 com autoriza\u00e7\u00e3o)<\/li><li>Ex Manicomio Di Colorno<\/li><li>Disco Diana<\/li><li>Escola Dimenticata<\/li><li>La Casa Gialla<\/li><li>Villa del Cavallo<\/li><li>F\u00e1brica Gorizia<\/li><li>Casa do artista<\/li><li>Igreja Giuseppe e Maria<\/li><li>Villa Arcobaleno<\/li><li>La villa della Volpe \/ Casa Della Volpe<\/li><li>Igreja de Rigo<\/li><li>Villa Catini<\/li><li>Cinema Novo<\/li><li>Igreja do Monte Cavalloro<\/li><li>Villa del cavaliere \/ Villa Vorkona<\/li><li>Villa Jumanji<\/li><li>Naufr\u00e1gios russos<\/li><li>Batimento Z<\/li><li>Silo Cereali<\/li><li>Maxio Fridgeria<\/li><li>Casa Santa Claus<\/li><li>Casa do Relato<\/li><li>Casa rosso edera<\/li><li>La Casa alla stazione<\/li><li>F\u00e1brica de a\u00e7\u00facar E<\/li><li>Casa Maria<\/li><li>La comunit\u00e0 abbandonata \/ A comunidade abandonada<\/li><li>Base militare in citt\u00e0 \/ Base do ex\u00e9rcito na cidade<\/li><li>La casa stregata \/ A casa assombrada<\/li><li>Casa con fienile pianeggiante \/ Casa com celeiro plano<\/li><li>La possente Villa \/ A poderosa Villa<\/li><li>La fattoria e la cappella \/ A quinta e a capela<\/li><li>Fattoria Storica \/ Quinta hist\u00f3rica<\/li><li>Mais uma quinta em ru\u00ednas \/ Un'altra fattoria fatiscente<\/li><li>Vecchia purificazione dell'acqua \/ Antiga purifica\u00e7\u00e3o da \u00e1gua<\/li><li>La piccola stazione \/ A pequena esta\u00e7\u00e3o<\/li><li>La ristrutturazione fallita \/ A renova\u00e7\u00e3o falhada<\/li><li>Il rifugio per cani abbandonati \/ O abrigo para c\u00e3es abandonados<\/li><li>Palacia Casino<\/li><li>Hotel Thermale<\/li><li>Fattoria in pista \/ Explora\u00e7\u00e3o agr\u00edcola no caminho de ferro<\/li><li>Piscina sulla spiaggia \/ Piscina na praia<\/li><li>Fabbrica dell'aviazione \/ F\u00e1brica de avia\u00e7\u00e3o<\/li><li>La casa fantasma \/ A casa fantasma<\/li><li>Villa Animali \/ Villa Animais<\/li><li>A casa dos mortos<\/li><li>Mans\u00e3o Ulisse<\/li><li>Casa em rovina<\/li><li>Pequeno castelo abandonado<\/li><li>A igreja mais bonita<\/li><li>F\u00e1brica Mattei<\/li><li>Igreja \u00edcone<\/li><li>Cimit\u00e9rio parrocchial<\/li><li>Casa invasa dalla vegetazione<\/li><li>Villa Maz<\/li><li>Manic\u00f3mio de Volterra<\/li><li>Terme Del Corallo<\/li><li>Sanat\u00f3rio L\u00facia<\/li><li>Villa Viale<\/li><li>Zebra da Esta\u00e7\u00e3o de Gelo<\/li><li>Villa EB<\/li><li>Hotel Zano<\/li><li>Anivers\u00e1rio de Zano<\/li><li>Villa GM<\/li><li>Discoteca Ozgur Dengiz<\/li><li>Villa Sbertoli<\/li><li>Sanat\u00f3rio Bellavista<\/li><li>Borgo di Villa S Aldeia Perdida<\/li><li>Piscina na Selva<\/li><li>Villa Delle Virtu<\/li><li>Casa Della Nonna<\/li><li>Villa Condom<\/li><li>Estufa Steampunk<\/li><li>Villa Del Dottore LG<\/li><li>Villa Canneto<\/li><li>Villa del Farmacista<\/li><li>Resid\u00eancia senhorial<\/li><li>Villa delle statue<\/li><li>Casa Solit\u00e1ria<\/li><li>Convento delle monache felice<\/li><li>Instituto Salesiano<\/li><li>Hospital Verde \/ Colosso Grigio<\/li><li>La Serra Thermale \/ Bagno Thermale<\/li><li>Capela M<\/li><li>O saco de banho abandonado<\/li><li>GP de Spa<\/li><li>Castello Zano \/ Non Plus Ultra<\/li><li>Mosteiro de Tassa<\/li><li>Villa Pappagaio<\/li><li>Villa Carduci<\/li><li>Escola Giovanni<\/li><li>Castelo de Montepescini<\/li><li>Utiliza\u00e7\u00e3o de equipamentos<\/li><li>Villa della carrozzina \/ Villa della Resistenza<\/li><li>O castelo sem rei no bairro de Nessuno<\/li><li>Therme BG<\/li><li>Casas Gialla Infestata<\/li><li>Villa Mirabella<\/li><li>Al Trotto Ippodromo<\/li><li>Incubo na cozinha<\/li><li>Villa Hansel &amp; Gretel<\/li><li>Poeira estelar<\/li><li>Planta de cer\u00e2mica<\/li><li>Hotel Madonna<\/li><li>Hotel Eagle<\/li><li>Casa di Rosa<\/li><li>Vecchio e ruggine<\/li><li>Rosso Chimico<\/li><li>Casa da ferrovia<\/li><li>Fornalha na floresta<\/li><li>Mercado da selva<\/li><li>Brilho de f\u00e1brica<\/li><li>Forte PR<\/li><li>Fattoria Didi<\/li><li>Igreja de Santa Maria<\/li><li>Gronel\u00e2ndia<\/li><li>Laborat\u00f3rio do Homem<\/li><li>Manic\u00f3mio de Mombello<\/li><li>Orfanato Mono<\/li><li>Villa Camilla<\/li><li>Vila Mira<\/li><li>Parque da Rep\u00fablica<\/li><li>Centro Comercial Milano<\/li><li>Cidade Fantasma<\/li><li>Grand Hotel P \/ Campo Estivo<\/li><li>Villa Di Vecchi<\/li><li>Discoteca Xo<\/li><li>Villa R Spazio<\/li><li>Impianto Idroelettrico<\/li><li>Sanat\u00f3rio Divo Carolo Dicatum<\/li><li>Palazzo D'Oro \/ Villa Gold<\/li><li>Castello Sorpresa<\/li><li>Teatro Politeama<\/li><li>Villa Delle Cennere<\/li><li>Igreja das Galinhas<\/li><li>Villa di Vetro<\/li><li>Pal\u00e1cio do Alquimista<\/li><li>Palazzo Piccione \/ Villa Pittore \/ Villa Madame Bovary<\/li><li>Centro Comercial Pyramid<\/li><li>Villa Micia<\/li><li>Ir para o helic\u00f3ptero<\/li><li>Autocarros pequenos e autom\u00f3veis pequenos<\/li><li>Villa Redentore \/ Palazzo Conte V<\/li><li>Vila Targaryen<\/li><li>Castello del Pittore<\/li><li>Villa Fattore<\/li><li>Miniera T \/ Fluorietmijn<\/li><li>Villa Weiss<\/li><li>Maison Grifiando<\/li><li>Ferme Rosto<\/li><li>Villa Exelia<\/li><li>Usine Nozo<\/li><li>Cinema Rose<\/li><li>A Villa dell'amore com a f\u00e1brica<\/li><li>Casa Bionda<\/li><li>Casa da usura<\/li><li>F\u00e1brica autossuficiente<\/li><li>Piatto Architettura Brutalista<\/li><li>Villa Glicine<\/li><li>Villa Monticel<\/li><li>Villa Giovanni<\/li><li>A casa Bambini<\/li><li>Fabricca 27<\/li><li>La Villa della Notte<\/li><li>Castello Del Oasi<\/li><li>La Scuola della Paura<\/li><li>Pub para cima e para baixo<\/li><li>Igreja com corti\u00e7o e jardim<\/li><li>Villa Verderio<\/li><li>A grande f\u00e1brica de cart\u00f5es<\/li><\/ul><\/p>","protected":false},"excerpt":{"rendered":"<p>Este mapa urbex fornece-lhe todos os locais de explora\u00e7\u00e3o urbana (urbex) em<strong> It\u00e1lia, Todas as regi\u00f5es.<\/strong> Este mapa de lugares perdidos permanecer\u00e1 atualizado e acess\u00edvel durante, pelo menos, 365 dias ap\u00f3s a compra.<\/p>\n<p>Este mapa tem atualmente 702 dos locais de explora\u00e7\u00e3o urbana mais exclusivos de It\u00e1lia: Todas as regi\u00f5es e \u00e9 acess\u00edvel a partir de qualquer lugar com o nosso mapa f\u00e1cil de utilizar<strong>.<\/p>\n<p><\/strong><strong>Se j\u00e1 tem este pacote, pode aceder-lhe atrav\u00e9s de <a href=\"\/pt\/a-minha-conta\/area-de-membros\/43905\/o-meu-conteudo-de-membro\/\">Os meus mapas &gt; Ver.<\/a><\/strong><strong><\/p>\n<p><\/strong><a href=\"#tab-description\">Lista de todas as localiza\u00e7\u00f5es Urbex neste mapa.<\/a><\/p>","protected":false},"featured_media":48125,"template":"","meta":[],"product_brand":[],"product_cat":[243,322,1137],"product_tag":[],"class_list":{"0":"post-43519","1":"product","2":"type-product","3":"status-publish","4":"has-post-thumbnail","6":"product_cat-italy","7":"product_cat-location-packs","8":"product_cat-maps-italy","10":"first","11":"instock","12":"taxable","13":"shipping-taxable","14":"purchasable","15":"product-type-variable"},"jetpack_sharing_enabled":true,"_links":{"self":[{"href":"https:\/\/urbex.direct\/pt\/wp-json\/wp\/v2\/product\/43519","targetHints":{"allow":["GET"]}}],"collection":[{"href":"https:\/\/urbex.direct\/pt\/wp-json\/wp\/v2\/product"}],"about":[{"href":"https:\/\/urbex.direct\/pt\/wp-json\/wp\/v2\/types\/product"}],"wp:featuredmedia":[{"embeddable":true,"href":"https:\/\/urbex.direct\/pt\/wp-json\/wp\/v2\/media\/48125"}],"wp:attachment":[{"href":"https:\/\/urbex.direct\/pt\/wp-json\/wp\/v2\/media?parent=43519"}],"wp:term":[{"taxonomy":"product_brand","embeddable":true,"href":"https:\/\/urbex.direct\/pt\/wp-json\/wp\/v2\/product_brand?post=43519"},{"taxonomy":"product_cat","embeddable":true,"href":"https:\/\/urbex.direct\/pt\/wp-json\/wp\/v2\/product_cat?post=43519"},{"taxonomy":"product_tag","embeddable":true,"href":"https:\/\/urbex.direct\/pt\/wp-json\/wp\/v2\/product_tag?post=43519"}],"curies":[{"name":"wp","href":"https:\/\/api.w.org\/{rel}","templated":true}]}}