{"id":43323,"date":"2022-07-05T19:25:47","date_gmt":"2022-07-05T18:25:47","guid":{"rendered":"https:\/\/urbex.direct\/product\/das-ehemalige-suchtklinik\/"},"modified":"2026-04-03T17:48:32","modified_gmt":"2026-04-03T16:48:32","slug":"das-ehemalige-suchtklinik","status":"publish","type":"product","link":"https:\/\/urbex.direct\/pt\/product\/das-ehemalige-suchtklinik\/","title":{"rendered":"A cl\u00ednica de reabilita\u00e7\u00e3o de idosos"},"content":{"rendered":"","protected":false},"excerpt":{"rendered":"","protected":false},"featured_media":43322,"template":"","meta":[],"product_brand":[],"product_cat":[210,218],"product_tag":[],"class_list":{"0":"post-43323","1":"product","2":"type-product","3":"status-publish","4":"has-post-thumbnail","6":"product_cat-germany","7":"product_cat-north-rhine-westphalia","9":"first","10":"instock","11":"downloadable","12":"taxable","13":"shipping-taxable","14":"purchasable","15":"product-type-simple"},"jetpack_sharing_enabled":true,"_links":{"self":[{"href":"https:\/\/urbex.direct\/pt\/wp-json\/wp\/v2\/product\/43323","targetHints":{"allow":["GET"]}}],"collection":[{"href":"https:\/\/urbex.direct\/pt\/wp-json\/wp\/v2\/product"}],"about":[{"href":"https:\/\/urbex.direct\/pt\/wp-json\/wp\/v2\/types\/product"}],"wp:featuredmedia":[{"embeddable":true,"href":"https:\/\/urbex.direct\/pt\/wp-json\/wp\/v2\/media\/43322"}],"wp:attachment":[{"href":"https:\/\/urbex.direct\/pt\/wp-json\/wp\/v2\/media?parent=43323"}],"wp:term":[{"taxonomy":"product_brand","embeddable":true,"href":"https:\/\/urbex.direct\/pt\/wp-json\/wp\/v2\/product_brand?post=43323"},{"taxonomy":"product_cat","embeddable":true,"href":"https:\/\/urbex.direct\/pt\/wp-json\/wp\/v2\/product_cat?post=43323"},{"taxonomy":"product_tag","embeddable":true,"href":"https:\/\/urbex.direct\/pt\/wp-json\/wp\/v2\/product_tag?post=43323"}],"curies":[{"name":"wp","href":"https:\/\/api.w.org\/{rel}","templated":true}]}}