{"id":40882,"date":"2022-02-15T21:06:07","date_gmt":"2022-02-15T21:06:07","guid":{"rendered":"https:\/\/urbex.direct\/product\/usine-de-1932\/"},"modified":"2023-11-06T15:09:44","modified_gmt":"2023-11-06T15:09:44","slug":"usine-de-1932","status":"publish","type":"product","link":"https:\/\/urbex.direct\/pt\/product\/usine-de-1932\/","title":{"rendered":"Utiliza\u00e7\u00e3o de 1932"},"content":{"rendered":"","protected":false},"excerpt":{"rendered":"<p>Um lado do edif\u00edcio est\u00e1 abandonado, o outro lado est\u00e1 a ser utilizado,<\/p>","protected":false},"featured_media":49884,"template":"","meta":[],"product_brand":[],"product_cat":[226,232,1053],"product_tag":[],"class_list":{"0":"post-40882","1":"product","2":"type-product","3":"status-publish","4":"has-post-thumbnail","6":"product_cat-france","7":"product_cat-hauts-de-france","8":"product_cat-nord-59","10":"first","11":"instock","12":"downloadable","13":"taxable","14":"shipping-taxable","15":"purchasable","16":"product-type-simple"},"jetpack_sharing_enabled":true,"_links":{"self":[{"href":"https:\/\/urbex.direct\/pt\/wp-json\/wp\/v2\/product\/40882","targetHints":{"allow":["GET"]}}],"collection":[{"href":"https:\/\/urbex.direct\/pt\/wp-json\/wp\/v2\/product"}],"about":[{"href":"https:\/\/urbex.direct\/pt\/wp-json\/wp\/v2\/types\/product"}],"wp:featuredmedia":[{"embeddable":true,"href":"https:\/\/urbex.direct\/pt\/wp-json\/wp\/v2\/media\/49884"}],"wp:attachment":[{"href":"https:\/\/urbex.direct\/pt\/wp-json\/wp\/v2\/media?parent=40882"}],"wp:term":[{"taxonomy":"product_brand","embeddable":true,"href":"https:\/\/urbex.direct\/pt\/wp-json\/wp\/v2\/product_brand?post=40882"},{"taxonomy":"product_cat","embeddable":true,"href":"https:\/\/urbex.direct\/pt\/wp-json\/wp\/v2\/product_cat?post=40882"},{"taxonomy":"product_tag","embeddable":true,"href":"https:\/\/urbex.direct\/pt\/wp-json\/wp\/v2\/product_tag?post=40882"}],"curies":[{"name":"wp","href":"https:\/\/api.w.org\/{rel}","templated":true}]}}