{"id":37585,"date":"2021-12-19T16:45:37","date_gmt":"2021-12-19T16:45:37","guid":{"rendered":"https:\/\/urbex.direct\/?post_type=product&#038;p=37585"},"modified":"2025-05-27T19:43:58","modified_gmt":"2025-05-27T18:43:58","slug":"mapa-de-localizacao-fr-bretagne","status":"publish","type":"product","link":"https:\/\/urbex.direct\/pt\/product\/location-map-fr-bretagne\/","title":{"rendered":"Urbex Map France: Bretagne (Acesso por 1 ou 2 anos)"},"content":{"rendered":"<p>Este mapa cont\u00e9m as seguintes localiza\u00e7\u00f5es:<\/p>\n\n\n\n<ul><li>L&#039;antiga casa de repouso<\/li><li>Clube de squash<\/li><li>Restaurante do Relais<\/li><li>Centro Espacial da Bretanha<\/li><li>Castelo Morgane<\/li><li>Central el\u00e9ctrica de Totem<\/li><li>Escola do Moulin<\/li><li>Manoir Pegasus<\/li><li>Clube Forestier<\/li><li>Centro Cultural<\/li><li>Manoir K Braz \/ A Mans\u00e3o K Braz<\/li><li>Maison Seaview \/ Maison Chalkie<\/li><li>Maison Hantee Ros<\/li><li>As casas da sua carreira \/ Maison Pommerit<\/li><li>Manoir Raveparty \/ Manoir Kermar<\/li><li>Maison Misere \/ Maison Plem<\/li><li>Bar Le Colombo<\/li><li>Hotel Bon repos<\/li><li>Mini Gare Tuber<\/li><li>Casa do Capit\u00e3o<\/li><li>Garagem e esta\u00e7\u00e3o de bombagem<\/li><li>Manoir Rave Party 2<\/li><li>Centro Aeree plouf<\/li><li>Castelo Ilan<\/li><li>Ferme de Sable<\/li><li>Sanat\u00f3rio Dangih \/ Huelgoat<\/li><li>Reparador de autom\u00f3veis<\/li><li>Chateau Gargouilles<\/li><li>Parque Jurastel<\/li><li>Pris\u00e3o de Pontaniou Fran\u00e7a<\/li><li>Casa do arquiteto<\/li><li>Hotel Beausejour<\/li><li>Navios fantasma<\/li><li>O Cimetiere de Bateaux<\/li><li>Casa de campo Roz Trefeux<\/li><li>Ch\u00e2teau Jaycee Dugard \/ Castelo Jaycee Dugard<\/li><li>Escola Papa Denke<\/li><li>Convento das Necessidades<\/li><li>Maison Folles<\/li><li>Sanat\u00f3rios grand air<\/li><li>Casa do Demolidor<\/li><li>Castelo dos Druidas<\/li><li>Mal de resid\u00eancia<\/li><li>Maison Derniere Danse<\/li><li>F\u00e1brica na praia<\/li><li>Casa do ingl\u00eas na floresta<\/li><li>Maison vide pontla<\/li><li>Destro\u00e7os verdes<\/li><li>Muitos Fortes com um tanque 1<\/li><li>Muitos Fortes com um tanque 2<\/li><li>Muitos Fortes com um tanque 3 - O Tanque<\/li><li>Muitos Fortes com um tanque 4<\/li><li>Muitos Fortes com um tanque 5<\/li><li>Muitos Fortes com um tanque 6<\/li><li>Muitos Fortes com um tanque 7<\/li><li>20 anos de naufr\u00e1gios<\/li><li>Maison Palm<\/li><li>Bateaux oubli\u00e9s<\/li><li>Os Naufr\u00e1gios Vermelhos \/ The two survivors \/ Les deux survivants<\/li><li>Zoo Perdue<\/li><li>Ecurie du moulin<\/li><li>Casa perdida na natureza<\/li><li>Chateau Panda<\/li><li>Casa do Cura<\/li><li>Ch\u00e2teau Bicolore<\/li><li>Campo de f\u00e9rias para crian\u00e7as<\/li><li>Cemit\u00e9rio de autocarros \/ Cimentiere de bus<\/li><li>Castelo Tasher \/ Castelo T-Rex<\/li><li>Castelo do Marais<\/li><li>Maison autre monde \/ Maison Nonais<\/li><li>Maison Verdaulais<\/li><li>Cimeti\u00e8re de Bateaux<\/li><li>Escola Pierre<\/li><li>Matadouros<\/li><li>Moulin du marais<\/li><li>Castelo Brel<\/li><li>Barques d\u00e9barquement<\/li><li>Castelo Illuminati<\/li><li>Maison Onyx<\/li><li>Maison Symphonique<\/li><li>A grande quinta das fadas \/ La grande ferme des f\u00e9es<\/li><li>Cemit\u00e9rio de destro\u00e7os de navios<\/li><li>Manoir Yves Dandonneau \/ Mans\u00e3o Yves Dandonneau<\/li><li>Ch\u00e2teau Sequoia<\/li><li>Clinique SC<\/li><li>Maison de Lac<\/li><li>Cimeti\u00e8re de Bateaux Rivi\u00e8re<\/li><li>Jardin Aux Papillons \/ O jardim das borboletas<\/li><li>Outro navio naufraga no cemit\u00e9rio<\/li><li>Destro\u00e7os de esqueletos<\/li><li>O parque e\u00f3lico<\/li><li>Casa e igreja abandonadas<\/li><li>Casas de f\u00e9rias \u00e0 beira do lago<\/li><li>Maison Tourelle Nord<\/li><li>Base Fluvial<\/li><li>Manoir Piano 56<\/li><\/ul>","protected":false},"excerpt":{"rendered":"<p>Este mapa urbex fornece-lhe todos os locais de explora\u00e7\u00e3o urbana (urbex) em<strong> Fran\u00e7a, Bretanha.<\/strong> Este mapa de lugares perdidos permanecer\u00e1 atualizado e acess\u00edvel durante, pelo menos, 365 dias ap\u00f3s a compra.<\/p>\n<p>Este mapa tem atualmente 96 dos locais de explora\u00e7\u00e3o urbana mais exclusivos em Fran\u00e7a e na Bretanha e \u00e9 acess\u00edvel a partir de qualquer lugar com o nosso mapa f\u00e1cil de utilizar<strong>.<\/p>\n<p><\/strong><strong>Se j\u00e1 tem este pacote, pode aceder-lhe atrav\u00e9s de <a href=\"\/pt\/a-minha-conta\/area-de-membros\/43905\/o-meu-conteudo-de-membro\/\">Os meus mapas &gt; Ver.<\/a><\/strong><strong><\/p>\n<p><\/strong><a href=\"#tab-description\">Lista de todas as localiza\u00e7\u00f5es Urbex neste mapa.<\/a><\/p>","protected":false},"featured_media":48145,"template":"","meta":[],"product_brand":[],"product_cat":[229,226,322,1339,1135],"product_tag":[323],"class_list":{"0":"post-37585","1":"product","2":"type-product","3":"status-publish","4":"has-post-thumbnail","6":"product_cat-bretagne","7":"product_cat-france","8":"product_cat-location-packs","9":"product_cat-maps-bretagne","10":"product_cat-maps-france","11":"product_tag-locationpack","13":"first","14":"instock","15":"taxable","16":"shipping-taxable","17":"purchasable","18":"product-type-variable"},"jetpack_sharing_enabled":true,"_links":{"self":[{"href":"https:\/\/urbex.direct\/pt\/wp-json\/wp\/v2\/product\/37585","targetHints":{"allow":["GET"]}}],"collection":[{"href":"https:\/\/urbex.direct\/pt\/wp-json\/wp\/v2\/product"}],"about":[{"href":"https:\/\/urbex.direct\/pt\/wp-json\/wp\/v2\/types\/product"}],"wp:featuredmedia":[{"embeddable":true,"href":"https:\/\/urbex.direct\/pt\/wp-json\/wp\/v2\/media\/48145"}],"wp:attachment":[{"href":"https:\/\/urbex.direct\/pt\/wp-json\/wp\/v2\/media?parent=37585"}],"wp:term":[{"taxonomy":"product_brand","embeddable":true,"href":"https:\/\/urbex.direct\/pt\/wp-json\/wp\/v2\/product_brand?post=37585"},{"taxonomy":"product_cat","embeddable":true,"href":"https:\/\/urbex.direct\/pt\/wp-json\/wp\/v2\/product_cat?post=37585"},{"taxonomy":"product_tag","embeddable":true,"href":"https:\/\/urbex.direct\/pt\/wp-json\/wp\/v2\/product_tag?post=37585"}],"curies":[{"name":"wp","href":"https:\/\/api.w.org\/{rel}","templated":true}]}}