{"id":37577,"date":"2021-12-19T16:38:28","date_gmt":"2021-12-19T16:38:28","guid":{"rendered":"https:\/\/urbex.direct\/?post_type=product&#038;p=37577"},"modified":"2025-05-27T19:41:54","modified_gmt":"2025-05-27T18:41:54","slug":"mapa-de-localizacao-fr-bourgogne-franche-comte","status":"publish","type":"product","link":"https:\/\/urbex.direct\/pt\/product\/location-map-fr-bourgogne-franche-comte\/","title":{"rendered":"Urbex Map France, Bourgogne-Franche-Comt\u00e9 (Acesso por 1 ou 2 anos)"},"content":{"rendered":"<p>Este mapa cont\u00e9m as seguintes localiza\u00e7\u00f5es:<\/p>\n\n\n\n<ul><li>Villa Anjo Perdido Ch\u00e2teau Marianne Maison Roland Moog<\/li><li>Gallias Oppidum<\/li><li>Maison Piscine<\/li><li>Maison des Poupees 2.0<\/li><li>Antiga igreja e seu atelier<\/li><li>Hopital des Cygnes \/ Hopital Fonfdon<\/li><li>Manoir Ludy<\/li><li>Piscina Boite de Nuit<\/li><li>Centro CFA \/ Forma\u00e7\u00e3o Agr\u00edcola<\/li><li>Estabelecimento de forma\u00e7\u00e3o<\/li><li>Clube de emboscada<\/li><li>Cimentiere de Tracteurs \/ Tractores ferrugentos<\/li><li>Moradia de sonho em bet\u00e3o<\/li><li>Usine Car \/ Factory Berte<\/li><li>La Ferme du chasseur<\/li><li>Maison Fox<\/li><li>Hotel Christine<\/li><li>F\u00e1brica Marcel Besson<\/li><li>Forte M<\/li><li>Ch\u00e2teau de la duchesse Brigitte<\/li><li>Casa do Bem<\/li><li>O Castelo de la Vierge<\/li><li>Maison Vert<\/li><li>Maison Dans Les Orties<\/li><li>Arque\u00f3dromo<\/li><li>Maison aux Jouets<\/li><li>Usine la Roche<\/li><li>Casa e Ci\u00eancia<\/li><li>Casa do tesoureiro<\/li><li>Maison Puzzlegame<\/li><li>Maison Sans dessus dessous<\/li><li>Castelo Larrey<\/li><li>Casa grin\u00e7ante<\/li><li>Castelo Romeu e Julieta<\/li><li>O Cimeti\u00e8re de voitures de l'infirme<\/li><li>Hospital de la vierge<\/li><li>Maison Comerciante de autom\u00f3veis<\/li><li>Resevoir a Gorilles<\/li><li>Uso de Carpintaria<\/li><li>Ford Segundo<\/li><li>Maison Pierre Blanche<\/li><li>Restaurante du pique<\/li><li>Village des Templier \/ Ch\u00e2teau belle au bois dormant<\/li><li>Ferme Risoux<\/li><li>Labirinto de vozes<\/li><li>Le Moulin Vehicule Et Machine \/ Moulin Vieilles voitures<\/li><li>Escola Evang\u00e9lica<\/li><li>Carri\u00e8re WC<\/li><li>Hotel do Lago<\/li><li>Resto Truckstop<\/li><li>Maison De La Veuve Brulee<\/li><li>Forte Militaire<\/li><li>Castelo Secreto<\/li><li>Ferme Diogene<\/li><li>Ch\u00e2teau Solucamphre<\/li><li>Manoir des Biches<\/li><li>Paranormal CNRS<\/li><li>Usine Mergine<\/li><li>Comiss\u00e1rio de Curso<\/li><li>Casa dos Crentes<\/li><li>Maison Papy et Mamie 1969<\/li><li>Hotel de la R\u00e9sistance<\/li><li>Escola de Enfermagem<\/li><li>Maison rasoir<\/li><li>Maison Bertin<\/li><li>Maison Errante<\/li><li>Maison Sour<\/li><li>Minigolfe esquecido<\/li><li>Cinema REX<\/li><li>Ch\u00e2teau Karine Torchi<\/li><li>Quarto D&#039;Agry<\/li><li>C\u00e2mara dos Of\u00edcios<\/li><li>L'Hostellerie<\/li><li>Maison Pauvre<\/li><li>Viagem simples<\/li><li>Esqueleto de clube<\/li><li>Cimeira de autom\u00f3veis<\/li><li>Ferme Des Templiers<\/li><li>Garagem Poussette<\/li><li>Maison Faucheuse<\/li><li>Chateau MB<\/li><li>Barcos e ve\u00edculos<\/li><li>Cimeti\u00e8re des Faons<\/li><li>Hotel du Parc<\/li><li>Ch\u00e2teau Porcelaine \/ Manoir Porcelaine<\/li><li>Casa de f\u00e9rias por conta de outrem<\/li><li>Maison Simple<\/li><li>Comboios Multicolores<\/li><li>Ferme Ingalls<\/li><li>Os t\u00famulos antigos<\/li><li>Ci\u00eancia D<\/li><li>Maison Vroom \/ Maison Dreamcatcher<\/li><li>Maison Pellerat<\/li><li>Ch\u00e2teau du Pilote \/ Castelo do Piloto<\/li><li>A fazenda do tapeceiro<\/li><li>O hotel no centro de viagens<\/li><li>Manoir d'Art<\/li><li>Ch\u00e2teau Billard<\/li><li>Capela dos Mortos<\/li><li>Central El\u00e9ctrica Gigantesca<\/li><li>Maison du Mal<\/li><li>Comboio da floresta<\/li><li>Casa dos Poirieres<\/li><li>Capela dos antigos padres<\/li><li>Maison Cabanon<\/li><li>Laverie \u00e0 Charbon C<\/li><li>Chateau Bleuet<\/li><li>Manoir Mandragore<\/li><li>Maison Rivi\u00e8re Duplo<\/li><li>Chateau du Val S<\/li><li>Casa do Castelo G<\/li><li>Maison Gouffy<\/li><li>Capela e castelo de Ermitage<\/li><li>A casa faz a moeda<\/li><li>Casernes du Roman<\/li><li>Usine H<\/li><\/ul>","protected":false},"excerpt":{"rendered":"<p>Este mapa urbex fornece-lhe todos os locais de explora\u00e7\u00e3o urbana (urbex) em<strong> Fran\u00e7a, Bourgogne-Franche-Comt\u00e9.<\/strong> Este mapa de lugares perdidos permanecer\u00e1 atualizado e acess\u00edvel durante, pelo menos, 365 dias ap\u00f3s a compra.<\/p>\n<p>This map has currently 116 of the most unique urban exploring locations in France, Bourgogne-Franche-Comt\u00e9 and is accessible from anywhere with our easy to use map<strong>.<\/p>\n<p><\/strong><strong>Se j\u00e1 tem este pacote, pode aceder-lhe atrav\u00e9s de <a href=\"\/pt\/a-minha-conta\/area-de-membros\/43905\/o-meu-conteudo-de-membro\/\">Os meus mapas &gt; Ver.<\/a><\/strong><strong><\/p>\n<p><\/strong><a href=\"#tab-description\">Lista de todas as localiza\u00e7\u00f5es Urbex neste mapa.<\/a><\/p>","protected":false},"featured_media":48146,"template":"","meta":[],"product_brand":[],"product_cat":[228,226,322,1338,1135],"product_tag":[323],"class_list":{"0":"post-37577","1":"product","2":"type-product","3":"status-publish","4":"has-post-thumbnail","6":"product_cat-bourgogne-franche-comte","7":"product_cat-france","8":"product_cat-location-packs","9":"product_cat-maps-bourgogne-franche-comte","10":"product_cat-maps-france","11":"product_tag-locationpack","13":"first","14":"instock","15":"taxable","16":"shipping-taxable","17":"purchasable","18":"product-type-variable"},"jetpack_sharing_enabled":true,"_links":{"self":[{"href":"https:\/\/urbex.direct\/pt\/wp-json\/wp\/v2\/product\/37577","targetHints":{"allow":["GET"]}}],"collection":[{"href":"https:\/\/urbex.direct\/pt\/wp-json\/wp\/v2\/product"}],"about":[{"href":"https:\/\/urbex.direct\/pt\/wp-json\/wp\/v2\/types\/product"}],"wp:featuredmedia":[{"embeddable":true,"href":"https:\/\/urbex.direct\/pt\/wp-json\/wp\/v2\/media\/48146"}],"wp:attachment":[{"href":"https:\/\/urbex.direct\/pt\/wp-json\/wp\/v2\/media?parent=37577"}],"wp:term":[{"taxonomy":"product_brand","embeddable":true,"href":"https:\/\/urbex.direct\/pt\/wp-json\/wp\/v2\/product_brand?post=37577"},{"taxonomy":"product_cat","embeddable":true,"href":"https:\/\/urbex.direct\/pt\/wp-json\/wp\/v2\/product_cat?post=37577"},{"taxonomy":"product_tag","embeddable":true,"href":"https:\/\/urbex.direct\/pt\/wp-json\/wp\/v2\/product_tag?post=37577"}],"curies":[{"name":"wp","href":"https:\/\/api.w.org\/{rel}","templated":true}]}}