{"id":37569,"date":"2021-12-19T16:32:55","date_gmt":"2021-12-19T16:32:55","guid":{"rendered":"https:\/\/urbex.direct\/?post_type=product&#038;p=37569"},"modified":"2025-05-27T19:57:57","modified_gmt":"2025-05-27T18:57:57","slug":"mapa-de-localizacao-fr-normandie","status":"publish","type":"product","link":"https:\/\/urbex.direct\/pt\/product\/location-map-fr-normandie\/","title":{"rendered":"Urbex Map Fran\u00e7a, Normandia (Acesso de 1 ou 2 anos)"},"content":{"rendered":"<p>Este mapa cont\u00e9m as seguintes localiza\u00e7\u00f5es:<\/p>\n\n\n\n<ul><li>Manoir Dalida<\/li><li>Usine Mathis<\/li><li>Chateau Eva &amp; Co<\/li><li>Capela dos Pilotos<\/li><li>Hopitall Plaza<\/li><li>Antigo Cimeti\u00e8re<\/li><li>Castelo do Cur\u00e9<\/li><li>Manoir du Nomade \/ Maison Foresti\u00e8re<\/li><li>Casa de banho<\/li><li>Maison Cat<\/li><li>Ferme effondr\u00e9e<\/li><li>Maison Cadran \/ Maison vieille cuisini\u00e8re<\/li><li>Manoir Nazi<\/li><li>Usine Fromage Maxi<\/li><li>Manoir Cardhu Manoir Cardhu<\/li><li>Maison Meslin<\/li><li>Maison des Duckers<\/li><li>Maison Canop\u00e9e verte<\/li><li>A Oficina Secreta<\/li><li>A igreja desactivada<\/li><li>Usine Ornaise<\/li><li>Castelo Trop Vert<\/li><li>Le Maison Ronces<\/li><li>Maison Brique Rouge<\/li><li>\u00c9dipo Usine<\/li><li>Usine Dynamite<\/li><li>As belas ru\u00ednas da igreja<\/li><li>Utiliza\u00e7\u00e3o FP<\/li><li>F\u00e1brica de an\u00f5es<\/li><li>Maison Coss \/ Maison Lamia<\/li><li>Igreja do Mundo Vermelho<\/li><li>Mina de Erebor<\/li><li>Maison la Vache<\/li><li>Maison des Livres Calvados<\/li><li>Manoir Tong<\/li><li>A vida na quinta<\/li><li>Quinta da Toalha<\/li><li>Casa em colombages<\/li><li>Ferme avec portail rouge<\/li><li>Manoir du Melomane (O verdadeiro)<\/li><li>Hotel Britney<\/li><li>Maison Jores<\/li><li>Chateau LB<\/li><li>Maison Piano Blanc<\/li><li>Abbaye GR<\/li><li>Maison Hazelnut<\/li><li>Usine Cote<\/li><li>Manoir Damocl\u00e8s<\/li><li>Manoir Lemeunier<\/li><li>Auberge Artemis \/ Hotel Artemis<\/li><li>Maison du Chat<\/li><li>Arthur e os Minimoys<\/li><li>Orphelinat Rom\u00e9nia<\/li><li>Hotel Railere<\/li><li>Casa d&#039;\u00e2ngulo verte<\/li><li>Ch\u00e2teau Hiboux<\/li><li>Manoir Jonques \/ Manoir Monarchie<\/li><li>M\u00e1quina de papel para enrolar cigarros<\/li><li>Sucata de autom\u00f3veis<\/li><li>Usine Leo<\/li><li>Grande Usine Textile<\/li><li>Fours Rouge<\/li><li>Carros afundados<\/li><li>Maison escondida 4<\/li><li>Castelo PSP<\/li><li>Castelo Villa Dilme<\/li><li>Uso Magn\u00edfico<\/li><li>Chateau Anzeray<\/li><li>Castelo de Singes<\/li><li>Garagem Jaguar<\/li><li>Maison Bernou<\/li><li>Manoir Jules<\/li><li>Casa Christelle<\/li><li>Castelo dos Bustos<\/li><li>Ch\u00e2teau Japonais<\/li><li>Manoir Crochet \/ Maison Broderie \/ Maison Autotunne \/ Maison Peluche<\/li><li>Manoir du Riche Physicien<\/li><li>Maison du Taxidermiste<\/li><li>Manoir du Chien Mort<\/li><li>Maison Sentier \/ Maison du Chasseur<\/li><li>Manoir Haringford \/ O Quarto 2.0<\/li><li>Manoir Simca<\/li><li>Maison Paulette \/ Maison Dames<\/li><li>Manoir des Lumieres<\/li><li>Maison vie Sauvage<\/li><li>Maison Synth\u00e9 \/ Villa Rose<\/li><li>Casa dos irm\u00e3os jumeus<\/li><li>Castelo das crian\u00e7as perdidas<\/li><li>Maison Tete de Chien<\/li><li>Cimentiere des Fous<\/li><li>Manoir Freya<\/li><li>Maison Peugeot<\/li><li>Moradia T<\/li><li>Usine du D\u00e9sespoir<\/li><li>Maison Avre<\/li><li>Maison Firedamage<\/li><li>Maison Ginger<\/li><li>Celeiros de quintal<\/li><li>O Museu Ferrovi\u00e1rio incendiado<\/li><li>Armazenagem de passas de uva<\/li><li>Granja da brocanteuse<\/li><li>Maison Turret<\/li><li>Casa do mec\u00e2nico<\/li><li>Maison WE<\/li><li>A Quinta dos Acumuladores<\/li><li>Usine Gyblanc<\/li><li>Maison Maresco<\/li><li>Piscina Tournesol 7<\/li><li>Cimeti\u00e8re de Trains R<\/li><li>Chai \u00e0 Vin<\/li><li>Castelo Feerie<\/li><li>Manoir Nightmare<\/li><li>Ch\u00e2teau de l'emmur\u00e9 \/ Ch\u00e2teau des Ducs<\/li><li>Perdido Sporthall<\/li><li>Usine Diep<\/li><li>Usine Blang<\/li><li>Villa Morisque \/ Manoir Atlas<\/li><li>Casa do crente<\/li><li>Casa da t\u00eate br\u00fbl\u00e9e<\/li><li>Imprensa do vinhedo<\/li><li>Maison Rase<\/li><li>Casa da Pradaria<\/li><li>Ch\u00e2teau d&#039;Antiville<\/li><li>O velho atelier<\/li><li>Maison bout du monde<\/li><li>Maison Mitoyenne<\/li><li>Viaduto Fantasma<\/li><\/ul>","protected":false},"excerpt":{"rendered":"<p>Este mapa urbex fornece-lhe todos os locais de explora\u00e7\u00e3o urbana (urbex) em<strong> Fran\u00e7a, <\/strong><strong>Normandia<\/strong><strong>.<\/strong> Este mapa de lugares perdidos permanecer\u00e1 atualizado e acess\u00edvel durante, pelo menos, 365 dias ap\u00f3s a compra.<\/p>\n<p>Este mapa tem atualmente 127 dos locais de explora\u00e7\u00e3o urbana mais exclusivos em Fran\u00e7a, na Normandia, e \u00e9 acess\u00edvel a partir de qualquer lugar com o nosso mapa f\u00e1cil de utilizar<strong>.<\/p>\n<p><\/strong><strong>Se j\u00e1 tem este pacote, pode aceder-lhe atrav\u00e9s de <a href=\"\/pt\/a-minha-conta\/area-de-membros\/43905\/o-meu-conteudo-de-membro\/\">Os meus mapas &gt; Ver.<\/a><\/strong><strong><\/p>\n<p><\/strong><a href=\"#tab-description\">Lista de todas as localiza\u00e7\u00f5es Urbex neste mapa.<\/a><\/p>","protected":false},"featured_media":48149,"template":"","meta":[],"product_brand":[],"product_cat":[226,322,1135,1344,234],"product_tag":[323],"class_list":{"0":"post-37569","1":"product","2":"type-product","3":"status-publish","4":"has-post-thumbnail","6":"product_cat-france","7":"product_cat-location-packs","8":"product_cat-maps-france","9":"product_cat-maps-normandie","10":"product_cat-normandie","11":"product_tag-locationpack","13":"first","14":"instock","15":"taxable","16":"shipping-taxable","17":"purchasable","18":"product-type-variable"},"jetpack_sharing_enabled":true,"_links":{"self":[{"href":"https:\/\/urbex.direct\/pt\/wp-json\/wp\/v2\/product\/37569","targetHints":{"allow":["GET"]}}],"collection":[{"href":"https:\/\/urbex.direct\/pt\/wp-json\/wp\/v2\/product"}],"about":[{"href":"https:\/\/urbex.direct\/pt\/wp-json\/wp\/v2\/types\/product"}],"wp:featuredmedia":[{"embeddable":true,"href":"https:\/\/urbex.direct\/pt\/wp-json\/wp\/v2\/media\/48149"}],"wp:attachment":[{"href":"https:\/\/urbex.direct\/pt\/wp-json\/wp\/v2\/media?parent=37569"}],"wp:term":[{"taxonomy":"product_brand","embeddable":true,"href":"https:\/\/urbex.direct\/pt\/wp-json\/wp\/v2\/product_brand?post=37569"},{"taxonomy":"product_cat","embeddable":true,"href":"https:\/\/urbex.direct\/pt\/wp-json\/wp\/v2\/product_cat?post=37569"},{"taxonomy":"product_tag","embeddable":true,"href":"https:\/\/urbex.direct\/pt\/wp-json\/wp\/v2\/product_tag?post=37569"}],"curies":[{"name":"wp","href":"https:\/\/api.w.org\/{rel}","templated":true}]}}