{"id":37559,"date":"2021-12-19T16:04:11","date_gmt":"2021-12-19T16:04:11","guid":{"rendered":"https:\/\/urbex.direct\/?post_type=product&#038;p=37559"},"modified":"2025-05-27T19:55:19","modified_gmt":"2025-05-27T18:55:19","slug":"mapa-de-localizacao-fr-ile-de-france","status":"publish","type":"product","link":"https:\/\/urbex.direct\/pt\/product\/location-map-fr-ile-de-france\/","title":{"rendered":"Urbex Map France, \u00cele-de-France (Acesso por 1 ou 2 anos)"},"content":{"rendered":"<p>Este mapa cont\u00e9m as seguintes localiza\u00e7\u00f5es:<\/p>\n\n\n\n<ul><li>Supermarch\u00e9 P<\/li><li>A Pequena Ceinture<\/li><li>Usine Meltingburg<\/li><li>Ch\u00e2teau Baia<\/li><li>O Poisson Dore<\/li><li>Ind\u00fastrias abandonadas<\/li><li>Piscina<\/li><li>T\u00e9nis Chateau<\/li><li>Manoir Colima\u00e7on<\/li><li>Hospital MJ<\/li><li>Maison de Clinique \/ Maison Cham<\/li><li>Bateria de guerra<\/li><li>Ch\u00e2teau des Faisans<\/li><li>Castelo Popkov<\/li><li>Ch\u00e2teau Gryffondor \/ Ch\u00e2teau Social<\/li><li>Domaine de la Renaissance<\/li><li>Maison Jungle<\/li><li>A sopa de queijo<\/li><li>Garagem pittoresca \/ Garage Rolls<\/li><li>Cimeti\u00e8re de Bateaux Madelaine<\/li><li>Maison Skyzo<\/li><li>Sans toit<\/li><li>Ch\u00e2teau Mesrine<\/li><li>Stockage hospitalier<\/li><li>Cemit\u00e9rio de autocarros<\/li><li>Igreja de Indiana Jones<\/li><li>Ch\u00e2teau Bien-\u00eatre<\/li><li>Fazenda com grandes serras<\/li><li>Piscina la Plage<\/li><li>Utiliza\u00e7\u00e3o d&#039;usinage<\/li><li>Gabinete Judicial<\/li><li>Capela da Princesa Titine<\/li><li>Ch\u00e2teau Bonifatius<\/li><li>Villa Melodie \/ Maison Docteur du Harp<\/li><li>Parque Aqu\u00e1tico<\/li><li>Bordel Allemand<\/li><li>Villa Popova<\/li><li>Chateau des Cr\u00eapes<\/li><li>Forte HB<\/li><li>Casa do Sr. Hugo<\/li><li>O hotel dos condenados<\/li><li>La Maison du Preux<\/li><li>Casa de repouso Israel Lipski<\/li><li>Capela azul na floresta<\/li><li>Maison Tonnerre<\/li><li>Maison du lapin Rose<\/li><li>Torre perdida<\/li><li>Jardinagem<\/li><li>Usine Viardoss<\/li><li>Maison Sentier<\/li><li>Acampamento da For\u00e7a A\u00e9rea<\/li><li>Casa do oclusor<\/li><li>Hangar d'Orgy<\/li><li>Maison Norman<\/li><li>Esta\u00e7\u00e3o de Pompage<\/li><li>Gabinetes de Apoio \u00e0s Liberdades<\/li><li>Usine JK<\/li><li>Hopital CB<\/li><li>Maxi morgue<\/li><li>HippoDr\u00f4me<\/li><li>Maison Alphonse Daudet<\/li><li>Casa H\u00e9l\u00e8ne<\/li><li>Chateau Barbusse<\/li><li>Ch\u00e2teau du Chat Mort<\/li><li>Gare Atrigo \/ Gare Wissous<\/li><li>Piscina abandonada<\/li><li>Matadouro<\/li><li>Grelhador perdido<\/li><li>Centro d&#039;artista<\/li><li>Circo V \/ Escola de Circo<\/li><li>Manoir Trois Colonnes<\/li><li>Ch\u00e2teau Foss\u00e9<\/li><li>Chateau \u00e0 L&#039;horloge<\/li><li>Castelo de Hitler<\/li><li>Zoo do General<\/li><li>Orphelinat Futuro<\/li><li>Moradia Barby<\/li><li>Grupos de francos<\/li><li>Casas de campo<\/li><li>Villa voisine<\/li><li>Sistema Usine X<\/li><li>Villa Ongaria<\/li><li>Mosteiro do Moinho<\/li><li>Morgue Dead \/ Morgue Braindead \/ Morgue mort c\u00e9r\u00e9brale<\/li><li>Ch\u00e2teau Malfrat \/ Ch\u00e2teau au buste rouge<\/li><li>Centro a\u00e9r\u00e9<\/li><li>Moradia de controlo<\/li><li>Inf\u00e2ncia de GIF<\/li><li>Maison des marais<\/li><li>Manoir Casanova<\/li><li>Pequeno Pavilh\u00e3o<\/li><li>Maison Champion<\/li><li>\u00c9paves de bateaux fluviaux<\/li><li>Gare Perdue ES<\/li><li>Gare abandonada<\/li><li>Escola de Arquitetura<\/li><li>Maison Confiture \/ Maison du Pauvre<\/li><li>Chateau de la Solitude \/ Chateau Chocolat<\/li><li>Casa do Artista<\/li><li>Usina Nobel<\/li><li>Asile Tillie Klimek \/ Asilo Tillie Klimek<\/li><li>Prel\u00fadio da morgue<\/li><li>Labo CNRS<\/li><li>Conservat\u00f3rio Atrigo<\/li><li>Morgue de la Cervelle<\/li><li>Maison des Cardinaux<\/li><li>Ruine G<\/li><li>Sanat\u00f3rio do Vexin 2<\/li><li>Escrit\u00f3rio de turismo<\/li><li>Sanat\u00f3rio Carnelle<\/li><li>Mirapolis<\/li><li>Destilaria<\/li><li>5 Cin\u00e9ma<\/li><li>Maison de l'Estropi\u00e9<\/li><li>Vila Scarface<\/li><li>Casa do Professor<\/li><li>Manoir Salon Jaune<\/li><li>Casa das flores<\/li><li>Hospital Privado<\/li><li>Maisons Twiny<\/li><li>Auberge Clos-Tourelle<\/li><li>Carreira com \u00e9pocas<\/li><li>Carreiras V2<\/li><li>Usine Antoine<\/li><li>Maison Haravilliers<\/li><li>Ferme R2087 \/ Urbex ferme Go\u00e9lette<\/li><li>Maison Tuile bleue<\/li><li>Maison Rhus<\/li><li>Maison Autre<\/li><li>Piscina Hasard<\/li><li>O lar das crian\u00e7as de Oise<\/li><li>Maison twin bis<\/li><li>Primeira Casa<\/li><li>2e Maison<\/li><li>Villa Chanterive<\/li><li>Maison Horloge<\/li><li>Cimeira de autom\u00f3veis<\/li><li>A grande casa de campismo destru\u00edda<\/li><li>Villa Coco<\/li><li>Castelo de Tarzan<\/li><\/ul>","protected":false},"excerpt":{"rendered":"<p>Este mapa urbex fornece-lhe todos os locais de explora\u00e7\u00e3o urbana (urbex) em<strong> Fran\u00e7a, <\/strong><strong>\u00cele-de-France<\/strong><strong>.<\/strong> Este mapa de lugares perdidos permanecer\u00e1 atualizado e acess\u00edvel durante, pelo menos, 365 dias ap\u00f3s a compra.<\/p>\n<p>Este mapa tem atualmente 140 dos locais de explora\u00e7\u00e3o urbana mais exclusivos em Fran\u00e7a, \u00cele-de-France, e \u00e9 acess\u00edvel a partir de qualquer lugar com o nosso mapa f\u00e1cil de utilizar<strong>.<\/p>\n<p><\/strong><strong>Se j\u00e1 tem este pacote, pode aceder-lhe atrav\u00e9s de <a href=\"\/pt\/a-minha-conta\/area-de-membros\/43905\/o-meu-conteudo-de-membro\/\">Os meus mapas &gt; Ver.<\/a><\/strong><strong><\/p>\n<p><\/strong><a href=\"#tab-description\">Lista de todas as localiza\u00e7\u00f5es Urbex neste mapa.<\/a><\/p>","protected":false},"featured_media":48148,"template":"","meta":[],"product_brand":[],"product_cat":[226,233,322,1135,1343],"product_tag":[323],"class_list":{"0":"post-37559","1":"product","2":"type-product","3":"status-publish","4":"has-post-thumbnail","6":"product_cat-france","7":"product_cat-ile-de-france","8":"product_cat-location-packs","9":"product_cat-maps-france","10":"product_cat-maps-ile-de-france","11":"product_tag-locationpack","13":"first","14":"instock","15":"taxable","16":"shipping-taxable","17":"purchasable","18":"product-type-variable"},"jetpack_sharing_enabled":true,"_links":{"self":[{"href":"https:\/\/urbex.direct\/pt\/wp-json\/wp\/v2\/product\/37559","targetHints":{"allow":["GET"]}}],"collection":[{"href":"https:\/\/urbex.direct\/pt\/wp-json\/wp\/v2\/product"}],"about":[{"href":"https:\/\/urbex.direct\/pt\/wp-json\/wp\/v2\/types\/product"}],"wp:featuredmedia":[{"embeddable":true,"href":"https:\/\/urbex.direct\/pt\/wp-json\/wp\/v2\/media\/48148"}],"wp:attachment":[{"href":"https:\/\/urbex.direct\/pt\/wp-json\/wp\/v2\/media?parent=37559"}],"wp:term":[{"taxonomy":"product_brand","embeddable":true,"href":"https:\/\/urbex.direct\/pt\/wp-json\/wp\/v2\/product_brand?post=37559"},{"taxonomy":"product_cat","embeddable":true,"href":"https:\/\/urbex.direct\/pt\/wp-json\/wp\/v2\/product_cat?post=37559"},{"taxonomy":"product_tag","embeddable":true,"href":"https:\/\/urbex.direct\/pt\/wp-json\/wp\/v2\/product_tag?post=37559"}],"curies":[{"name":"wp","href":"https:\/\/api.w.org\/{rel}","templated":true}]}}