{"id":37428,"date":"2021-12-15T08:37:15","date_gmt":"2021-12-15T08:37:15","guid":{"rendered":"https:\/\/urbex.direct\/?post_type=product&#038;p=37428"},"modified":"2025-05-27T19:49:43","modified_gmt":"2025-05-27T18:49:43","slug":"mapa-de-localizacao-fr-grand-est","status":"publish","type":"product","link":"https:\/\/urbex.direct\/pt\/product\/location-map-fr-grand-est\/","title":{"rendered":"Urbex Map France, Grand Est (Acesso de 1 ou 2 anos)"},"content":{"rendered":"<p>Este mapa cont\u00e9m as seguintes localiza\u00e7\u00f5es:<\/p>\n\n\n\n<ul><li>Hotel Jaur\u00e8s<\/li><li>Casa do tio Michel<\/li><li>Usine Phil<\/li><li>Ferme Frappant<\/li><li>Casa no Landau<\/li><li>Forte de Givet<\/li><li>Fazenda da Rosa<\/li><li>Usine TG<\/li><li>Ch\u00e2teau Oniepronko<\/li><li>Ch\u00e2teau Jamais Le M\u00eame<\/li><li>Usine LF<\/li><li>Maison Buco<\/li><li>Cemit\u00e9rio de avi\u00f5es<\/li><li>Ch\u00e2teau Bourgeois<\/li><li>Ch\u00e2teau de la chaise<\/li><li>Cora\u00e7\u00e3o de Guerra<\/li><li>Usine Saint-Julien<\/li><li>F\u00e1brica de p\u00e9s<\/li><li>Vila Tarcas<\/li><li>Ve\u00edculos Perdidos<\/li><li>Antigo Aer\u00f3dromo<\/li><li>Usine Malfoy \/ A grande f\u00e1brica abandonada<\/li><li>Capela dos Mortos \/ Chapelle des Morts<\/li><li>Chateau Hector \/ Castelo do Presidente&#039;s<\/li><li>Maisons Fiesta \/ Maison Jumelles<\/li><li>A cole\u00e7\u00e3o de sacos<\/li><li>Maison d'Alekse\u00ef \/ Cole\u00e7\u00e3o de autom\u00f3veis<\/li><li>Manoir petroucka \/ Maison Russia \/ Maison Poudine<\/li><li>Casa dos anos 90 \/ 90s Timecapsule<\/li><li>A Discoteca Tipi<\/li><li>Maison PapiPapi<\/li><li>Le rep\u00e8re des Pirates \/ Cemit\u00e9rio de barcos<\/li><li>Restaurante de Castor<\/li><li>Casa de campo<\/li><li>Pintura dos Moinhos<\/li><li>Escola 1934<\/li><li>Maison Alcohol Addict<\/li><li>Manoir de la Discorde<\/li><li>Escola Paris Dakar<\/li><li>Manoir aux Canons \/ Maison Billard<\/li><li>Circuito R<\/li><li>Villa Matusalem<\/li><li>Quinta \/ F\u00e1brica de Vinhos e Castelo Abandonado<\/li><li>Maison Aux Poupees<\/li><li>Garagem Bavarois<\/li><li>L&#039;a\u00e9roport oubli\u00e9<\/li><li>A Minot\u00e9rio<\/li><li>Papelaria de C<\/li><li>Casa do Fil\u00f3sofo<\/li><li>Villa Marianne<\/li><li>Hotel V\u00e9randa<\/li><li>Villa du Pont<\/li><li>Os comboios esquecidos<\/li><li>Igreja cor-de-rosa<\/li><li>Maison Monospace<\/li><li>Maison Aurora<\/li><li>Hotel de Pompiers<\/li><li>Capela de Hindu<\/li><li>Ch\u00e2teau Ravinel<\/li><li>Sanat\u00f3rio Simone Weber<\/li><li>Bunker Cr<\/li><li>Usine Scaf Oner 2.0<\/li><li>Pneus e cendres<\/li><li>Restaurante Chino<\/li><li>Maison Gonzalez<\/li><li>Maison HangMan<\/li><li>Utiliza\u00e7\u00e3o de ar l\u00edquido<\/li><li>Saco Maison<\/li><li>Maison Houpelle<\/li><li>Fog\u00e3o Maison<\/li><li>Casa do escultor<\/li><li>Maison Casper<\/li><li>Maison Turquoise<\/li><li>Maison Binouze<\/li><li>Forte B explodido<\/li><li>O Grande Quartel da Paz<\/li><li>O mau chenil<\/li><li>Alto-forno ca\u00eddo \/ HFC<\/li><li>Escrit\u00f3rio com excesso de vegeta\u00e7\u00e3o<\/li><li>Usine pluvieuse \/ Usine Rainy<\/li><li>Manoir du m\u00e9galomane<\/li><li>Forte de Frouard<\/li><li>F\u00e1brica de Min\u00e9rios<\/li><li>Usine Gouvy<\/li><li>Maison Crocker<\/li><li>Quinta de merda<\/li><li>F\u00e1brica de papel<\/li><li>Forte de Dieu<\/li><li>Capela de Pap\u00e9terie<\/li><li>Maison Benn<\/li><li>Mina Bunker<\/li><li>Bunker V<\/li><li>Bunker K<\/li><li>Trabalhos El\u00e9ctricos<\/li><li>Trabalhos de alien\u00edgenas<\/li><li>Caserne d&#039; Ange<\/li><li>Maginotbunker Gros Ouvrage de Rochonvillers<\/li><li>HFX<\/li><li>Fortaleza de Guerra<\/li><li>Campo da Morte<\/li><li>U Verlagerung Saar<\/li><li>Puits Simon<\/li><li>Ferme Edouard<\/li><li>Maison du Passionn\u00e9<\/li><li>Mina dos Grimpeurs<\/li><li>Casino Royale<\/li><li>Gare de Stroff<\/li><li>Base Militar dos Motores de Guerra<\/li><li>A piscina de ervas<\/li><li>Maison Kaltbach<\/li><li>Hangar com ve\u00edculos<\/li><li>O Chal\u00e9 Vinyll<\/li><li>Centro Mobilizador abandonado<\/li><li>Gare HB<\/li><li>Cabana do ca\u00e7ador<\/li><li>Maison pl\u00e2trage<\/li><li>Maison du Maquetiste<\/li><li>Piscina Fronti\u00e8re<\/li><li>Centro M\u00e9dico H<\/li><li>Casas de selva e de cip\u00f3 \/ Les Maisons Savane et Peluche<\/li><li>Manor Accrobranche \/ Casa de Trepar \u00e0 \u00c1rvore<\/li><li>Manoir General<\/li><li>Villa Des Ours<\/li><li>Lock Hotel \/ Hotel do porto<\/li><li>O Quartel Longo<\/li><li>Usine Coloree \/ Serra\u00e7\u00e3o W<\/li><li>Manoir des Anglais \/ A Nova Mans\u00e3o Inglesa<\/li><li>A pequena casa na pradaria<\/li><li>Quadro da Maison<\/li><li>Maison Fanatique des oiseaux<\/li><li>A sala de festas \/ Teatro do c\u00e3o<\/li><li>Le Tram jaune \/ O el\u00e9trico amarelo<\/li><li>Cimeti\u00e8re sur la colline \/ Cemit\u00e9rio na colina<\/li><li>Maison Piscine<\/li><li>A casa do colecionador de livros<\/li><li>Usine Robinot<\/li><li>Cl\u00ednica das Fontes<\/li><li>Hotel Hant\u00e9e d'Hippolyte<\/li><li>Castelos Ulrich<\/li><li>Igreja de Montanha<\/li><li>Hotel de Luxe<\/li><li>Cl\u00ednica do Diabo<\/li><li>Hotel do Loup<\/li><li>Castelo G<\/li><li>Maison Cigarette<\/li><li>Mina B<\/li><li>Cimeti\u00e8re des L\u00e9gendes<\/li><li>Mans\u00e3o da M\u00e3e Vermelha&#039;s<\/li><li>Usine FTech \/ Pequena F\u00e1brica Fecht<\/li><li>F\u00e1brica Cirva<\/li><li>Papeterie Riccobo<\/li><li>Vila Larue<\/li><li>Maison Durand<\/li><li>Ch\u00e2teau du D\u00e9m\u00e9nageur<\/li><li>Ch\u00e2teau des Fraises<\/li><li>Maison Jean-Marie<\/li><li>Maison Satanique<\/li><li>Matadouros<\/li><li>Villa Am\u00e9lie<\/li><li>Usine Blanchiment<\/li><li>Ch\u00e2teau de la Marquise de Brinvilliers<\/li><li>Casa de vag\u00f5es<\/li><li>Maison 72<\/li><li>Hotel Weidman<\/li><li>Ch\u00e2teau Muet<\/li><li>Filatura D\u00e9meusur\u00e9e<\/li><li>Hotel William Bonin<\/li><li>Hotel Vasili Komaroff<\/li><li>Manoir La Vache<\/li><li>Capela B \/ Capela dos Loups<\/li><li>Ci\u00eancia abandonada<\/li><li>Casa intacta<\/li><li>Maison Vroom<\/li><li>Maison du Gutty<\/li><li>Maison Tisseuse<\/li><li>Le caf\u00e9 73 \/ Bistrot 1973<\/li><li>Casa do Pai Natal<\/li><\/ul>","protected":false},"excerpt":{"rendered":"<p>Este mapa urbex fornece-lhe todos os locais de explora\u00e7\u00e3o urbana (urbex) em<strong> Fran\u00e7a, <\/strong><strong>Grande Est<\/strong><strong>.<\/strong> Este mapa de lugares perdidos permanecer\u00e1 atualizado e acess\u00edvel durante, pelo menos, 365 dias ap\u00f3s a compra.<\/p>\n<p>This map has currently 177 of the most unique urban exploring locations in France, Grand Est and is accessible from anywhere with our easy to use map<strong>.<\/p>\n<p><\/strong><strong>Se j\u00e1 tem este pacote, pode aceder-lhe atrav\u00e9s de <a href=\"\/pt\/a-minha-conta\/area-de-membros\/43905\/o-meu-conteudo-de-membro\/\">Os meus mapas &gt; Ver.<\/a><\/strong><\/p>","protected":false},"featured_media":48147,"template":"","meta":[],"product_brand":[],"product_cat":[226,231,322,1135,1341],"product_tag":[],"class_list":{"0":"post-37428","1":"product","2":"type-product","3":"status-publish","4":"has-post-thumbnail","6":"product_cat-france","7":"product_cat-grand-est","8":"product_cat-location-packs","9":"product_cat-maps-france","10":"product_cat-maps-grand-est","12":"first","13":"instock","14":"taxable","15":"shipping-taxable","16":"purchasable","17":"product-type-variable"},"jetpack_sharing_enabled":true,"_links":{"self":[{"href":"https:\/\/urbex.direct\/pt\/wp-json\/wp\/v2\/product\/37428","targetHints":{"allow":["GET"]}}],"collection":[{"href":"https:\/\/urbex.direct\/pt\/wp-json\/wp\/v2\/product"}],"about":[{"href":"https:\/\/urbex.direct\/pt\/wp-json\/wp\/v2\/types\/product"}],"wp:featuredmedia":[{"embeddable":true,"href":"https:\/\/urbex.direct\/pt\/wp-json\/wp\/v2\/media\/48147"}],"wp:attachment":[{"href":"https:\/\/urbex.direct\/pt\/wp-json\/wp\/v2\/media?parent=37428"}],"wp:term":[{"taxonomy":"product_brand","embeddable":true,"href":"https:\/\/urbex.direct\/pt\/wp-json\/wp\/v2\/product_brand?post=37428"},{"taxonomy":"product_cat","embeddable":true,"href":"https:\/\/urbex.direct\/pt\/wp-json\/wp\/v2\/product_cat?post=37428"},{"taxonomy":"product_tag","embeddable":true,"href":"https:\/\/urbex.direct\/pt\/wp-json\/wp\/v2\/product_tag?post=37428"}],"curies":[{"name":"wp","href":"https:\/\/api.w.org\/{rel}","templated":true}]}}