{"id":36647,"date":"2021-11-24T22:05:03","date_gmt":"2021-11-24T22:05:03","guid":{"rendered":"https:\/\/urbex.direct\/?post_type=product&#038;p=36647"},"modified":"2025-05-27T20:11:09","modified_gmt":"2025-05-27T19:11:09","slug":"mapa-de-localizacao-fr-nouvelle-aquitaine","status":"publish","type":"product","link":"https:\/\/urbex.direct\/pt\/product\/location-map-fr-nouvelle-aquitaine\/","title":{"rendered":"Urbex Map France, Nouvelle-Aquitaine (Acesso de 1 ou 2 anos)"},"content":{"rendered":"<p>Este mapa cont\u00e9m as seguintes localiza\u00e7\u00f5es:<\/p>\n\n\n\n<ul><li>Casa de repouso Dennis Nilsen<\/li><li>Ch\u00e2teau Repaire<\/li><li>Ch\u00e2teau L<\/li><li>Castelo de Tatou\u00e9<\/li><li>Ch\u00e2teau Herm<\/li><li>Maisons Dronne<\/li><li>Bo\u00eete de Nuit Le Scoop<\/li><li>Usine Couze<\/li><li>Castelo de la Lyre<\/li><li>Hotel das Suites<\/li><li>Horror Hospital \/ H\u00f4pital de l'horreur<\/li><li>Maison de l&#039;Eglise<\/li><li>Maison Nains Jaune<\/li><li>Hospital Nazi<\/li><li>Hotel Laurent \/ Hotel du Canard<\/li><li>Igreja da Ru\u00edna G\u00f3tica<\/li><li>Maison Sans Pareil<\/li><li>Ch\u00e2teau\nPombo<\/li><li>F\u00e1brica Streetart<\/li><li>Parque La Guinguette<\/li><li>Centro de f\u00e9rias Sombre<\/li><li>Manoir Asian Hornet \/ Manoir Frelon Asiatique<\/li><li>Ferme FRTE<\/li><li>Chateau Indian<\/li><li>Maison Bernier<\/li><li>Castelo de Corrida<\/li><li>Vila Bel Sito<\/li><li>Castelo JQ<\/li><li>Castelo Disney<\/li><li>Manoir jeu de Dames \/ Manoir Capsule<\/li><li>Maison Bernadette<\/li><li>Maison la Foret<\/li><li>Maison du Peintre<\/li><li>Papelaria NA<\/li><li>Castelo Grande Cruzeiro<\/li><li>Hotel Luis Garavito<\/li><li>Manoir Antoinette Scieri<\/li><li>Moradia La Roseraie<\/li><li>Resid\u00eancia Le Signal<\/li><li>Ch\u00e2teau Edward Gein<\/li><li>Manoir John Christie<\/li><li>Ch\u00e2teau de l'Acteur \/ Guy Rampillon<\/li><li>Casa do Poltergeist<\/li><li>Villa Carte Blanche<\/li><li>Maison du Bachelier<\/li><li>Maison Ruche<\/li><li>Maison Villarbille<\/li><li>Castelo Babil\u00f3nia<\/li><li>Sanat\u00f3rio das Mimosas<\/li><li>Maison Aquatique<\/li><li>Casa de campo<\/li><li>Chateau Helene Jegado<\/li><li>Hotel Jane Reth<\/li><li>Chateau le Scrill<\/li><li>Manoir Mystique<\/li><li>Ch\u00e2teau de l'hermitage \/ Chateau Trudeau<\/li><li>Casa de repouso<\/li><li>Casa da burguesia<\/li><li>Casa da Liberdade<\/li><li>Pequena casa com rosas<\/li><li>A fazenda do velho Alberto<\/li><li>Sanat\u00f3rio Wal<\/li><li>Ch\u00e2teau Bois-Fleuri<\/li><li>Chateau Bennet<\/li><li>Usine du Bois<\/li><li>Balada do Bois<\/li><li>La Carri\u00e8re de C<\/li><li>Utiliza\u00e7\u00e3o Renault<\/li><li>Base Amiral<\/li><li>Maison Vignes<\/li><li>O Banco<\/li><li>Maison Popo<\/li><li>Manoir des viticulteurs<\/li><li>Casa dos peixes<\/li><li>O antigo orfanato<\/li><li>Casa do bom tempo<\/li><li>Piscina VT<\/li><li>A armazenagem na floresta<\/li><li>Vest\u00edgios da grande fazenda<\/li><li>Maison Lilli<\/li><li>Maison du Trappeur<\/li><li>Ch\u00e2teau Peter Dupas<\/li><li>Castelo de l'Empereur<\/li><li>Chateau Gordon Hay<\/li><li>Maison Lugubre<\/li><li>Sportissima<\/li><li>Centro de f\u00e9rias<\/li><li>Manoir Astronome<\/li><li>Maison Minimoys<\/li><li>Maison Raymond<\/li><li>Castelo de Ferron<\/li><li>CD Manoir \/ CD Manor<\/li><li>Casa de Noite 47<\/li><li>Maison Sable Mouvant<\/li><li>Maison Canal<\/li><li>Maison Grass<\/li><li>L&#039;usine de Cigarettes<\/li><li>O Forte com 2 torres<\/li><li>Maison Citroen Naufr\u00e1gio e F\u00e1brica<\/li><li>Dom\u00ednio Woodpacker<\/li><li>Ferme APN<\/li><li>Poussi\u00e8re e bibelot<\/li><li>Quinta espiritual<\/li><li>Casa do g\u00e9nio<\/li><li>Ferme Mira<\/li><li>Maison Charlie<\/li><li>Ferme du temps qui passe<\/li><li>Hotel dos trabalhos for\u00e7ados<\/li><li>O Sapateiro<\/li><li>A mem\u00f3ria que \u00e9tiole<\/li><li>Hotel du disparu<\/li><li>Floresta UTZ<\/li><li>Ch\u00e2teau Bijoux<\/li><li>Hotel d'Angleterre<\/li><li>Usine L\u00e9on<\/li><li>Ch\u00e2teau Affranchis \/ Chateau Aristo \/ Chateau Mirador<\/li><li>Chateau NP<\/li><li>Hotel dos Pr\u00edncipes<\/li><li>Ch\u00e2teau Matti Haapoja<\/li><li>Sanat\u00f3rio Thierry Paulin<\/li><li>Maison Rouge<\/li><li>Bo\u00eete de Nuit Jalousie<\/li><li>Ch\u00e2teau du mage blanc<\/li><li>La Belle Maison<\/li><li>Maison Plague<\/li><li>Casa invis\u00edvel<\/li><li>Villa Winsti<\/li><li>Maison Les Flots<\/li><li>Ferme Fifi<\/li><li>Maison Pissenlit<\/li><li>Casa 7 jumelos<\/li><li>Cl\u00ednica Beaulieu<\/li><li>Maison Hidden Corner<\/li><li>Maison du Chien<\/li><li>Maison du Pleurs<\/li><li>Sanat\u00f3rio de Crian\u00e7as<\/li><li>A F\u00e1brica F\u00e1cil<\/li><li>Diable Rouge<\/li><li>La Tour<\/li><li>Ch\u00e2teau Bazena<\/li><li>Ch\u00e2teau du petit poucet<\/li><li>Casa da barragem<\/li><li>Maison Bibelots<\/li><li>Maison Catastrophe<\/li><li>O Semin\u00e1rio<\/li><li>Maison Gambetta<\/li><li>Maison 979<\/li><li>Maison Baby<\/li><li>Maisons des ronces<\/li><li>O avi\u00e3o n\u00e3o funciona<\/li><li>As torres verdes \/ Les tours vertes<\/li><li>Serres V\u00e9drine<\/li><li>Manoir Melomane<\/li><li>Castelo de Bagnac<\/li><li>Chateau S\u00e9r\u00e9nade<\/li><li>Hospital Thomas<\/li><li>Usine Vienne<\/li><li>Maison Scorpial<\/li><li>La Demeure l\u00e9gion d'horreur\/ Manoir La Femme Qui Pleure \/ Casa da mulher que grita<\/li><li>Hotel em frente \u00e0 autoestrada<\/li><li>Chateau Dystopia<\/li><li>Sanat\u00f3rio Eug\u00e8ne Aram<\/li><li>Emma Clinic \/ Emma Olivier Clinique \/ Clinique Soyaux<\/li><li>Ch\u00e2teau Rohan<\/li><li>Hotel CH<\/li><li>Capela do Marqu\u00eas<\/li><li>Capela dos p\u00e1ssaros<\/li><li>Ventila\u00e7\u00e3o Maison<\/li><li>Ferme la Vache<\/li><li>Usine Roche Rouge<\/li><li>Centro comercial Leclerc<\/li><li>Hospital Barri\u00e8re<\/li><li>Hotel Angely<\/li><li>Hospital Roch<\/li><li>Castelo Edgar Boulai<\/li><li>Casa de repouso SG<\/li><li>Manoir Bamboo<\/li><li>Matadouro S<\/li><li>Maison Helipad<\/li><li>Col\u00f3nia dos Tricolos<\/li><li>Col\u00f3nia Lombric<\/li><li>Domin\u00f3 da col\u00f3nia<\/li><li>Maison Galards<\/li><li>Ataque de alertas<\/li><li>Concession\u00e1rio autom\u00f3vel<\/li><li>Ch\u00e2teau L\u00e9ger<\/li><li>Escola do Instituto<\/li><li>Castelo de Pont-Levis<\/li><li>Igreja Matriz<\/li><li>B\u00eate Noir<\/li><li>A casa do explorador<\/li><li>Manoir Sanitol<\/li><li>Maison des Merveilles du Monde<\/li><li>Manoir Mort-Vivant<\/li><li>Maison A Fam\u00edlia Addams<\/li><li>Maison Blink<\/li><li>Maison Sint<\/li><li>Casa de repouso Gauguin<\/li><li>Casa mur de vert<\/li><\/ul>","protected":false},"excerpt":{"rendered":"<p>Este mapa urbex fornece-lhe todos os locais de explora\u00e7\u00e3o urbana (urbex) em<strong> Fran\u00e7a, Nova Aquit\u00e2nia.<\/strong> Este mapa de lugares perdidos permanecer\u00e1 atualizado e acess\u00edvel durante, pelo menos, 365 dias ap\u00f3s a compra.<\/p>\n<p>Este mapa tem atualmente 199 dos locais de explora\u00e7\u00e3o urbana mais exclusivos de Fran\u00e7a, Nouvelle-Aquitaine, e \u00e9 acess\u00edvel a partir de qualquer lugar com o nosso mapa f\u00e1cil de utilizar<strong>.<\/p>\n<p><\/strong><strong>Se j\u00e1 tem este pacote, pode aceder-lhe atrav\u00e9s de <a href=\"\/pt\/a-minha-conta\/area-de-membros\/43905\/o-meu-conteudo-de-membro\/\">Os meus mapas &gt; Ver.<\/a><\/strong><strong><\/p>\n<p><\/strong><a href=\"#tab-description\">Lista de todas as localiza\u00e7\u00f5es Urbex neste mapa.<\/a><\/p>","protected":false},"featured_media":48142,"template":"","meta":[],"product_brand":[],"product_cat":[226,322,1135,1349,235],"product_tag":[323],"class_list":{"0":"post-36647","1":"product","2":"type-product","3":"status-publish","4":"has-post-thumbnail","6":"product_cat-france","7":"product_cat-location-packs","8":"product_cat-maps-france","9":"product_cat-maps-nouvelle-aquitaine","10":"product_cat-nouvelle-aquitaine","11":"product_tag-locationpack","13":"first","14":"instock","15":"taxable","16":"shipping-taxable","17":"purchasable","18":"product-type-variable"},"jetpack_sharing_enabled":true,"_links":{"self":[{"href":"https:\/\/urbex.direct\/pt\/wp-json\/wp\/v2\/product\/36647","targetHints":{"allow":["GET"]}}],"collection":[{"href":"https:\/\/urbex.direct\/pt\/wp-json\/wp\/v2\/product"}],"about":[{"href":"https:\/\/urbex.direct\/pt\/wp-json\/wp\/v2\/types\/product"}],"wp:featuredmedia":[{"embeddable":true,"href":"https:\/\/urbex.direct\/pt\/wp-json\/wp\/v2\/media\/48142"}],"wp:attachment":[{"href":"https:\/\/urbex.direct\/pt\/wp-json\/wp\/v2\/media?parent=36647"}],"wp:term":[{"taxonomy":"product_brand","embeddable":true,"href":"https:\/\/urbex.direct\/pt\/wp-json\/wp\/v2\/product_brand?post=36647"},{"taxonomy":"product_cat","embeddable":true,"href":"https:\/\/urbex.direct\/pt\/wp-json\/wp\/v2\/product_cat?post=36647"},{"taxonomy":"product_tag","embeddable":true,"href":"https:\/\/urbex.direct\/pt\/wp-json\/wp\/v2\/product_tag?post=36647"}],"curies":[{"name":"wp","href":"https:\/\/api.w.org\/{rel}","templated":true}]}}