{"id":36643,"date":"2021-11-24T22:03:25","date_gmt":"2021-11-24T22:03:25","guid":{"rendered":"https:\/\/urbex.direct\/?post_type=product&#038;p=36643"},"modified":"2025-05-27T20:00:34","modified_gmt":"2025-05-27T19:00:34","slug":"mapa-de-localizacao-fr-occitania","status":"publish","type":"product","link":"https:\/\/urbex.direct\/pt\/product\/location-map-fr-occitanie\/","title":{"rendered":"Urbex Map France, Occitanie (Acesso de 1 ou 2 anos)"},"content":{"rendered":"<p>Este mapa cont\u00e9m as seguintes localiza\u00e7\u00f5es:<\/p>\n\n\n\n<ul><li>Resto Kowloon<\/li><li>Morgue do hospital<\/li><li>Restaurante le Bistrot \/ H\u00f4tel capitaine Haddock<\/li><li>Maison Museum\/ Maison Gendarmerie<\/li><li>As minas de ouro<\/li><li>Castelo Ecole<\/li><li>Ch\u00e2teau Valgros<\/li><li>Villa des Orangers<\/li><li>Voitures Rouill\u00e9es<\/li><li>Discoteca\nBon<\/li><li>Manoir RBNSD<\/li><li>Maison Champignon<\/li><li>Manoir Escalier<\/li><li>A Capela do Anjo do Viol\u00e3o<\/li><li>Spa Isis \/ Therme Isis<\/li><li>Antiga Gare SML<\/li><li>Ru\u00ednas do bunker nas dunas<\/li><li>Hotel Eleven<\/li><li>Ferro-velho<\/li><li>Maison Bosch<\/li><li>Casa de campo<\/li><li>Maison Vide<\/li><li>Maisons du Monde<\/li><li>Ch\u00e2teau Horus<\/li><li>Serras antigas com passas<\/li><li>Karting Perdue<\/li><li>Apartamentos Castellas<\/li><li>Hospital Erno Soto<\/li><li>Maison R<\/li><li>Maison Poup\u00e9es Voodoo<\/li><li>Casa das Serpentes<\/li><li>Ch\u00e2teau Petit<\/li><li>Hospital Rochelle<\/li><li>Disco Oriental<\/li><li>Maison de la Mine<\/li><li>A col\u00f3nia militar<\/li><li>Restaurante e Clube D<\/li><li>Gare en for\u00eat \/ Esta\u00e7\u00e3o florestal<\/li><li>Le four \u00e0 chaux oubli\u00e9 \/ O forno de cal esquecido<\/li><li>Les anciens thermes dans la for\u00eat \/ As antigas termas na floresta<\/li><li>Ch\u00e2teau de Sauvage<\/li><li>Ruine Argen<\/li><li>Les 3 ruines ensemble \/ As 3 ru\u00ednas juntas<\/li><li>Sanat\u00f3rio Michel Peiry<\/li><li>Cave Coop\u00e9ratie<\/li><li>Castelo de Halabi<\/li><li>Pens\u00e3o Joseph Vacher<\/li><li>Maison de l'Inventeur<\/li><li>Maison Hant\u00e9e<\/li><li>Chateau BN<\/li><li>Utiliza\u00e7\u00e3o x Despolui\u00e7\u00e3o<\/li><li>Os pianos do campeonato<\/li><li>Usine Vieille Voitures<\/li><li>Centro de educa\u00e7\u00e3o<\/li><li>Maison RIP<\/li><li>Usine Hold<\/li><li>Rosa da Redid\u00eancia<\/li><li>Manoir de la tour<\/li><li>Ve\u00edculos da pol\u00edcia americana<\/li><li>As ru\u00ednas do moinho<\/li><li>Cidade fantasma 34<\/li><li>Colonie Lod<\/li><li>Outra cidade fantasma 34<\/li><li>Domaine Espa \/ O dom\u00ednio dos Fuzileiros<\/li><li>A aldeia velha<\/li><li>Maison Croix<\/li><li>A casa de montanha abandonada<\/li><li>Ru\u00edna da floresta<\/li><li>Hotel Tropical<\/li><li>Hotel KQPRS<\/li><li>Forte Amelie<\/li><li>Hotel Alexandra<\/li><li>Hospital Termal<\/li><li>Avion Falaise<\/li><li>Hotel Estamariu 66<\/li><li>A vila do Pr\u00eatre<\/li><li>Parque de campismo na floresta<\/li><li>Gare mini\u00e8re 1<\/li><li>Gare mini\u00e8re 2<\/li><li>Gare mini\u00e8re 3<\/li><li>Rua de Spa<\/li><li>Aldeia fantasma Vieux<\/li><li>Pequena cidade fantasma 66<\/li><li>La Laiterie<\/li><li>Hotel Delta<\/li><li>Usine Rivera<\/li><li>Piscina Grande<\/li><li>Usine Teint<\/li><li>Ch\u00e2teau Taureau<\/li><li>A 4L cach\u00e9e<\/li><li>A mina criminosa<\/li><li>Casa de banho<\/li><li>Manoir N<\/li><li>Ch\u00e2teau de Bouillac<\/li><li>O convento do arrependimento<\/li><li>For\u00eat \u00e9pave<\/li><li>Discoteca Papillon<\/li><li>Casa dos chal\u00e9s<\/li><li>Maison 1896<\/li><li>Casa de f\u00e9rias em floresta<\/li><li>Casa com \u00e9pocas de voo<\/li><li>Maison tristesse<\/li><li>O celeiro torto<\/li><li>A Igreja Perdoada<\/li><li>Casa de campo n\u00e3o \u00e0 vista<\/li><li>Medicina ap\u00f3s a guerra<\/li><li>Campismo Tob<\/li><li>Ru\u00ednas Agla<\/li><li>A casa do sal<\/li><li>Maison B<\/li><li>Garagem OH MY G<\/li><li>Ch\u00e2teau Marguerite \/ Ch\u00e2teau Joachim Toro<\/li><li>Clinique Wisteria Hos<\/li><li>Usine Hirondelles<\/li><li>A Serra do Cirurgi\u00e3o<\/li><li>Ch\u00e2teau du Colonel<\/li><li>Hospital do Castelo<\/li><li>Ch\u00e2teau Voiture<\/li><li>Usine Plus<\/li><li>Manoir du Sud<\/li><li>Bateau Pirate \/ Restaurante Le Bateau<\/li><li>Casa das Cobras<\/li><li>Maison G<\/li><li>O castelo das fen\u00eatres condenadas<\/li><li>Autom\u00f3veis antigos<\/li><li>Hotel des Soeurs Papins<\/li><li>Usine de Bruss<\/li><li>L'orphelinat Color\u00e9 \/ O orfanato colorido<\/li><li>Casa do ca\u00e7ador \/ Maison des Chasseurs<\/li><li>Chal\u00e9 CLF \/ O Chal\u00e9 do Bi\u00f3logo<\/li><li>Manoir du capitaliste<\/li><li>Casino de la Montagne<\/li><li>Velho e bem rodado<\/li><li>Maison Astro<\/li><li>Maison Autoroute<\/li><li>Casa do Rei<\/li><li>Casa enfeiti\u00e7ada<\/li><li>Ornitorrinco<\/li><li>Maison Lofi<\/li><li>Maison TB<\/li><li>O bar<\/li><li>Maison Mari<\/li><li>Casa da ciranda<\/li><li>Maison Deglingo<\/li><li>Rua do Pr\u00edncipe<\/li><li>O velho Moulin<\/li><li>O grelhador abandonado<\/li><li>Hangar antigo<\/li><li>Utiliza\u00e7\u00e3o de cadeiras<\/li><li>Utiliza\u00e7\u00e3o de Libras<\/li><li>Colapso da casa<\/li><li>Castelo de Jacquy Haddouche \/ Chateau blancard<\/li><li>Maison Journaux \/ Chateau Baldaquin \/ Chateau Marie Noe<\/li><li>Tour do Sr. Gaston<\/li><li>Manoir Atenas<\/li><li>Capela Pessebre<\/li><li>Casa de campo<\/li><li>Hotel Daisy de Melker<\/li><li>Domaine de la cobra<\/li><li>Disco Boom<\/li><li>Maison Bianch<\/li><li>A casa de campo<\/li><li>Maison Razera<\/li><li>Usine Kiss<\/li><li>Igreja do P\u00each\u00e9<\/li><li>Castelo Martial \/ Castelo Napole\u00e3o<\/li><li>Chateau Cube<\/li><li>Manoir des bois<\/li><li>O campo de experi\u00eancias<\/li><li>Maison Sans Parents<\/li><li>Hotel dos Sourciers<\/li><li>Maison Maxou<\/li><li>Maison Stranger Things<\/li><li>Discoteca MyLord<\/li><li>Rede telef\u00f3nica dos Piren\u00e9us<\/li><li>Manoir Madame B<\/li><li>Hotel Clo Clo<\/li><li>Templo franco ma\u00e7on<\/li><li>Convento Christine Malevre<\/li><li>Casa da palmeira<\/li><li>Hotel Restaurante West Virginia<\/li><li>Col\u00f3nia de Caneilles<\/li><li>Maison Jumelles 1<\/li><li>Maison Jumelles 2<\/li><li>Utiliza\u00e7\u00e3o TT<\/li><li>Maison Neste<\/li><li>Pequena cl\u00ednica<\/li><li>Recolha de ve\u00edculos no cais<\/li><li>Hotel da M\u00fasica<\/li><li>Igreja P<\/li><li>Castelo de L\u00e9z<\/li><li>Castelo de B<\/li><li>Usine du Seigneur<\/li><li>Manoir de la Rivi\u00e8re<\/li><li>Utiliza\u00e7\u00e3o do Infierno<\/li><li>Usine Migro<\/li><li>Villa Cubac<\/li><li>Maison du Roucan<\/li><li>O Lavat\u00f3rio a Charbon<\/li><li>Gendarmerie<\/li><li>Capela Arlequim<\/li><li>Maison Triangle<\/li><li>Restaurante Catal\u00e3o<\/li><li>Ch\u00e2teau du V\u00e9t\u00e9rinaire<\/li><li>A antiga caserna<\/li><li>Mineurs d'entrep\u00f4ts<\/li><li>Usine Naudy<\/li><li>Maison Bug<\/li><li>Maison Alzheimer<\/li><li>Gabinete Chatlana \/ Gabinete PZM<\/li><li>Castelo de Montpinier<\/li><li>Moulin sur la berge<\/li><li>Parque aqu\u00e1tico das aves<\/li><li>O Bistr\u00f4 de Tapas<\/li><li>Manoir Jade<\/li><\/ul>\n\n\n\n<p><\/p>","protected":false},"excerpt":{"rendered":"<p>Este mapa urbex fornece-lhe todos os locais de explora\u00e7\u00e3o urbana (urbex) em<strong> Fran\u00e7a, <\/strong><strong>Occit\u00e2nia<\/strong><strong>.<\/strong> Este mapa de lugares perdidos permanecer\u00e1 atualizado e acess\u00edvel durante, pelo menos, 365 dias ap\u00f3s a compra.<\/p>\n<p>Este mapa tem atualmente 215 dos locais de explora\u00e7\u00e3o urbana mais exclusivos de Fran\u00e7a, Occit\u00e2nia, e \u00e9 acess\u00edvel a partir de qualquer lugar com o nosso mapa f\u00e1cil de utilizar<strong>.<\/p>\n<p><\/strong><strong>Se j\u00e1 tem este pacote, pode aceder-lhe atrav\u00e9s de <a href=\"\/pt\/a-minha-conta\/area-de-membros\/43905\/o-meu-conteudo-de-membro\/\">Os meus mapas &gt; Ver.<\/a><\/strong><strong><\/p>\n<p><\/strong><a href=\"#tab-description\">Lista de todas as localiza\u00e7\u00f5es Urbex neste mapa.<\/a><\/p>","protected":false},"featured_media":48143,"template":"","meta":[],"product_brand":[],"product_cat":[226,322,1135,1346,236],"product_tag":[323],"class_list":{"0":"post-36643","1":"product","2":"type-product","3":"status-publish","4":"has-post-thumbnail","6":"product_cat-france","7":"product_cat-location-packs","8":"product_cat-maps-france","9":"product_cat-maps-occitanie","10":"product_cat-occitanie","11":"product_tag-locationpack","13":"first","14":"instock","15":"taxable","16":"shipping-taxable","17":"purchasable","18":"product-type-variable"},"jetpack_sharing_enabled":true,"_links":{"self":[{"href":"https:\/\/urbex.direct\/pt\/wp-json\/wp\/v2\/product\/36643","targetHints":{"allow":["GET"]}}],"collection":[{"href":"https:\/\/urbex.direct\/pt\/wp-json\/wp\/v2\/product"}],"about":[{"href":"https:\/\/urbex.direct\/pt\/wp-json\/wp\/v2\/types\/product"}],"wp:featuredmedia":[{"embeddable":true,"href":"https:\/\/urbex.direct\/pt\/wp-json\/wp\/v2\/media\/48143"}],"wp:attachment":[{"href":"https:\/\/urbex.direct\/pt\/wp-json\/wp\/v2\/media?parent=36643"}],"wp:term":[{"taxonomy":"product_brand","embeddable":true,"href":"https:\/\/urbex.direct\/pt\/wp-json\/wp\/v2\/product_brand?post=36643"},{"taxonomy":"product_cat","embeddable":true,"href":"https:\/\/urbex.direct\/pt\/wp-json\/wp\/v2\/product_cat?post=36643"},{"taxonomy":"product_tag","embeddable":true,"href":"https:\/\/urbex.direct\/pt\/wp-json\/wp\/v2\/product_tag?post=36643"}],"curies":[{"name":"wp","href":"https:\/\/api.w.org\/{rel}","templated":true}]}}