{"id":34719,"date":"2021-11-03T21:17:47","date_gmt":"2021-11-03T21:17:47","guid":{"rendered":"https:\/\/urbex.direct\/product\/border-farms\/"},"modified":"2025-05-04T12:47:34","modified_gmt":"2025-05-04T11:47:34","slug":"exploracoes-fronteiricas","status":"publish","type":"product","link":"https:\/\/urbex.direct\/pt\/product\/border-farms\/","title":{"rendered":"Explora\u00e7\u00f5es agr\u00edcolas fronteiri\u00e7as"},"content":{"rendered":"","protected":false},"excerpt":{"rendered":"","protected":false},"featured_media":34715,"template":"","meta":[],"product_brand":[],"product_cat":[197,204],"product_tag":[],"class_list":{"0":"post-34719","1":"product","2":"type-product","3":"status-publish","4":"has-post-thumbnail","6":"product_cat-belgium","7":"product_cat-east-flanders","9":"first","10":"instock","11":"downloadable","12":"taxable","13":"shipping-taxable","14":"purchasable","15":"product-type-simple"},"jetpack_sharing_enabled":true,"_links":{"self":[{"href":"https:\/\/urbex.direct\/pt\/wp-json\/wp\/v2\/product\/34719","targetHints":{"allow":["GET"]}}],"collection":[{"href":"https:\/\/urbex.direct\/pt\/wp-json\/wp\/v2\/product"}],"about":[{"href":"https:\/\/urbex.direct\/pt\/wp-json\/wp\/v2\/types\/product"}],"wp:featuredmedia":[{"embeddable":true,"href":"https:\/\/urbex.direct\/pt\/wp-json\/wp\/v2\/media\/34715"}],"wp:attachment":[{"href":"https:\/\/urbex.direct\/pt\/wp-json\/wp\/v2\/media?parent=34719"}],"wp:term":[{"taxonomy":"product_brand","embeddable":true,"href":"https:\/\/urbex.direct\/pt\/wp-json\/wp\/v2\/product_brand?post=34719"},{"taxonomy":"product_cat","embeddable":true,"href":"https:\/\/urbex.direct\/pt\/wp-json\/wp\/v2\/product_cat?post=34719"},{"taxonomy":"product_tag","embeddable":true,"href":"https:\/\/urbex.direct\/pt\/wp-json\/wp\/v2\/product_tag?post=34719"}],"curies":[{"name":"wp","href":"https:\/\/api.w.org\/{rel}","templated":true}]}}