{"id":33959,"date":"2021-10-25T16:53:30","date_gmt":"2021-10-25T15:53:30","guid":{"rendered":"https:\/\/urbex.direct\/product\/preventorio-aguas-de-busot\/"},"modified":"2023-03-28T17:31:24","modified_gmt":"2023-03-28T16:31:24","slug":"preventorio-aguas-de-busot","status":"publish","type":"product","link":"https:\/\/urbex.direct\/pt\/product\/preventorio-aguas-de-busot\/","title":{"rendered":"Preven\u00e7\u00e3o das \u00c1guas de Busot"},"content":{"rendered":"","protected":false},"excerpt":{"rendered":"","protected":false},"featured_media":33955,"template":"","meta":[],"product_brand":[],"product_cat":[786,282],"product_tag":[],"class_list":{"0":"post-33959","1":"product","2":"type-product","3":"status-publish","4":"has-post-thumbnail","6":"product_cat-valencia","7":"product_cat-spain","9":"first","10":"instock","11":"downloadable","12":"taxable","13":"shipping-taxable","14":"purchasable","15":"product-type-simple"},"jetpack_sharing_enabled":true,"_links":{"self":[{"href":"https:\/\/urbex.direct\/pt\/wp-json\/wp\/v2\/product\/33959","targetHints":{"allow":["GET"]}}],"collection":[{"href":"https:\/\/urbex.direct\/pt\/wp-json\/wp\/v2\/product"}],"about":[{"href":"https:\/\/urbex.direct\/pt\/wp-json\/wp\/v2\/types\/product"}],"wp:featuredmedia":[{"embeddable":true,"href":"https:\/\/urbex.direct\/pt\/wp-json\/wp\/v2\/media\/33955"}],"wp:attachment":[{"href":"https:\/\/urbex.direct\/pt\/wp-json\/wp\/v2\/media?parent=33959"}],"wp:term":[{"taxonomy":"product_brand","embeddable":true,"href":"https:\/\/urbex.direct\/pt\/wp-json\/wp\/v2\/product_brand?post=33959"},{"taxonomy":"product_cat","embeddable":true,"href":"https:\/\/urbex.direct\/pt\/wp-json\/wp\/v2\/product_cat?post=33959"},{"taxonomy":"product_tag","embeddable":true,"href":"https:\/\/urbex.direct\/pt\/wp-json\/wp\/v2\/product_tag?post=33959"}],"curies":[{"name":"wp","href":"https:\/\/api.w.org\/{rel}","templated":true}]}}