{"id":33424,"date":"2021-10-22T09:26:50","date_gmt":"2021-10-22T08:26:50","guid":{"rendered":"https:\/\/urbex.direct\/product\/casa-gioconda\/"},"modified":"2024-08-22T08:48:23","modified_gmt":"2024-08-22T07:48:23","slug":"casa-gioconda","status":"publish","type":"product","link":"https:\/\/urbex.direct\/pt\/product\/casa-gioconda\/","title":{"rendered":"Casa Gioconda"},"content":{"rendered":"","protected":false},"excerpt":{"rendered":"<p>Opini\u00e3o 08-2024: Esta casa \u00e9 linda e tem uma r\u00e9plica da Mona Lisa no seu interior! No entanto, ao pesquisar recentemente, encontrei esta casa listada num site de venda de im\u00f3veis. O local ainda pode ser visitado, embora os propriet\u00e1rios provavelmente estejam a frequentar muito a \u00e1rea. \u00c9 tamb\u00e9m prov\u00e1vel que esta casa tenha em breve um novo propriet\u00e1rio e deixe de estar acess\u00edvel aos exploradores urbanos.<\/p>","protected":false},"featured_media":33420,"template":"","meta":[],"product_brand":[],"product_cat":[288,282],"product_tag":[],"class_list":{"0":"post-33424","1":"product","2":"type-product","3":"status-publish","4":"has-post-thumbnail","6":"product_cat-catalonia","7":"product_cat-spain","9":"first","10":"instock","11":"downloadable","12":"taxable","13":"shipping-taxable","14":"purchasable","15":"product-type-simple"},"jetpack_sharing_enabled":true,"_links":{"self":[{"href":"https:\/\/urbex.direct\/pt\/wp-json\/wp\/v2\/product\/33424","targetHints":{"allow":["GET"]}}],"collection":[{"href":"https:\/\/urbex.direct\/pt\/wp-json\/wp\/v2\/product"}],"about":[{"href":"https:\/\/urbex.direct\/pt\/wp-json\/wp\/v2\/types\/product"}],"wp:featuredmedia":[{"embeddable":true,"href":"https:\/\/urbex.direct\/pt\/wp-json\/wp\/v2\/media\/33420"}],"wp:attachment":[{"href":"https:\/\/urbex.direct\/pt\/wp-json\/wp\/v2\/media?parent=33424"}],"wp:term":[{"taxonomy":"product_brand","embeddable":true,"href":"https:\/\/urbex.direct\/pt\/wp-json\/wp\/v2\/product_brand?post=33424"},{"taxonomy":"product_cat","embeddable":true,"href":"https:\/\/urbex.direct\/pt\/wp-json\/wp\/v2\/product_cat?post=33424"},{"taxonomy":"product_tag","embeddable":true,"href":"https:\/\/urbex.direct\/pt\/wp-json\/wp\/v2\/product_tag?post=33424"}],"curies":[{"name":"wp","href":"https:\/\/api.w.org\/{rel}","templated":true}]}}