{"id":33332,"date":"2021-10-20T09:12:27","date_gmt":"2021-10-20T08:12:27","guid":{"rendered":"https:\/\/urbex.direct\/product\/fabrica-de-hormigon\/"},"modified":"2025-02-17T18:20:04","modified_gmt":"2025-02-17T18:20:04","slug":"fabrica-de-hormigao","status":"publish","type":"product","link":"https:\/\/urbex.direct\/pt\/product\/fabrica-de-hormigon\/","title":{"rendered":"F\u00e1brica de Hormig\u00f3n"},"content":{"rendered":"","protected":false},"excerpt":{"rendered":"<p>Renova\u00e7\u00e3o<\/p>","protected":false},"featured_media":61329,"template":"","meta":[],"product_brand":[],"product_cat":[288,282],"product_tag":[44],"class_list":{"0":"post-33332","1":"product","2":"type-product","3":"status-publish","4":"has-post-thumbnail","6":"product_cat-catalonia","7":"product_cat-spain","8":"product_tag-geenurbex","10":"first","11":"outofstock","12":"downloadable","13":"taxable","14":"shipping-taxable","15":"purchasable","16":"product-type-simple"},"jetpack_sharing_enabled":true,"_links":{"self":[{"href":"https:\/\/urbex.direct\/pt\/wp-json\/wp\/v2\/product\/33332","targetHints":{"allow":["GET"]}}],"collection":[{"href":"https:\/\/urbex.direct\/pt\/wp-json\/wp\/v2\/product"}],"about":[{"href":"https:\/\/urbex.direct\/pt\/wp-json\/wp\/v2\/types\/product"}],"wp:featuredmedia":[{"embeddable":true,"href":"https:\/\/urbex.direct\/pt\/wp-json\/wp\/v2\/media\/61329"}],"wp:attachment":[{"href":"https:\/\/urbex.direct\/pt\/wp-json\/wp\/v2\/media?parent=33332"}],"wp:term":[{"taxonomy":"product_brand","embeddable":true,"href":"https:\/\/urbex.direct\/pt\/wp-json\/wp\/v2\/product_brand?post=33332"},{"taxonomy":"product_cat","embeddable":true,"href":"https:\/\/urbex.direct\/pt\/wp-json\/wp\/v2\/product_cat?post=33332"},{"taxonomy":"product_tag","embeddable":true,"href":"https:\/\/urbex.direct\/pt\/wp-json\/wp\/v2\/product_tag?post=33332"}],"curies":[{"name":"wp","href":"https:\/\/api.w.org\/{rel}","templated":true}]}}