{"id":31957,"date":"2021-09-24T21:44:42","date_gmt":"2021-09-24T20:44:42","guid":{"rendered":"https:\/\/urbex.direct\/product\/antiguo-torreon-de-la-losa\/"},"modified":"2022-01-28T13:54:01","modified_gmt":"2022-01-28T13:54:01","slug":"antiguo-torreon-de-la-losa","status":"publish","type":"product","link":"https:\/\/urbex.direct\/pt\/product\/antiguo-torreon-de-la-losa\/","title":{"rendered":"Antigo torre\u00e3o de la Losa"},"content":{"rendered":"","protected":false},"excerpt":{"rendered":"<p>Venda e renova\u00e7\u00e3o<\/p>","protected":false},"featured_media":31953,"template":"","meta":[],"product_brand":[],"product_cat":[287,282],"product_tag":[44],"class_list":{"0":"post-31957","1":"product","2":"type-product","3":"status-publish","4":"has-post-thumbnail","6":"product_cat-castilla-y-leon","7":"product_cat-spain","8":"product_tag-geenurbex","10":"first","11":"outofstock","12":"downloadable","13":"taxable","14":"shipping-taxable","15":"purchasable","16":"product-type-simple"},"jetpack_sharing_enabled":true,"_links":{"self":[{"href":"https:\/\/urbex.direct\/pt\/wp-json\/wp\/v2\/product\/31957","targetHints":{"allow":["GET"]}}],"collection":[{"href":"https:\/\/urbex.direct\/pt\/wp-json\/wp\/v2\/product"}],"about":[{"href":"https:\/\/urbex.direct\/pt\/wp-json\/wp\/v2\/types\/product"}],"wp:featuredmedia":[{"embeddable":true,"href":"https:\/\/urbex.direct\/pt\/wp-json\/wp\/v2\/media\/31953"}],"wp:attachment":[{"href":"https:\/\/urbex.direct\/pt\/wp-json\/wp\/v2\/media?parent=31957"}],"wp:term":[{"taxonomy":"product_brand","embeddable":true,"href":"https:\/\/urbex.direct\/pt\/wp-json\/wp\/v2\/product_brand?post=31957"},{"taxonomy":"product_cat","embeddable":true,"href":"https:\/\/urbex.direct\/pt\/wp-json\/wp\/v2\/product_cat?post=31957"},{"taxonomy":"product_tag","embeddable":true,"href":"https:\/\/urbex.direct\/pt\/wp-json\/wp\/v2\/product_tag?post=31957"}],"curies":[{"name":"wp","href":"https:\/\/api.w.org\/{rel}","templated":true}]}}