{"id":2522,"date":"2021-03-02T21:24:10","date_gmt":"2021-03-02T21:24:10","guid":{"rendered":"https:\/\/urbex.direct\/product\/palac-niezychowskich-w-zelicach\/"},"modified":"2021-11-21T19:40:42","modified_gmt":"2021-11-21T19:40:42","slug":"palac-niezychowskich-w-zelicach","status":"publish","type":"product","link":"https:\/\/urbex.direct\/pt\/product\/palac-niezychowskich-w-zelicach\/","title":{"rendered":"Pa\u0142ac Nie\u017cychowskich w \u017belicach"},"content":{"rendered":"","protected":false},"excerpt":{"rendered":"","protected":false},"featured_media":2519,"template":"","meta":[],"product_brand":[],"product_cat":[274,272],"product_tag":[41],"class_list":{"0":"post-2522","1":"product","2":"type-product","3":"status-publish","4":"has-post-thumbnail","6":"product_cat-greater-poland","7":"product_cat-poland","8":"product_tag-coordinaten","10":"first","11":"instock","12":"downloadable","13":"taxable","14":"shipping-taxable","15":"purchasable","16":"product-type-simple"},"jetpack_sharing_enabled":true,"_links":{"self":[{"href":"https:\/\/urbex.direct\/pt\/wp-json\/wp\/v2\/product\/2522","targetHints":{"allow":["GET"]}}],"collection":[{"href":"https:\/\/urbex.direct\/pt\/wp-json\/wp\/v2\/product"}],"about":[{"href":"https:\/\/urbex.direct\/pt\/wp-json\/wp\/v2\/types\/product"}],"wp:featuredmedia":[{"embeddable":true,"href":"https:\/\/urbex.direct\/pt\/wp-json\/wp\/v2\/media\/2519"}],"wp:attachment":[{"href":"https:\/\/urbex.direct\/pt\/wp-json\/wp\/v2\/media?parent=2522"}],"wp:term":[{"taxonomy":"product_brand","embeddable":true,"href":"https:\/\/urbex.direct\/pt\/wp-json\/wp\/v2\/product_brand?post=2522"},{"taxonomy":"product_cat","embeddable":true,"href":"https:\/\/urbex.direct\/pt\/wp-json\/wp\/v2\/product_cat?post=2522"},{"taxonomy":"product_tag","embeddable":true,"href":"https:\/\/urbex.direct\/pt\/wp-json\/wp\/v2\/product_tag?post=2522"}],"curies":[{"name":"wp","href":"https:\/\/api.w.org\/{rel}","templated":true}]}}