{"id":227,"date":"2021-03-02T15:16:28","date_gmt":"2021-03-02T15:16:28","guid":{"rendered":"https:\/\/urbex.direct\/product\/airbus-cafe\/"},"modified":"2022-01-29T20:38:36","modified_gmt":"2022-01-29T20:38:36","slug":"cafe-do-airbus","status":"publish","type":"product","link":"https:\/\/urbex.direct\/pt\/product\/airbus-cafe\/","title":{"rendered":"Caf\u00e9 Airbus \/ Avi\u00e3o queimado"},"content":{"rendered":"<p>Removido<\/p>","protected":false},"excerpt":{"rendered":"<p>O Airbus Caf\u00e9, um restaurante com um p\u00f3dio imponente, foi inaugurado em 2012 e, desde ent\u00e3o, \u00e9 uma mudan\u00e7a \u00fanica.<\/p>\n<p>&nbsp;<\/p>","protected":false},"featured_media":215,"template":"","meta":[],"product_brand":[],"product_cat":[197,199],"product_tag":[41,44],"class_list":{"0":"post-227","1":"product","2":"type-product","3":"status-publish","4":"has-post-thumbnail","6":"product_cat-belgium","7":"product_cat-hainaut","8":"product_tag-coordinaten","9":"product_tag-geenurbex","11":"first","12":"outofstock","13":"downloadable","14":"taxable","15":"shipping-taxable","16":"purchasable","17":"product-type-simple"},"jetpack_sharing_enabled":true,"_links":{"self":[{"href":"https:\/\/urbex.direct\/pt\/wp-json\/wp\/v2\/product\/227","targetHints":{"allow":["GET"]}}],"collection":[{"href":"https:\/\/urbex.direct\/pt\/wp-json\/wp\/v2\/product"}],"about":[{"href":"https:\/\/urbex.direct\/pt\/wp-json\/wp\/v2\/types\/product"}],"wp:featuredmedia":[{"embeddable":true,"href":"https:\/\/urbex.direct\/pt\/wp-json\/wp\/v2\/media\/215"}],"wp:attachment":[{"href":"https:\/\/urbex.direct\/pt\/wp-json\/wp\/v2\/media?parent=227"}],"wp:term":[{"taxonomy":"product_brand","embeddable":true,"href":"https:\/\/urbex.direct\/pt\/wp-json\/wp\/v2\/product_brand?post=227"},{"taxonomy":"product_cat","embeddable":true,"href":"https:\/\/urbex.direct\/pt\/wp-json\/wp\/v2\/product_cat?post=227"},{"taxonomy":"product_tag","embeddable":true,"href":"https:\/\/urbex.direct\/pt\/wp-json\/wp\/v2\/product_tag?post=227"}],"curies":[{"name":"wp","href":"https:\/\/api.w.org\/{rel}","templated":true}]}}