{"id":15528,"date":"2021-08-09T22:54:57","date_gmt":"2021-08-09T21:54:57","guid":{"rendered":"https:\/\/urbex.direct\/?post_type=product&#038;p=15528"},"modified":"2025-05-17T00:16:11","modified_gmt":"2025-05-16T23:16:11","slug":"mapa-de-localizacao-luxemburgo-todas-as-regioes","status":"publish","type":"product","link":"https:\/\/urbex.direct\/pt\/product\/location-map-luxembourg-all-regions\/","title":{"rendered":"Urbex Map Luxembourg (Acesso de 1 ou 2 anos)"},"content":{"rendered":"<p>Este mapa cont\u00e9m as seguintes localiza\u00e7\u00f5es: <ul><li>Hotel Beau Coin<\/li><li>Maison Barbelen<\/li><li>Maison Deckers<\/li><li>Maison Greiveldinger<\/li><li>Maison Hommel<\/li><li>Maison Kirsch<\/li><li>Piscina Alzette<\/li><li>Terras Rudes<\/li><li>Caf\u00e9 Differdange<\/li><li>Maison Anna<\/li><li>Castelo da Ar\u00e1bia<\/li><li>Maison Natale<\/li><li>Maison iris<\/li><li>Maison Maria<\/li><li>Maison 7 Fontaines<\/li><li>Villa Kurt<\/li><li>Maison Schumann<\/li><li>Maison Scholtes<\/li><li>Mans\u00e3o Assombrada<\/li><li>Chaves do hotel<\/li><li>Maison Dawance<\/li><li>Central el\u00e9ctrica X<\/li><li>Maison 106<\/li><li>Ferme Skeletoss<\/li><li>Autocarro da selva<\/li><li>A Casa de Campo dos Charutos<\/li><li>A ru\u00edna do Castelo no Rochedo<\/li><li>Casa do colecionador<\/li><li>Casa grande fam\u00edlia<\/li><li>Grandes pavilh\u00f5es met\u00e1licos<\/li><li>O pavilh\u00e3o da f\u00e1brica escondido<\/li><li>Oficina de Carpinteiro<\/li><li>Forgotten Midget Golf<\/li><\/ul><\/p>","protected":false},"excerpt":{"rendered":"<p>Este mapa urbex fornece-lhe todos os locais de explora\u00e7\u00e3o urbana (urbex) em<strong> Luxemburgo.<\/strong> Este mapa de lugares perdidos permanecer\u00e1 atualizado e acess\u00edvel durante, pelo menos, 365 dias ap\u00f3s a compra. <\/p>\n<p>Este mapa tem atualmente 33 dos locais de explora\u00e7\u00e3o urbana mais exclusivos do Luxemburgo e \u00e9 acess\u00edvel a partir de qualquer lugar com o nosso mapa f\u00e1cil de utilizar<strong>. <\/p>\n<p><\/strong><strong>Se j\u00e1 tem este pacote, pode aceder-lhe atrav\u00e9s de <a href=\"\/pt\/a-minha-conta\/area-de-membros\/43905\/o-meu-conteudo-de-membro\/\">Os meus mapas &gt; Ver.<\/a><\/strong> <a href=\"#tab-description\">Lista de todas as localiza\u00e7\u00f5es Urbex neste mapa.<\/a><\/p>","protected":false},"featured_media":54839,"template":"","meta":[],"product_brand":[],"product_cat":[322,255,1138],"product_tag":[323],"class_list":{"0":"post-15528","1":"product","2":"type-product","3":"status-publish","4":"has-post-thumbnail","6":"product_cat-location-packs","7":"product_cat-luxembourg","8":"product_cat-maps-luxembourg","9":"product_tag-locationpack","11":"first","12":"instock","13":"taxable","14":"shipping-taxable","15":"purchasable","16":"product-type-variable"},"jetpack_sharing_enabled":true,"_links":{"self":[{"href":"https:\/\/urbex.direct\/pt\/wp-json\/wp\/v2\/product\/15528","targetHints":{"allow":["GET"]}}],"collection":[{"href":"https:\/\/urbex.direct\/pt\/wp-json\/wp\/v2\/product"}],"about":[{"href":"https:\/\/urbex.direct\/pt\/wp-json\/wp\/v2\/types\/product"}],"wp:featuredmedia":[{"embeddable":true,"href":"https:\/\/urbex.direct\/pt\/wp-json\/wp\/v2\/media\/54839"}],"wp:attachment":[{"href":"https:\/\/urbex.direct\/pt\/wp-json\/wp\/v2\/media?parent=15528"}],"wp:term":[{"taxonomy":"product_brand","embeddable":true,"href":"https:\/\/urbex.direct\/pt\/wp-json\/wp\/v2\/product_brand?post=15528"},{"taxonomy":"product_cat","embeddable":true,"href":"https:\/\/urbex.direct\/pt\/wp-json\/wp\/v2\/product_cat?post=15528"},{"taxonomy":"product_tag","embeddable":true,"href":"https:\/\/urbex.direct\/pt\/wp-json\/wp\/v2\/product_tag?post=15528"}],"curies":[{"name":"wp","href":"https:\/\/api.w.org\/{rel}","templated":true}]}}