{"id":14649,"date":"2021-07-03T16:22:08","date_gmt":"2021-07-03T15:22:08","guid":{"rendered":"https:\/\/urbex.direct\/?post_type=product&#038;p=14649"},"modified":"2025-05-16T23:36:20","modified_gmt":"2025-05-16T22:36:20","slug":"mapa-de-localizacao-de-liege","status":"publish","type":"product","link":"https:\/\/urbex.direct\/pt\/product\/location-map-be-liege\/","title":{"rendered":"Urbex Map Belgium: Li\u00e8ge (Acesso de 1 ou 2 anos)"},"content":{"rendered":"<p>Este mapa cont\u00e9m as seguintes localiza\u00e7\u00f5es: <ul><li>Agnus Dei<\/li><li>Utiliza\u00e7\u00e3o CHR<\/li><li>Epaves du baron<\/li><li>Igreja de Cristo Azul<\/li><li>Bunker CDF<\/li><li>Charbonnage du Renard<\/li><li>Castelo de la Montagne<\/li><li>Castelo Elise<\/li><li>Castelo de Louva<\/li><li>Chateau Robe Rouge<\/li><li>Ch\u00e2teau Montagne<\/li><li>Sala de controlo L<\/li><li>Sala de controlo S<\/li><li>Igreja S<\/li><li>F\u00e1brica S<\/li><li>Fazenda do Sargento<\/li><li>Garagem inundada<\/li><li>Forte de La Chartreuse<\/li><li>Het Trein Seinhuis \/ A cabina de sinaliza\u00e7\u00e3o do comboio<\/li><li>HFB<\/li><li>Pedreira Indiana Jones<\/li><li>Pequena casa verde<\/li><li>Acampamento solit\u00e1rio<\/li><li>Mig perdido<\/li><li>T\u00e9nis perdido<\/li><li>Maison aux Chapeaux<\/li><li>Maison Boveroth<\/li><li>Maison de la Dessinatrice<\/li><li>Maison du Banquier<\/li><li>Maison du B\u00fbcheron<\/li><li>Maison Mafiusso<\/li><li>Maison Mini<\/li><li>Maison River<\/li><li>Maison Sualem<\/li><li>Maison Tuur<\/li><li>Manoir Limo<\/li><li>Mosteiro Antoinette<\/li><li>Antiga esta\u00e7\u00e3o de servi\u00e7o<\/li><li>Ferro velho CS<\/li><li>Pinokkio \/ A f\u00e1brica de calc\u00e1rio<\/li><li>Pris\u00e3o H11<\/li><li>Racing Hotel F<\/li><li>Radar Love<\/li><li>Corrida no telhado<\/li><li>Ruine A<\/li><li>Ru\u00ednas do Castelo de Ambleve<\/li><li>Schooltje R<\/li><li>Esta\u00e7\u00e3o Montzen<\/li><li>Usine Truffaut<\/li><li>Casa de Campo<\/li><li>Villa Mistral<\/li><li>Villa Recteur Dubuisson<\/li><li>Local de trabalho do Woodpacker<\/li><li>F\u00e1brica de l\u00e3<\/li><li>Locomotiva de oficina<\/li><li>Floresta BMW<\/li><li>Navalha Usine<\/li><li>Maison Alfa Romeo<\/li><li>T\u00fanel da Segunda Guerra Mundial<\/li><li>Ex\u00e9rcito de carros<\/li><li>Energie Centrale JC \/ Central el\u00e9ctrica JC<\/li><li>Carros de choque<\/li><li>Igreja dos Manequins<\/li><li>Maison Maria Rossa<\/li><li>A Escola de Graffiti<\/li><li>A morgue 2.0<\/li><li>O Chinois<\/li><li>Maison de la chaussure verte<\/li><li>Gare Fantome \/ Spooktreinen<\/li><li>Caix\u00e3o Morgeu<\/li><li>Chateau SS<\/li><li>Four \u00e0 Chaux H<\/li><li>Igreja de Medicina<\/li><li>Castelo de S\u00e3o Vicente<\/li><li>Casa de bonecas Maison<\/li><li>Piscina Primus<\/li><li>Utiliza\u00e7\u00e3o HSL<\/li><li>Autocarro Dame Blanche<\/li><li>Autom\u00f3vel de aluguer<\/li><li>Maison Burning Man<\/li><li>Pedreira de Blue Lake<\/li><li>Hasard Cheratte \/ Charbonnage du Hasard<\/li><li>Caiaque Piscina<\/li><li>O barrac\u00e3o dos jipes<\/li><li>Maison Pink Teddy<\/li><li>Quinta com problema<\/li><li>Ru\u00ednas da capela colorida<\/li><li>Descente aux Enfers<\/li><li>Garagem Illu<\/li><li>Garagem afogada<\/li><li>Escola de Fouarage<\/li><li>Maison Loax<\/li><li>Maison Anouchka<\/li><li>O Templo Verde<\/li><li>Sil\u00eancio sagrado<\/li><li>Casa de repouso D ]<\/li><li>Casa do arquiteto<\/li><li>H\u00f4tel de la b<\/li><\/ul><\/p>","protected":false},"excerpt":{"rendered":"<p>Este mapa urbex fornece-lhe todos os locais de explora\u00e7\u00e3o urbana (urbex) em<strong> B\u00e9lgica, Li\u00e8ge.<\/strong> <\/p>\n<p>Este mapa de locais perdidos permanecer\u00e1 atualizado e acess\u00edvel durante, pelo menos, 365 dias ap\u00f3s a compra. Este mapa tem atualmente 98 dos locais de explora\u00e7\u00e3o urbana mais exclusivos da B\u00e9lgica: Li\u00e8ge e \u00e9 acess\u00edvel a partir de qualquer lugar com o nosso mapa f\u00e1cil de usar<strong>. <\/p>\n<p><\/strong><strong>Se j\u00e1 tem este pacote, pode aceder-lhe atrav\u00e9s de <a href=\"\/pt\/a-minha-conta\/area-de-membros\/43905\/o-meu-conteudo-de-membro\/\">Os meus mapas &gt; Ver.<\/a><\/strong> <\/p>\n<p><a href=\"#tab-description\">Lista de todas as localiza\u00e7\u00f5es Urbex neste mapa.<\/a><\/p>","protected":false},"featured_media":48128,"template":"","meta":[],"product_brand":[],"product_cat":[197,201,322,1134],"product_tag":[323],"class_list":{"0":"post-14649","1":"product","2":"type-product","3":"status-publish","4":"has-post-thumbnail","6":"product_cat-belgium","7":"product_cat-liege","8":"product_cat-location-packs","9":"product_cat-maps-belgium","10":"product_tag-locationpack","12":"first","13":"instock","14":"taxable","15":"shipping-taxable","16":"purchasable","17":"product-type-variable"},"jetpack_sharing_enabled":true,"_links":{"self":[{"href":"https:\/\/urbex.direct\/pt\/wp-json\/wp\/v2\/product\/14649","targetHints":{"allow":["GET"]}}],"collection":[{"href":"https:\/\/urbex.direct\/pt\/wp-json\/wp\/v2\/product"}],"about":[{"href":"https:\/\/urbex.direct\/pt\/wp-json\/wp\/v2\/types\/product"}],"wp:featuredmedia":[{"embeddable":true,"href":"https:\/\/urbex.direct\/pt\/wp-json\/wp\/v2\/media\/48128"}],"wp:attachment":[{"href":"https:\/\/urbex.direct\/pt\/wp-json\/wp\/v2\/media?parent=14649"}],"wp:term":[{"taxonomy":"product_brand","embeddable":true,"href":"https:\/\/urbex.direct\/pt\/wp-json\/wp\/v2\/product_brand?post=14649"},{"taxonomy":"product_cat","embeddable":true,"href":"https:\/\/urbex.direct\/pt\/wp-json\/wp\/v2\/product_cat?post=14649"},{"taxonomy":"product_tag","embeddable":true,"href":"https:\/\/urbex.direct\/pt\/wp-json\/wp\/v2\/product_tag?post=14649"}],"curies":[{"name":"wp","href":"https:\/\/api.w.org\/{rel}","templated":true}]}}