{"id":14648,"date":"2021-07-03T16:19:30","date_gmt":"2021-07-03T15:19:30","guid":{"rendered":"https:\/\/urbex.direct\/?post_type=product&#038;p=14648"},"modified":"2025-05-16T23:36:26","modified_gmt":"2025-05-16T22:36:26","slug":"mapa-de-localizacao-be-antuerpia","status":"publish","type":"product","link":"https:\/\/urbex.direct\/pt\/product\/location-map-be-antwerp\/","title":{"rendered":"Urbex Map Belgium: Antu\u00e9rpia (Acesso de 1 ou 2 anos)"},"content":{"rendered":"<p>Este mapa cont\u00e9m as seguintes localiza\u00e7\u00f5es:<ul><li>Casa de banho Duivenkot<\/li><li>Maison Heroine<\/li><li>Cite Du Dragon<\/li><li>A Pastoral da Juventude<\/li><li>Fai da Te<\/li><li>Quinta Pothoek<\/li><li>Kasteel 't Goorhof<\/li><li>Maison 1,8 milh\u00f5es<\/li><li>Maison Antenne \/ Villa Rummikub<\/li><li>Maison FNG<\/li><li>Maison Hannelore<\/li><li>Maison Jacqueline<\/li><li>Maison Neerbuul<\/li><li>Maison Pieni Puu<\/li><li>Maison Raj<\/li><li>Maison Torget<\/li><li>O \u00faltimo remanescente<\/li><li>Usine Gribu \/ Karting perdido<\/li><li>Villa Cabrestante<\/li><li>Moradia Dreambaby<\/li><li>Villa Stolp<\/li><li>Villa Malanska<\/li><li>Maison Palieter<\/li><li>Sauna<\/li><li>Perdido Brewey<\/li><li>Celeiro 13<\/li><li>Maison Watson<\/li><li>Amor de escaravelho<\/li><li>Maison Jaune<\/li><li>Hotel Taupe<\/li><li>Maison Polbez<\/li><li>Helic\u00f3pteros Skytech<\/li><li>Chateau DB<\/li><li>Castelo G<\/li><li>Maison Heidelberg \/ Tipografia perdida<\/li><li>Mercedes perdida<\/li><li>Naufr\u00e1gio I<\/li><li>Naufr\u00e1gio II<\/li><li>Chal\u00e9 Aranhas Brancas<\/li><li>Abrigo de animais perdidos<\/li><li>Kazerne T<\/li><li>Maison Stoet<\/li><li>Rapaz da escola<\/li><li>Filature Robotique<\/li><li>O pombo<\/li><li>O Silo<\/li><li>Maison Gramophone<\/li><li>Forte Seis<\/li><li>O Grill Bar<\/li><li>Maison MO<\/li><li>O matadouro militar<\/li><li>Casinha de p\u00e1ssaros<\/li><li>Igreja dos restos mortais<\/li><li>Forte S<\/li><li>Igreja SB \/ Kapel SB<\/li><li>Mosteiro L<\/li><li>Comida de fogo<\/li><li>Torcida intemporal<\/li><li>Forte B<\/li><li>De bunkers in het bos \/ Os bunkers na floresta<\/li><li>O \u00faltimo prato<\/li><li>A casa na floresta<\/li><li>Quinta Longa<\/li><li>Ferme Retour vers le Pass\u00e9<\/li><li>Casa na floresta escondida<\/li><li>Maison Squirrel<\/li><li>Mosteiro da Decad\u00eancia M<\/li><li>Maison Classico<\/li><li>Maison Laboratoire<\/li><\/ul><\/p>","protected":false},"excerpt":{"rendered":"<p>Este mapa urbex fornece-lhe todos os locais de explora\u00e7\u00e3o urbana (urbex) em<strong> B\u00e9lgica, Antu\u00e9rpia.<\/strong> Este mapa de lugares perdidos permanecer\u00e1 atualizado e acess\u00edvel durante, pelo menos, 365 dias ap\u00f3s a compra.<\/p>\n<p>This map has currently 69 of the most unique urban exploring locations in Belgium: Antwerp and is accessible from anywhere with our easy to use map<strong>.<\/p>\n<p><\/strong><strong>Se j\u00e1 tem este pacote, pode aceder-lhe atrav\u00e9s de <a href=\"\/pt\/a-minha-conta\/area-de-membros\/43905\/o-meu-conteudo-de-membro\/\">Os meus mapas &gt; Ver.<\/a><\/strong><strong><\/p>\n<p><\/strong><a href=\"#tab-description\">Lista de todas as localiza\u00e7\u00f5es Urbex neste mapa.<\/a><\/p>","protected":false},"featured_media":48134,"template":"","meta":[],"product_brand":[],"product_cat":[198,197,322,1134],"product_tag":[323],"class_list":{"0":"post-14648","1":"product","2":"type-product","3":"status-publish","4":"has-post-thumbnail","6":"product_cat-antwerp","7":"product_cat-belgium","8":"product_cat-location-packs","9":"product_cat-maps-belgium","10":"product_tag-locationpack","12":"first","13":"instock","14":"taxable","15":"shipping-taxable","16":"purchasable","17":"product-type-variable"},"jetpack_sharing_enabled":true,"_links":{"self":[{"href":"https:\/\/urbex.direct\/pt\/wp-json\/wp\/v2\/product\/14648","targetHints":{"allow":["GET"]}}],"collection":[{"href":"https:\/\/urbex.direct\/pt\/wp-json\/wp\/v2\/product"}],"about":[{"href":"https:\/\/urbex.direct\/pt\/wp-json\/wp\/v2\/types\/product"}],"wp:featuredmedia":[{"embeddable":true,"href":"https:\/\/urbex.direct\/pt\/wp-json\/wp\/v2\/media\/48134"}],"wp:attachment":[{"href":"https:\/\/urbex.direct\/pt\/wp-json\/wp\/v2\/media?parent=14648"}],"wp:term":[{"taxonomy":"product_brand","embeddable":true,"href":"https:\/\/urbex.direct\/pt\/wp-json\/wp\/v2\/product_brand?post=14648"},{"taxonomy":"product_cat","embeddable":true,"href":"https:\/\/urbex.direct\/pt\/wp-json\/wp\/v2\/product_cat?post=14648"},{"taxonomy":"product_tag","embeddable":true,"href":"https:\/\/urbex.direct\/pt\/wp-json\/wp\/v2\/product_tag?post=14648"}],"curies":[{"name":"wp","href":"https:\/\/api.w.org\/{rel}","templated":true}]}}