{"id":14646,"date":"2021-07-03T16:12:49","date_gmt":"2021-07-03T15:12:49","guid":{"rendered":"https:\/\/urbex.direct\/?post_type=product&#038;p=14646"},"modified":"2025-05-16T23:36:33","modified_gmt":"2025-05-16T22:36:33","slug":"mapa-de-localizacao-be-flemish-brabant","status":"publish","type":"product","link":"https:\/\/urbex.direct\/pt\/product\/location-map-be-flemish-brabant\/","title":{"rendered":"Urbex Map Belgium: Brabante Flamengo (Acesso por 1 ou 2 anos)"},"content":{"rendered":"<p>Este mapa cont\u00e9m as seguintes localiza\u00e7\u00f5es: <ul><li>Casa de confe\u00e7\u00e3o<\/li><li>Moradia escondida<\/li><li>Maison Benjamin<\/li><li>Bloso Hofstade<\/li><li>Casa Lagoa<\/li><li>Quinta Johny Walker<\/li><li>Huize Sarens<\/li><li>Kasteel de Wip<\/li><li>La Forte Colline<\/li><li>Maison Aa<\/li><li>Maison Aurore<\/li><li>Maison Cardo<\/li><li>Maison Croquette<\/li><li>Maison Decay<\/li><li>Maison Deli<\/li><li>Maison du Provence<\/li><li>Maison Greg<\/li><li>Maison Linde<\/li><li>Maison Papier Peint<\/li><li>Maison Pelican<\/li><li>Maison Rafael<\/li><li>Maison Suzy<\/li><li>Maison Vagevuur<\/li><li>Maison Zinnia<\/li><li>Casa dos Moldes 2<\/li><li>Hotel Nouvelle Londo<\/li><li>Ilha do Obturador<\/li><li>Doppelganger de Shutter Island<\/li><li>Chal\u00e9 do p\u00e2ntano<\/li><li>Quinta da Tapioca<\/li><li>Villa Ginette<\/li><li>Villa Maria Joanna<\/li><li>A Casa Branca<\/li><li>Gin\u00e1sio da Sorveira<\/li><li>Villa U<\/li><li>Vila Steen<\/li><li>Ca\u00e7as a jato<\/li><li>Tomb Raider<\/li><li>Casa Santa<\/li><li>Vila Haista<\/li><li>Villa Erdo<\/li><li>Maison Pitoeshk<\/li><li>Maison Salie<\/li><li>Maison Baptist<\/li><li>Carros amarelos<\/li><li>Jean Bets<\/li><li>Farm T \/ Ferme Dianthus<\/li><li>A escola das cordas<\/li><li>Casa Tribal<\/li><li>Usine Graffiti<\/li><li>Piscina Marcel<\/li><li>Maison Audi \/ Maison Saray<\/li><li>Quinta de ovelhas negras \/ Maison mouton noir<\/li><li>Locomotiva \/ O dorminhoco verde<\/li><li>Clube XXX<\/li><li>Maison Vil<\/li><li>Plano Pentaton<\/li><li>Autocarro da selva 2.0<\/li><li>Usine Melange<\/li><li>Hospital Militar<\/li><li>Academia de voo \/ Escola de pilotos<\/li><li>Quinta Pricedogs<\/li><li>Alimentos voadores<\/li><li>O Bar do Whisky<\/li><li>Ferme Bingo \/ Quinta do Bingo<\/li><li>Ferme Lessive \/ Dia da Lavandaria 2.0<\/li><li>Utiliza\u00e7\u00e3o de papel<\/li><li>Maison Tom en Jerry<\/li><li>Maison Vi\u00fava Negra<\/li><li>A cantina de Rugby<\/li><li>Banda de Jesus<\/li><li>Maison Filou \/ Casa solit\u00e1ria<\/li><li>Maison Howling Wolf<\/li><li>Igreja nunca terminada \/ \u00c9glise jamais termin\u00e9e<\/li><li>O Chal\u00e9 Retro \/ Chal\u00e9 Hunter<\/li><li>N\u00e3o \u00e9 uma f\u00e1brica de cerveja<\/li><li>Maison de Jager<\/li><li>Maison Bramble<\/li><li>Hotel Oval<\/li><\/ul><\/p>","protected":false},"excerpt":{"rendered":"<p>Este mapa urbex fornece-lhe todos os locais de explora\u00e7\u00e3o urbana (urbex) em<strong> B\u00e9lgica, Brabante Flamengo.<\/strong> Este mapa de lugares perdidos permanecer\u00e1 atualizado e acess\u00edvel durante, pelo menos, 365 dias ap\u00f3s a compra.<\/p>\n<p>This map has currently 79 of the most unique urban exploring locations in Belgium: Flemish Brabant and is accessible from anywhere with our easy to use map<strong>.<\/p>\n<p><\/strong><strong>Se j\u00e1 tem este pacote, pode aceder-lhe atrav\u00e9s de <a href=\"\/pt\/a-minha-conta\/area-de-membros\/43905\/o-meu-conteudo-de-membro\/\">Os meus mapas &gt; Ver.<\/a><\/strong><strong><\/p>\n<p><\/strong><a href=\"#tab-description\">Lista de todas as localiza\u00e7\u00f5es Urbex neste mapa.<\/a><\/p>","protected":false},"featured_media":48137,"template":"","meta":[],"product_brand":[],"product_cat":[197,205,322,1134],"product_tag":[323],"class_list":{"0":"post-14646","1":"product","2":"type-product","3":"status-publish","4":"has-post-thumbnail","6":"product_cat-belgium","7":"product_cat-flemish-brabant","8":"product_cat-location-packs","9":"product_cat-maps-belgium","10":"product_tag-locationpack","12":"first","13":"instock","14":"taxable","15":"shipping-taxable","16":"purchasable","17":"product-type-variable"},"jetpack_sharing_enabled":true,"_links":{"self":[{"href":"https:\/\/urbex.direct\/pt\/wp-json\/wp\/v2\/product\/14646","targetHints":{"allow":["GET"]}}],"collection":[{"href":"https:\/\/urbex.direct\/pt\/wp-json\/wp\/v2\/product"}],"about":[{"href":"https:\/\/urbex.direct\/pt\/wp-json\/wp\/v2\/types\/product"}],"wp:featuredmedia":[{"embeddable":true,"href":"https:\/\/urbex.direct\/pt\/wp-json\/wp\/v2\/media\/48137"}],"wp:attachment":[{"href":"https:\/\/urbex.direct\/pt\/wp-json\/wp\/v2\/media?parent=14646"}],"wp:term":[{"taxonomy":"product_brand","embeddable":true,"href":"https:\/\/urbex.direct\/pt\/wp-json\/wp\/v2\/product_brand?post=14646"},{"taxonomy":"product_cat","embeddable":true,"href":"https:\/\/urbex.direct\/pt\/wp-json\/wp\/v2\/product_cat?post=14646"},{"taxonomy":"product_tag","embeddable":true,"href":"https:\/\/urbex.direct\/pt\/wp-json\/wp\/v2\/product_tag?post=14646"}],"curies":[{"name":"wp","href":"https:\/\/api.w.org\/{rel}","templated":true}]}}