{"id":14645,"date":"2021-07-03T16:08:21","date_gmt":"2021-07-03T15:08:21","guid":{"rendered":"https:\/\/urbex.direct\/?post_type=product&#038;p=14645"},"modified":"2025-05-16T23:36:45","modified_gmt":"2025-05-16T22:36:45","slug":"mapa-de-localizacao-be-hainaut","status":"publish","type":"product","link":"https:\/\/urbex.direct\/pt\/product\/location-map-be-hainaut\/","title":{"rendered":"Urbex Map Belgium: Hainaut (Acesso de 1 ou 2 anos)"},"content":{"rendered":"<p>Este mapa cont\u00e9m as seguintes localiza\u00e7\u00f5es: <ul><li>Ferme Minerva<\/li><li>Hora do filme<\/li><li>Big Red 2.0 \/ Turbina IM<\/li><li>Au Pain Perdu<\/li><li>Barrack X<\/li><li>Briquetes d&#039;Ere<\/li><li>Carlo Beton<\/li><li>Carriere Norte<\/li><li>Charbonnage du Gouffre<\/li><li>Castelo de la Morliere\/Chateau des Muscles<\/li><li>Igreja do Corvo<\/li><li>Cockerie Marchienne<\/li><li>Torre de \u00e1gua de Cockerie<\/li><li>Igreja de Belvedaire<\/li><li>Garagem Margoulin \/ Garagem Renault<\/li><li>Cemit\u00e9rio SL<\/li><li>Hospital Dorcas<\/li><li>Interbet\u00e3o<\/li><li>Maison Bastin<\/li><li>Maison Chat<\/li><li>Maison Damascus<\/li><li>Maison Scrabble<\/li><li>Manoir aux Marionnettes<\/li><li>Piscina Mosq<\/li><li>Pont d&#039;Allain<\/li><li>Central el\u00e9ctrica C2<\/li><li>Remise Monceau<\/li><li>Resto Hubert<\/li><li>Telheiro C<\/li><li>Soufflet-Leblond<\/li><li>S\u00e3o Ghislain<\/li><li>Os t\u00faneis do canal<\/li><li>Utiliza\u00e7\u00e3o AGC<\/li><li>Usine Bobins Rouges<\/li><li>Empresa Qu\u00edmica Belga<\/li><li>Usina Gustav Boel<\/li><li>Usine Perrin<\/li><li>Usine Verre Vert<\/li><li>Moradia F<\/li><li>Villa Lion Nouvelle<\/li><li>C\u00e3es h\u00famidos<\/li><li>A tua mina \u00e9 minha<\/li><li>Charbonnage FT<\/li><li>Nains Jaune<\/li><li>Luvtrucks \/ Patriotas perdidos<\/li><li>Vila Leopoldo<\/li><li>Usine Jaguar<\/li><li>Est\u00e1bulo perdido<\/li><li>Guerra das Estrelas<\/li><li>Maison Diana<\/li><li>Usine Xyloborus<\/li><li>Clube Libertine<\/li><li>Lounge da cadeira verde<\/li><li>Mina da Lagoa Azul<\/li><li>Maison Du D\u00e9funt Oubli\u00e9<\/li><li>Capela do MG<\/li><li>Clube queimado\/Resto<\/li><li>Sal\u00f5es vazios<\/li><li>Maison Volvo<\/li><li>Casa de Escher<\/li><li>F\u00e1brica de garrafas G<\/li><li>El\u00e9ctricos perdidos<\/li><li>5 Ford&#039;s<\/li><li>Despachante de comboios<\/li><li>Fronderie J<\/li><li>Disco sagrado<\/li><li>Oleiro Chopin<\/li><li>Speedy Bastos<\/li><li>Lost Spa e Welness<\/li><li>Casa da \u00e1gua<\/li><li>O jardim do carro antigo<\/li><li>Ponte do comboio antigo 2.0<\/li><li>L&#039;Eglise Blue<\/li><li>A morgue<\/li><li>Filmagem acidental<\/li><li>Maison Gr\u00e9goire<\/li><li>Chateau Donkey<\/li><li>Janelas roxas<\/li><li>Chateau Halloween<\/li><li>O Dom\u00ednio Oubli\u00e9<\/li><li>Chateau de Beaumonde \/ Banqueta Manoir \/ Banco Manoir<\/li><li>Colapso da piscina<\/li><li>Utilizar para imprimir<\/li><li>Caravana Maison<\/li><li>Maison Rum<\/li><li>O barrac\u00e3o branco<\/li><li>Central el\u00e9ctrica azul<\/li><li>Boutique d&#039;antiquit\u00e9s<\/li><li>Maison Aristochat<\/li><li>Le Petit Martinet<\/li><li>Casa do circo<\/li><li>Maison TV<\/li><li>Ch\u00e2teau Tristesse<\/li><li>Antigo Clube O<\/li><li>Homem da Villa<\/li><li>A Morgue 3.0 \/ Petite Morgue T<\/li><li>Escola Cha<\/li><li>Maison Forgotten Cars<\/li><li>Charbonnage du Lev<\/li><li>Rio Four \u00e0 Chaux<\/li><li>A F\u00e1brica da Floresta \/ Usine for\u00eat<\/li><li>Maison Moviemaker<\/li><li>A rua esquecida<\/li><li>As antigas torres mineiras<\/li><li>Carriere G<\/li><li>Usine Shelt \/ A f\u00e1brica de regresso \u00e0 natureza<\/li><li>Manoir Amityville<\/li><li>Outra f\u00e1brica de a\u00e7o<\/li><li>O Gabinete Dourado<\/li><li>Cervejaria JS<\/li><li>Maison Benviers<\/li><li>A escola acabou<\/li><li>Cama de dormir amarela<\/li><li>2 Gas\u00f3metros com excesso de vegeta\u00e7\u00e3o<\/li><li>Cortador de casas<\/li><li>O Comboio Negro<\/li><li>Manoir Cles<\/li><li>Maison Swastika<\/li><li>Carro enferrujado Serre<\/li><li>Villa Fusils \/ Casa das armas<\/li><li>Ferme Ruin<\/li><li>Labo Syndical<\/li><li>Vila Etoile<\/li><li>Auberge du Foret<\/li><li>Ferme Brul\u00e9<\/li><li>Ecole Color\u00e9<\/li><li>Usine Blade Runner<\/li><li>Bar \u00e0 chaises rouges \/ Red Chair Bar<\/li><\/ul><\/p>","protected":false},"excerpt":{"rendered":"<p>Este mapa urbex fornece-lhe todos os locais de explora\u00e7\u00e3o urbana (urbex) em<strong> B\u00e9lgica, Hainaut.<\/strong> Este mapa de lugares perdidos permanecer\u00e1 atualizado e acess\u00edvel durante, pelo menos, 365 dias ap\u00f3s a compra. <\/p>\n<p>This map has currently 128 of the most unique urban exploring locations in Belgium: Hainaut and is accessible from anywhere with our easy to use map<strong>. <\/p>\n<p><\/strong><strong>Se j\u00e1 tem este pacote, pode aceder-lhe atrav\u00e9s de <a href=\"\/pt\/a-minha-conta\/area-de-membros\/43905\/o-meu-conteudo-de-membro\/\">Os meus mapas &gt; Ver.<\/a><\/strong> <\/p>\n<p><a href=\"#tab-description\">Lista de todas as localiza\u00e7\u00f5es Urbex neste mapa.<\/a><\/p>","protected":false},"featured_media":48127,"template":"","meta":[],"product_brand":[],"product_cat":[197,199,322,1134],"product_tag":[323],"class_list":{"0":"post-14645","1":"product","2":"type-product","3":"status-publish","4":"has-post-thumbnail","6":"product_cat-belgium","7":"product_cat-hainaut","8":"product_cat-location-packs","9":"product_cat-maps-belgium","10":"product_tag-locationpack","12":"first","13":"instock","14":"taxable","15":"shipping-taxable","16":"purchasable","17":"product-type-variable"},"jetpack_sharing_enabled":true,"_links":{"self":[{"href":"https:\/\/urbex.direct\/pt\/wp-json\/wp\/v2\/product\/14645","targetHints":{"allow":["GET"]}}],"collection":[{"href":"https:\/\/urbex.direct\/pt\/wp-json\/wp\/v2\/product"}],"about":[{"href":"https:\/\/urbex.direct\/pt\/wp-json\/wp\/v2\/types\/product"}],"wp:featuredmedia":[{"embeddable":true,"href":"https:\/\/urbex.direct\/pt\/wp-json\/wp\/v2\/media\/48127"}],"wp:attachment":[{"href":"https:\/\/urbex.direct\/pt\/wp-json\/wp\/v2\/media?parent=14645"}],"wp:term":[{"taxonomy":"product_brand","embeddable":true,"href":"https:\/\/urbex.direct\/pt\/wp-json\/wp\/v2\/product_brand?post=14645"},{"taxonomy":"product_cat","embeddable":true,"href":"https:\/\/urbex.direct\/pt\/wp-json\/wp\/v2\/product_cat?post=14645"},{"taxonomy":"product_tag","embeddable":true,"href":"https:\/\/urbex.direct\/pt\/wp-json\/wp\/v2\/product_tag?post=14645"}],"curies":[{"name":"wp","href":"https:\/\/api.w.org\/{rel}","templated":true}]}}