{"id":14643,"date":"2021-07-03T16:00:30","date_gmt":"2021-07-03T15:00:30","guid":{"rendered":"https:\/\/urbex.direct\/?post_type=product&#038;p=14643"},"modified":"2025-05-16T23:37:19","modified_gmt":"2025-05-16T22:37:19","slug":"mapa-de-localizacao-be-namur","status":"publish","type":"product","link":"https:\/\/urbex.direct\/pt\/product\/location-map-be-namur\/","title":{"rendered":"Urbex Map Belgium: Namur (Acesso de 1 ou 2 anos)"},"content":{"rendered":"<p>Este mapa cont\u00e9m as seguintes localiza\u00e7\u00f5es: <ul><li>Casa de f\u00e9rias em floresta<\/li><li>Caf\u00e9 Bird<\/li><li>Hangar Du Baron<\/li><li>Chateau Blanchisserie<\/li><li>Igreja SV<\/li><li>Esta\u00e7\u00e3o terrestre<\/li><li>Instituto Chasseur Artista<\/li><li>Maison Colombine<\/li><li>Esta\u00e7\u00e3o Real<\/li><li>Usine Lucky Luke<\/li><li>Usine PRB<\/li><li>Maison Warisoulx<\/li><li>Comboios da Segunda Guerra Mundial<\/li><li>Capela das Orties<\/li><li>Cemit\u00e9rio de Volkswagen \/ La Foret aux Volkswagen Coccinelle<\/li><li>Cadeiras para \u00e1rvores<\/li><li>Forte C<\/li><li>Maison Chapeau Buse<\/li><li>Pens\u00e3o da Cascata<\/li><li>Comboio a vapor<\/li><li>Usine Biker<\/li><li>Porto Perdido<\/li><li>Manoir de la Par<\/li><li>L&#039;ancienne \u00e9cole des enfants<\/li><li>Carros de cole\u00e7\u00e3o<\/li><li>Quatro \u00e0 chaux<\/li><li>Casa de cartas \/ Maison Tarot<\/li><li>Ardoiserie de b<\/li><li>Edif\u00edcio de estacionamento abandonado<\/li><li>Utiliza\u00e7\u00e3o de artigos para homens<\/li><li>Cadeiras Maison<\/li><li>A ru\u00edna do castelo grande<\/li><li>Forte assustador S<\/li><li>Piscina Bonsoir \/ Piscina Ivoire<\/li><li>O Celeiro da Decad\u00eancia<\/li><li>Castelo Miele<\/li><li>In\u00edcio da Capela da Decad\u00eancia<\/li><li>Grelhador desarrumado<\/li><li>Barco esquecido<\/li><li>Acampar na floresta<\/li><li>Ferme Inter<\/li><li>Casa do carro verde<\/li><li>Ruine T<\/li><li>Abrigo de comboios nazis \/ Caminhos de ferro fantasmas<\/li><li>Pub Bleu<\/li><li>Ecole Plastic<\/li><\/ul><\/p>","protected":false},"excerpt":{"rendered":"<p>Este mapa urbex fornece-lhe todos os locais de explora\u00e7\u00e3o urbana (urbex) em<strong> B\u00e9lgica, Namur.<\/strong> Este mapa de lugares perdidos permanecer\u00e1 atualizado e acess\u00edvel durante, pelo menos, 365 dias ap\u00f3s a compra. <\/p>\n<p>This map has currently 46 of the most unique urban exploring locations in Belgium: Namur and is accessible from anywhere with our easy to use map<strong>. <\/p>\n<p><\/strong><strong>Se j\u00e1 tem este pacote, pode aceder-lhe atrav\u00e9s de <a href=\"\/pt\/a-minha-conta\/area-de-membros\/43905\/o-meu-conteudo-de-membro\/\">Os meus mapas &gt; Ver.<\/a><\/strong> <\/p>\n<p><a href=\"#tab-description\">Lista de todas as localiza\u00e7\u00f5es Urbex neste mapa.<\/a><\/p>","protected":false},"featured_media":48136,"template":"","meta":[],"product_brand":[],"product_cat":[197,322,1134,203],"product_tag":[323],"class_list":{"0":"post-14643","1":"product","2":"type-product","3":"status-publish","4":"has-post-thumbnail","6":"product_cat-belgium","7":"product_cat-location-packs","8":"product_cat-maps-belgium","9":"product_cat-namur","10":"product_tag-locationpack","12":"first","13":"instock","14":"taxable","15":"shipping-taxable","16":"purchasable","17":"product-type-variable"},"jetpack_sharing_enabled":true,"_links":{"self":[{"href":"https:\/\/urbex.direct\/pt\/wp-json\/wp\/v2\/product\/14643","targetHints":{"allow":["GET"]}}],"collection":[{"href":"https:\/\/urbex.direct\/pt\/wp-json\/wp\/v2\/product"}],"about":[{"href":"https:\/\/urbex.direct\/pt\/wp-json\/wp\/v2\/types\/product"}],"wp:featuredmedia":[{"embeddable":true,"href":"https:\/\/urbex.direct\/pt\/wp-json\/wp\/v2\/media\/48136"}],"wp:attachment":[{"href":"https:\/\/urbex.direct\/pt\/wp-json\/wp\/v2\/media?parent=14643"}],"wp:term":[{"taxonomy":"product_brand","embeddable":true,"href":"https:\/\/urbex.direct\/pt\/wp-json\/wp\/v2\/product_brand?post=14643"},{"taxonomy":"product_cat","embeddable":true,"href":"https:\/\/urbex.direct\/pt\/wp-json\/wp\/v2\/product_cat?post=14643"},{"taxonomy":"product_tag","embeddable":true,"href":"https:\/\/urbex.direct\/pt\/wp-json\/wp\/v2\/product_tag?post=14643"}],"curies":[{"name":"wp","href":"https:\/\/api.w.org\/{rel}","templated":true}]}}