{"id":14642,"date":"2021-07-03T15:53:56","date_gmt":"2021-07-03T14:53:56","guid":{"rendered":"https:\/\/urbex.direct\/?post_type=product&#038;p=14642"},"modified":"2025-05-16T23:37:24","modified_gmt":"2025-05-16T22:37:24","slug":"mapa-de-localizacao-da-flandres-ocidental","status":"publish","type":"product","link":"https:\/\/urbex.direct\/pt\/product\/location-map-be-west-flanders\/","title":{"rendered":"Urbex Map Belgium: Flandres Ocidental (Acesso por 1 ou 2 anos)"},"content":{"rendered":"<p>Este mapa cont\u00e9m as seguintes localiza\u00e7\u00f5es: <ul><li>Capela de Skelet<\/li><li>Villa Decay<\/li><li>Quinta Hugo<\/li><li>Quinta Piedra<\/li><li>Ferme Opel<\/li><li>In\u00edcio Mathilde Schroyens<\/li><li>Casa de Poesia Melk<\/li><li>Huize Georgette<\/li><li>Maison 1927<\/li><li>Maison Albert<\/li><li>Casa do Grande Georges<\/li><li>Maison Djinkiewinkie<\/li><li>Maison Ebola<\/li><li>Maison Horne<\/li><li>Maison Muelle<\/li><li>Maison Sas<\/li><li>Maison sur le Point<\/li><li>Maison V8<\/li><li>Manoir Trois Ponts<\/li><li>Nedarbojas<\/li><li>Ypres antigo<\/li><li>O autocarro verde<\/li><li>O novo dentista<\/li><li>Usine Leopard<\/li><li>Villa Acebo<\/li><li>Vila Battre<\/li><li>Vila Beuk<\/li><li>Villa Easy<\/li><li>Tio Sam<\/li><li>Casa de Deus<\/li><li>Maison Djevalo<\/li><li>Maison Citroen<\/li><li>Maison Martha<\/li><li>Escola perdida P<\/li><li>Mini Watt \/ Idade da Pedra<\/li><li>Maison Grape<\/li><li>A limusina Hummer<\/li><li>Maison Gabriel<\/li><li>Hangar perdido<\/li><li>Barril Usine<\/li><li>Cemit\u00e9rio do cr\u00e2nio<\/li><li>Usine IZ<\/li><li>Escola de Decad\u00eancia<\/li><li>Vila da Floresta&#039;s<\/li><li>Acampar no mar<\/li><li>Oficina Peters<\/li><li>Igreja Nunes Bleues<\/li><li>Villa Permis<\/li><li>Hotel Pigeon<\/li><li>Piscina KB<\/li><li>Maison of the Witch \/ Maison de la sorci\u00e8re<\/li><li>Cemit\u00e9rio B1000<\/li><li>Sal\u00e3o de Teatro \/ Salle de F\u00eate<\/li><li>Bunkers O<\/li><li>Bunkers O 2<\/li><li>Igreja Nunes Noir \/ Zwarte Nonnen Klooster<\/li><li>Maison Mystique<\/li><li>Escola de pompeiros<\/li><li>Ferme Dentista<\/li><li>Abrigo de acampamento em ru\u00ednas<\/li><li>Jogo de tabuleiro Maison \/ Maison Tint<\/li><li>Casa com atelier azul<\/li><li>Lago Manoir<\/li><li>Paragem de cami\u00f5es Maison<\/li><li>Maison Ballerina<\/li><li>Fazenda Prairie<\/li><li>Galo de Ferme<\/li><li>Maison enterrada viva<\/li><li>Restaurante Roue<\/li><li>Casa assombrada inacabada<\/li><li>A ru\u00edna do rio<\/li><li>O Snackbar de Estacionamento<\/li><li>Ferme Costa<\/li><li>Bunker de praia<\/li><li>Meia Cervejaria<\/li><li>A grande loja<\/li><li>A Quinta do Rel\u00f3gio<\/li><li>Maison Motard<\/li><li>Parque infantil<\/li><li>Casa dos veados<\/li><li>Rec\u00e9m-nascido de quinta<\/li><li>Canto da Maison<\/li><li>Villa Cube<\/li><li>Escola agr\u00edcola<\/li><li>Maison Hazel<\/li><li>Mosscape<\/li><li>Le fabricant de pantoufles \/ De Pantoffel Maker<\/li><li>Casa de banho Maison Forgotten<\/li><li>Ferme Zarren<\/li><li>Little chalet in the forest<\/li><li>Maison Monster<\/li><\/ul><\/p>","protected":false},"excerpt":{"rendered":"<p>Este mapa urbex fornece-lhe todos os locais de explora\u00e7\u00e3o urbana (urbex) em<strong> B\u00e9lgica, Flandres Ocidental.<\/strong> Este mapa de locais perdidos permanecer\u00e1 atualizado e acess\u00edvel durante, pelo menos, 365 dias ap\u00f3s a compra. Este mapa tem atualmente 91 dos locais de explora\u00e7\u00e3o urbana mais exclusivos da B\u00e9lgica: Flandres Ocidental e \u00e9 acess\u00edvel a partir de qualquer lugar com o nosso mapa f\u00e1cil de utilizar<strong>. <\/strong><strong>Se j\u00e1 tem este pacote, pode aceder-lhe atrav\u00e9s de <a href=\"\/pt\/a-minha-conta\/area-de-membros\/43905\/o-meu-conteudo-de-membro\/\">Os meus mapas &gt; Ver.<\/a><\/strong> <a href=\"#tab-description\">Lista de todas as localiza\u00e7\u00f5es Urbex neste mapa.<\/a><\/p>","protected":false},"featured_media":48130,"template":"","meta":[],"product_brand":[],"product_cat":[197,322,1134,207],"product_tag":[323],"class_list":{"0":"post-14642","1":"product","2":"type-product","3":"status-publish","4":"has-post-thumbnail","6":"product_cat-belgium","7":"product_cat-location-packs","8":"product_cat-maps-belgium","9":"product_cat-west-flanders","10":"product_tag-locationpack","12":"first","13":"instock","14":"taxable","15":"shipping-taxable","16":"purchasable","17":"product-type-variable"},"jetpack_sharing_enabled":true,"_links":{"self":[{"href":"https:\/\/urbex.direct\/pt\/wp-json\/wp\/v2\/product\/14642","targetHints":{"allow":["GET"]}}],"collection":[{"href":"https:\/\/urbex.direct\/pt\/wp-json\/wp\/v2\/product"}],"about":[{"href":"https:\/\/urbex.direct\/pt\/wp-json\/wp\/v2\/types\/product"}],"wp:featuredmedia":[{"embeddable":true,"href":"https:\/\/urbex.direct\/pt\/wp-json\/wp\/v2\/media\/48130"}],"wp:attachment":[{"href":"https:\/\/urbex.direct\/pt\/wp-json\/wp\/v2\/media?parent=14642"}],"wp:term":[{"taxonomy":"product_brand","embeddable":true,"href":"https:\/\/urbex.direct\/pt\/wp-json\/wp\/v2\/product_brand?post=14642"},{"taxonomy":"product_cat","embeddable":true,"href":"https:\/\/urbex.direct\/pt\/wp-json\/wp\/v2\/product_cat?post=14642"},{"taxonomy":"product_tag","embeddable":true,"href":"https:\/\/urbex.direct\/pt\/wp-json\/wp\/v2\/product_tag?post=14642"}],"curies":[{"name":"wp","href":"https:\/\/api.w.org\/{rel}","templated":true}]}}