{"id":14638,"date":"2021-07-03T15:38:22","date_gmt":"2021-07-03T14:38:22","guid":{"rendered":"https:\/\/urbex.direct\/?post_type=product&#038;p=14638"},"modified":"2025-06-17T20:21:09","modified_gmt":"2025-06-17T19:21:09","slug":"mapa-de-localizacao-belgica-todas-as-regioes","status":"publish","type":"product","link":"https:\/\/urbex.direct\/pt\/product\/location-map-belgium-all-regions\/","title":{"rendered":"Urbex Map Belgium: Todas as regi\u00f5es (acesso de 1 ou 2 anos)"},"content":{"rendered":"<h1 class=\"wp-block-heading\">Navegar nos locais de explora\u00e7\u00e3o urbana da B\u00e9lgica<\/h1>\n\n\n\n<p>\u00c9 um aventureiro de cora\u00e7\u00e3o? Est\u00e1 sempre \u00e0 procura de experi\u00eancias \u00fanicas que satisfa\u00e7am o seu desejo de aventura? N\u00e3o procure mais, o nosso Urbex Location Map Belgium, com todos os locais de explora\u00e7\u00e3o urbana escondidos em todo o pa\u00eds, incluindo actualiza\u00e7\u00f5es, e facilmente naveg\u00e1vel no seu telem\u00f3vel, tablet ou PC.<\/p>\n\n\n\n<h2 class=\"wp-block-heading\">Descubra j\u00f3ias urbanas escondidas em toda a B\u00e9lgica<\/h2>\n\n\n\n<p>Com o nosso Mapa de Localiza\u00e7\u00e3o Urbex, pode explorar o fascinante mundo da explora\u00e7\u00e3o urbana na B\u00e9lgica, desde os sinistros e decadentes edif\u00edcios abandonados, f\u00e1bricas e locais industriais, at\u00e9 aos t\u00faneis subterr\u00e2neos escondidos e locais hist\u00f3ricos esquecidos. O nosso mapa inclui todos os locais que s\u00e3o dif\u00edceis de encontrar e n\u00e3o s\u00e3o acess\u00edveis pelos meios tradicionais, permitindo-lhe satisfazer o seu esp\u00edrito aventureiro e explorar locais que nunca soube que existiam.<\/p>\n\n\n\n<h2 class=\"wp-block-heading\">Liberte o seu explorador interior com o nosso mapa de localiza\u00e7\u00e3o Urbex<\/h2>\n\n\n\n<p>O nosso mapa de localiza\u00e7\u00f5es Urbex \u00e9 imprescind\u00edvel para qualquer explorador urbano, quer seja um profissional experiente ou esteja apenas a come\u00e7ar. Com todos os locais num s\u00f3 lugar, pode planear facilmente a sua pr\u00f3xima aventura e descobrir novos locais para explorar. Quer esteja \u00e0 procura de adrenalina ou queira simplesmente experimentar a emo\u00e7\u00e3o de descobrir j\u00f3ias escondidas, o nosso Mapa de localiza\u00e7\u00e3o Urbex \u00e9 a ferramenta perfeita para si.<\/p>\n\n\n\n<h2 class=\"wp-block-heading\">Conhe\u00e7a os lugares urbanos abandonados da B\u00e9lgica como nunca antes<\/h2>\n\n\n\n<p>O nosso mapa de localiza\u00e7\u00e3o Urbex leva-o numa viagem pelo mundo oculto e esquecido da explora\u00e7\u00e3o urbana. Desde f\u00e1bricas abandonadas e zonas industriais, a hospitais abandonados e castelos esquecidos, o nosso mapa permite-lhe conhecer estes locais como nunca antes. Com actualiza\u00e7\u00f5es regulares e uma navega\u00e7\u00e3o f\u00e1cil, pode explorar estes locais com confian\u00e7a, sabendo que tem a informa\u00e7\u00e3o mais actualizada na ponta dos dedos.<\/p>","protected":false},"excerpt":{"rendered":"<p>Este mapa urbex fornece-lhe todos os locais de explora\u00e7\u00e3o urbana (urbex) em<strong> B\u00e9lgica, Todas as regi\u00f5es.<\/strong> Este mapa de lugares perdidos permanecer\u00e1 atualizado e acess\u00edvel durante, pelo menos, 365 dias ap\u00f3s a compra.<\/p>\n<p class=\"p1\">This map has currently 717 of the most unique urban exploring locations in Belgium: All Regions and is accessible from anywhere with our easy to use map<strong>.<\/p>\n<p><\/strong><strong>Se j\u00e1 tem este pacote, pode aceder-lhe atrav\u00e9s de <a href=\"\/pt\/a-minha-conta\/area-de-membros\/43905\/o-meu-conteudo-de-membro\/\">Os meus mapas &gt; Ver.<\/a><\/strong><\/p>","protected":false},"featured_media":48133,"template":"","meta":[],"product_brand":[],"product_cat":[198,197,204,205,199,201,200,322,202,1134,203,206,207],"product_tag":[323],"class_list":{"0":"post-14638","1":"product","2":"type-product","3":"status-publish","4":"has-post-thumbnail","6":"product_cat-antwerp","7":"product_cat-belgium","8":"product_cat-east-flanders","9":"product_cat-flemish-brabant","10":"product_cat-hainaut","11":"product_cat-liege","12":"product_cat-limburg-be","13":"product_cat-location-packs","14":"product_cat-luxembourg-be","15":"product_cat-maps-belgium","16":"product_cat-namur","17":"product_cat-walloon-brabant","18":"product_cat-west-flanders","19":"product_tag-locationpack","21":"first","22":"instock","23":"taxable","24":"shipping-taxable","25":"purchasable","26":"product-type-variable"},"jetpack_sharing_enabled":true,"_links":{"self":[{"href":"https:\/\/urbex.direct\/pt\/wp-json\/wp\/v2\/product\/14638","targetHints":{"allow":["GET"]}}],"collection":[{"href":"https:\/\/urbex.direct\/pt\/wp-json\/wp\/v2\/product"}],"about":[{"href":"https:\/\/urbex.direct\/pt\/wp-json\/wp\/v2\/types\/product"}],"wp:featuredmedia":[{"embeddable":true,"href":"https:\/\/urbex.direct\/pt\/wp-json\/wp\/v2\/media\/48133"}],"wp:attachment":[{"href":"https:\/\/urbex.direct\/pt\/wp-json\/wp\/v2\/media?parent=14638"}],"wp:term":[{"taxonomy":"product_brand","embeddable":true,"href":"https:\/\/urbex.direct\/pt\/wp-json\/wp\/v2\/product_brand?post=14638"},{"taxonomy":"product_cat","embeddable":true,"href":"https:\/\/urbex.direct\/pt\/wp-json\/wp\/v2\/product_cat?post=14638"},{"taxonomy":"product_tag","embeddable":true,"href":"https:\/\/urbex.direct\/pt\/wp-json\/wp\/v2\/product_tag?post=14638"}],"curies":[{"name":"wp","href":"https:\/\/api.w.org\/{rel}","templated":true}]}}