{"id":13218,"date":"2021-05-16T15:02:32","date_gmt":"2021-05-16T14:02:32","guid":{"rendered":"https:\/\/urbex.direct\/product\/chateau-de-rosa\/"},"modified":"2024-12-01T15:41:03","modified_gmt":"2024-12-01T15:41:03","slug":"chateau-de-rosa","status":"publish","type":"product","link":"https:\/\/urbex.direct\/pt\/product\/chateau-de-rosa\/","title":{"rendered":"Ch\u00e2teau de Rosa"},"content":{"rendered":"","protected":false},"excerpt":{"rendered":"<p>Renova\u00e7\u00e3o<\/p>","protected":false},"featured_media":49849,"template":"","meta":[],"product_brand":[],"product_cat":[226,232,1054],"product_tag":[41,44],"class_list":{"0":"post-13218","1":"product","2":"type-product","3":"status-publish","4":"has-post-thumbnail","6":"product_cat-france","7":"product_cat-hauts-de-france","8":"product_cat-pas-de-calais-62","9":"product_tag-coordinaten","10":"product_tag-geenurbex","12":"first","13":"outofstock","14":"downloadable","15":"taxable","16":"shipping-taxable","17":"purchasable","18":"product-type-simple"},"jetpack_sharing_enabled":true,"_links":{"self":[{"href":"https:\/\/urbex.direct\/pt\/wp-json\/wp\/v2\/product\/13218","targetHints":{"allow":["GET"]}}],"collection":[{"href":"https:\/\/urbex.direct\/pt\/wp-json\/wp\/v2\/product"}],"about":[{"href":"https:\/\/urbex.direct\/pt\/wp-json\/wp\/v2\/types\/product"}],"wp:featuredmedia":[{"embeddable":true,"href":"https:\/\/urbex.direct\/pt\/wp-json\/wp\/v2\/media\/49849"}],"wp:attachment":[{"href":"https:\/\/urbex.direct\/pt\/wp-json\/wp\/v2\/media?parent=13218"}],"wp:term":[{"taxonomy":"product_brand","embeddable":true,"href":"https:\/\/urbex.direct\/pt\/wp-json\/wp\/v2\/product_brand?post=13218"},{"taxonomy":"product_cat","embeddable":true,"href":"https:\/\/urbex.direct\/pt\/wp-json\/wp\/v2\/product_cat?post=13218"},{"taxonomy":"product_tag","embeddable":true,"href":"https:\/\/urbex.direct\/pt\/wp-json\/wp\/v2\/product_tag?post=13218"}],"curies":[{"name":"wp","href":"https:\/\/api.w.org\/{rel}","templated":true}]}}