{"id":11333,"date":"2021-04-05T22:06:20","date_gmt":"2021-04-05T21:06:20","guid":{"rendered":"https:\/\/urbex.direct\/product\/hopital-de-benaville\/"},"modified":"2023-11-05T12:37:34","modified_gmt":"2023-11-05T12:37:34","slug":"hopital-de-benaville","status":"publish","type":"product","link":"https:\/\/urbex.direct\/pt\/product\/hopital-de-benaville\/","title":{"rendered":"Hospital de B\u00e9naville"},"content":{"rendered":"","protected":false},"excerpt":{"rendered":"<p>Renova\u00e7\u00e3o<\/p>","protected":false},"featured_media":49761,"template":"","meta":[],"product_brand":[],"product_cat":[1043,226,231],"product_tag":[41],"class_list":{"0":"post-11333","1":"product","2":"type-product","3":"status-publish","4":"has-post-thumbnail","6":"product_cat-bas-rhin-67","7":"product_cat-france","8":"product_cat-grand-est","9":"product_tag-coordinaten","11":"first","12":"outofstock","13":"downloadable","14":"taxable","15":"shipping-taxable","16":"purchasable","17":"product-type-simple"},"jetpack_sharing_enabled":true,"_links":{"self":[{"href":"https:\/\/urbex.direct\/pt\/wp-json\/wp\/v2\/product\/11333","targetHints":{"allow":["GET"]}}],"collection":[{"href":"https:\/\/urbex.direct\/pt\/wp-json\/wp\/v2\/product"}],"about":[{"href":"https:\/\/urbex.direct\/pt\/wp-json\/wp\/v2\/types\/product"}],"wp:featuredmedia":[{"embeddable":true,"href":"https:\/\/urbex.direct\/pt\/wp-json\/wp\/v2\/media\/49761"}],"wp:attachment":[{"href":"https:\/\/urbex.direct\/pt\/wp-json\/wp\/v2\/media?parent=11333"}],"wp:term":[{"taxonomy":"product_brand","embeddable":true,"href":"https:\/\/urbex.direct\/pt\/wp-json\/wp\/v2\/product_brand?post=11333"},{"taxonomy":"product_cat","embeddable":true,"href":"https:\/\/urbex.direct\/pt\/wp-json\/wp\/v2\/product_cat?post=11333"},{"taxonomy":"product_tag","embeddable":true,"href":"https:\/\/urbex.direct\/pt\/wp-json\/wp\/v2\/product_tag?post=11333"}],"curies":[{"name":"wp","href":"https:\/\/api.w.org\/{rel}","templated":true}]}}