{"id":5714,"date":"2021-03-03T15:06:17","date_gmt":"2021-03-03T15:06:17","guid":{"rendered":"https:\/\/urbex.direct\/?page_id=5714"},"modified":"2022-06-26T19:59:57","modified_gmt":"2022-06-26T18:59:57","slug":"faq","status":"publish","type":"page","link":"https:\/\/urbex.direct\/pt\/faq\/","title":{"rendered":"Perguntas frequentes"},"content":{"rendered":"<div data-elementor-type=\"wp-post\" data-elementor-id=\"5714\" class=\"elementor elementor-5714\" data-elementor-post-type=\"page\">\n\t\t\t\t\t\t<section class=\"elementor-section elementor-top-section elementor-element elementor-element-d7d8b56 elementor-section-boxed elementor-section-height-default elementor-section-height-default\" data-id=\"d7d8b56\" data-element_type=\"section\" data-settings=\"{&quot;background_background&quot;:&quot;classic&quot;}\">\n\t\t\t\t\t\t\t<div class=\"elementor-background-overlay\"><\/div>\n\t\t\t\t\t\t\t<div class=\"elementor-container elementor-column-gap-default\">\n\t\t\t\t\t<div class=\"elementor-column elementor-col-100 elementor-top-column elementor-element elementor-element-fd69444\" data-id=\"fd69444\" data-element_type=\"column\">\n\t\t\t<div class=\"elementor-widget-wrap elementor-element-populated\">\n\t\t\t\t\t\t<div class=\"elementor-element elementor-element-abcc2f2 elementor-widget elementor-widget-heading\" data-id=\"abcc2f2\" data-element_type=\"widget\" data-widget_type=\"heading.default\">\n\t\t\t\t<div class=\"elementor-widget-container\">\n\t\t\t\t\t<h1 class=\"elementor-heading-title elementor-size-default\">perguntas frequentes<\/h1>\t\t\t\t<\/div>\n\t\t\t\t<\/div>\n\t\t\t\t\t<\/div>\n\t\t<\/div>\n\t\t\t\t\t<\/div>\n\t\t<\/section>\n\t\t\t\t<section class=\"elementor-section elementor-top-section elementor-element elementor-element-0749e79 elementor-section-boxed elementor-section-height-default elementor-section-height-default\" data-id=\"0749e79\" data-element_type=\"section\">\n\t\t\t\t\t\t<div class=\"elementor-container elementor-column-gap-default\">\n\t\t\t\t\t<div class=\"elementor-column elementor-col-100 elementor-top-column elementor-element elementor-element-b13e86e\" data-id=\"b13e86e\" data-element_type=\"column\">\n\t\t\t<div class=\"elementor-widget-wrap elementor-element-populated\">\n\t\t\t\t\t\t<div class=\"elementor-element elementor-element-5a5753d elementor-widget elementor-widget-spacer\" data-id=\"5a5753d\" data-element_type=\"widget\" data-widget_type=\"spacer.default\">\n\t\t\t\t<div class=\"elementor-widget-container\">\n\t\t\t\t\t\t\t<div class=\"elementor-spacer\">\n\t\t\t<div class=\"elementor-spacer-inner\"><\/div>\n\t\t<\/div>\n\t\t\t\t\t\t<\/div>\n\t\t\t\t<\/div>\n\t\t\t\t\t<\/div>\n\t\t<\/div>\n\t\t\t\t\t<\/div>\n\t\t<\/section>\n\t\t\t\t<section class=\"elementor-section elementor-top-section elementor-element elementor-element-0ce9217 elementor-section-boxed elementor-section-height-default elementor-section-height-default\" data-id=\"0ce9217\" data-element_type=\"section\">\n\t\t\t\t\t\t<div class=\"elementor-container elementor-column-gap-default\">\n\t\t\t\t\t<div class=\"elementor-column elementor-col-100 elementor-top-column elementor-element elementor-element-c70982d\" data-id=\"c70982d\" data-element_type=\"column\">\n\t\t\t<div class=\"elementor-widget-wrap elementor-element-populated\">\n\t\t\t\t\t\t<div class=\"elementor-element elementor-element-42b7a98 elementor-widget elementor-widget-shortcode\" data-id=\"42b7a98\" data-element_type=\"widget\" data-widget_type=\"shortcode.default\">\n\t\t\t\t<div class=\"elementor-widget-container\">\n\t\t\t\t\t\t\t<div class=\"elementor-shortcode\"><style>#sp-ea-43122 .spcollapsing { height: 0; overflow: hidden; transition-property: height;transition-duration: 300ms;}#sp-ea-43122.sp-easy-accordion>.sp-ea-single {margin-bottom: 10px; border: 1px solid #e2e2e2; }#sp-ea-43122.sp-easy-accordion>.sp-ea-single>.ea-header a {color: #444;}#sp-ea-43122.sp-easy-accordion>.sp-ea-single>.sp-collapse>.ea-body {background: #fff; color: #444;}#sp-ea-43122.sp-easy-accordion>.sp-ea-single {background: #eee;}#sp-ea-43122.sp-easy-accordion>.sp-ea-single>.ea-header a .ea-expand-icon { float: left; color: #444;font-size: 16px;}<\/style><div id=\"sp_easy_accordion-1758515176\"><div id=\"sp-ea-43122\" class=\"sp-ea-one sp-easy-accordion\" data-ea-active=\"ea-click\" data-ea-mode=\"vertical\" data-preloader=\"\" data-scroll-active-item=\"\" data-offset-to-scroll=\"0\"><div class=\"ea-card sp-ea-single\"><h3 class=\"ea-header\"><a class=\"collapsed\" id=\"ea-header-431220\" role=\"button\" data-sptoggle=\"spcollapse\" data-sptarget=\"#collapse431220\" aria-controls=\"collapse431220\" href=\"#\" aria-expanded=\"false\" tabindex=\"0\"><i aria-hidden=\"true\" role=\"presentation\" class=\"ea-expand-icon eap-icon-ea-expand-plus\"><\/i> Tenho de obter autoriza\u00e7\u00e3o para visitar um local?<\/a><\/h3><div class=\"sp-collapse spcollapse spcollapse\" id=\"collapse431220\" data-parent=\"#sp-ea-43122\" role=\"region\" aria-labelledby=\"ea-header-431220\"> <div class=\"ea-body\"><p>Infelizmente, n\u00e3o fornecemos locais com autoriza\u00e7\u00e3o. Apenas fornecemos o endere\u00e7o e o resto \u00e9 consigo. Tenha em aten\u00e7\u00e3o que os locais podem ser propriedade de pessoas e deve sempre obter autoriza\u00e7\u00e3o do propriet\u00e1rio leg\u00edtimo.<\/p><p>Somos apenas um \"livro de endere\u00e7os\" para locais de explora\u00e7\u00e3o urbana.<\/p><\/div><\/div><\/div><div class=\"ea-card sp-ea-single\"><h3 class=\"ea-header\"><a class=\"collapsed\" id=\"ea-header-431221\" role=\"button\" data-sptoggle=\"spcollapse\" data-sptarget=\"#collapse431221\" aria-controls=\"collapse431221\" href=\"#\" aria-expanded=\"false\" tabindex=\"0\"><i aria-hidden=\"true\" role=\"presentation\" class=\"ea-expand-icon eap-icon-ea-expand-plus\"><\/i> O pagamento \u00e9 seguro?<\/a><\/h3><div class=\"sp-collapse spcollapse spcollapse\" id=\"collapse431221\" data-parent=\"#sp-ea-43122\" role=\"region\" aria-labelledby=\"ea-header-431221\"> <div class=\"ea-body\"><p>A resposta curta \u00e9 sim!<\/p><p>Nosso site \u00e9 protegido por um certificado SSL. Ap\u00f3s o checkout, voc\u00ea ser\u00e1 redirecionado para o nosso processador de pagamento confi\u00e1vel Mollie.<\/p><p>Os m\u00e9todos de pagamento que aceitamos s\u00e3o:<\/p><ul><li>iDeal<\/li><li>Creditcard (Visa, MasterCard, American Express, Maestro, Postepay, Cartes Bancaires)<\/li><li>Apple Pay<\/li><li>Contacto com o banco<\/li><li>Banco SOFORT<\/li><li>Giropay<\/li><li>Przelewy24<\/li><li>Bot\u00e3o de pagamento KBC\/CBC<\/li><li>Belfius Direct Net<\/li><li>EPS<\/li><\/ul><\/div><\/div><\/div><div class=\"ea-card sp-ea-single\"><h3 class=\"ea-header\"><a class=\"collapsed\" id=\"ea-header-431222\" role=\"button\" data-sptoggle=\"spcollapse\" data-sptarget=\"#collapse431222\" aria-controls=\"collapse431222\" href=\"#\" aria-expanded=\"false\" tabindex=\"0\"><i aria-hidden=\"true\" role=\"presentation\" class=\"ea-expand-icon eap-icon-ea-expand-plus\"><\/i> Quando eu recebo meu mapa<\/a><\/h3><div class=\"sp-collapse spcollapse spcollapse\" id=\"collapse431222\" data-parent=\"#sp-ea-43122\" role=\"region\" aria-labelledby=\"ea-header-431222\"> <div class=\"ea-body\"><p>Voc\u00ea recebe acesso ao mapa imediatamente ap\u00f3s o seu pagamento. Voc\u00ea pode ver o mapa a qualquer momento do seu computador, laptop, tablet ou telefone via <a href=\"\/pt\/a-minha-conta\/\" target=\"_blank\" rel=\"noopener\">Minha conta<\/a> e <a href=\"\/pt\/a-minha-conta\/memberships\/\" target=\"_blank\" rel=\"noopener\">Meus mapas<\/a>.<\/p><p>Se voc\u00ea tiver problemas para acessar o mapa, sempre poder\u00e1 entrar em contato com nosso suporte 24\/7 atrav\u00e9s do bate -papo no canto inferior.<\/p><\/div><\/div><\/div><div class=\"ea-card sp-ea-single\"><h3 class=\"ea-header\"><a class=\"collapsed\" id=\"ea-header-431223\" role=\"button\" data-sptoggle=\"spcollapse\" data-sptarget=\"#collapse431223\" aria-controls=\"collapse431223\" href=\"#\" aria-expanded=\"false\" tabindex=\"0\"><i aria-hidden=\"true\" role=\"presentation\" class=\"ea-expand-icon eap-icon-ea-expand-plus\"><\/i> Quando recebo minhas coordenadas<\/a><\/h3><div class=\"sp-collapse spcollapse spcollapse\" id=\"collapse431223\" data-parent=\"#sp-ea-43122\" role=\"region\" aria-labelledby=\"ea-header-431223\"> <div class=\"ea-body\"><p>Voc\u00ea obt\u00e9m acces para as coordenadas imediatamente ap\u00f3s o seu pagamento. Voc\u00ea pode baix\u00e1-los na p\u00e1gina \"Obrigado\", voc\u00ea os recebe em seu e-mail depois de alguns minutos e pode acess\u00e1-los em <a href=\"\/pt\/a-minha-conta\/\" target=\"_blank\" rel=\"noopener\">Minha conta.<\/a><\/p><p>As coordenadas s\u00e3o apresentadas dentro de um arquivo .txt. Voc\u00ea pode copiar e colar esses n\u00fameros no seu aplicativo de navega\u00e7\u00e3o de sua escolha.<\/p><p>Se voc\u00ea tiver problemas para acessar as coordenadas, sempre poder\u00e1 entrar em contato com nosso suporte 24\/7 atrav\u00e9s do bate -papo no canto inferior.<\/p><\/div><\/div><\/div><div class=\"ea-card sp-ea-single\"><h3 class=\"ea-header\"><a class=\"collapsed\" id=\"ea-header-431224\" role=\"button\" data-sptoggle=\"spcollapse\" data-sptarget=\"#collapse431224\" aria-controls=\"collapse431224\" href=\"#\" aria-expanded=\"false\" tabindex=\"0\"><i aria-hidden=\"true\" role=\"presentation\" class=\"ea-expand-icon eap-icon-ea-expand-plus\"><\/i> Tudo sobre mapas<\/a><\/h3><div class=\"sp-collapse spcollapse spcollapse\" id=\"collapse431224\" data-parent=\"#sp-ea-43122\" role=\"region\" aria-labelledby=\"ea-header-431224\"> <div class=\"ea-body\"><p>Voc\u00ea recebe acesso ao mapa imediatamente ap\u00f3s o seu pagamento. Voc\u00ea pode ver o mapa a qualquer momento do seu computador, laptop, tablet ou telefone via <a href=\"\/pt\/a-minha-conta\/\" target=\"_blank\" rel=\"noopener\">Minha conta<\/a> e <a href=\"\/pt\/a-minha-conta\/memberships\/\" target=\"_blank\" rel=\"noopener\">Meus mapas<\/a>.<\/p><p>Nossos mapas s\u00e3o apresentados em um mapa intuitivo, onde voc\u00ea pode encontrar facilmente sua localiza\u00e7\u00e3o e pesquisar e navegar at\u00e9 os locais abandonados com o Google Maps ou Apple Maps. Voc\u00ea tamb\u00e9m tem a op\u00e7\u00e3o de visualizar e copiar as coordenadas diretamente para usar no sistema de navega\u00e7\u00e3o de carros.<\/p><p>Como est\u00e1 o mapa? Isso depende da regi\u00e3o, mas este \u00e9 um exemplo para a B\u00e9lgica.<\/p><p><img fetchpriority=\"high\" decoding=\"async\" class=\"alignnone size-medium wp-image-43153\" src=\"https:\/\/urbex.direct\/wp-content\/uploads\/2022\/06\/2022-06-26-20_38_52-Belgie-alle-provincies-Makkelijk-Urbex-300x225.png\" alt=\"\" width=\"300\" height=\"225\" srcset=\"https:\/\/urbex.direct\/wp-content\/uploads\/2022\/06\/2022-06-26-20_38_52-Belgie-alle-provincies-Makkelijk-Urbex-300x225.png 300w, https:\/\/urbex.direct\/wp-content\/uploads\/2022\/06\/2022-06-26-20_38_52-Belgie-alle-provincies-Makkelijk-Urbex-150x113.png 150w, https:\/\/urbex.direct\/wp-content\/uploads\/2022\/06\/2022-06-26-20_38_52-Belgie-alle-provincies-Makkelijk-Urbex-16x12.png 16w, https:\/\/urbex.direct\/wp-content\/uploads\/2022\/06\/2022-06-26-20_38_52-Belgie-alle-provincies-Makkelijk-Urbex-600x451.png 600w, https:\/\/urbex.direct\/wp-content\/uploads\/2022\/06\/2022-06-26-20_38_52-Belgie-alle-provincies-Makkelijk-Urbex.png 763w\" sizes=\"(max-width: 300px) 100vw, 300px\" \/><\/p><p>Se voc\u00ea tiver problemas para acessar o mapa, sempre poder\u00e1 entrar em contato com nosso suporte 24\/7 atrav\u00e9s do bate -papo no canto inferior.<\/p><\/div><\/div><\/div><div class=\"ea-card sp-ea-single\"><h3 class=\"ea-header\"><a class=\"collapsed\" id=\"ea-header-431225\" role=\"button\" data-sptoggle=\"spcollapse\" data-sptarget=\"#collapse431225\" aria-controls=\"collapse431225\" href=\"#\" aria-expanded=\"false\" tabindex=\"0\"><i aria-hidden=\"true\" role=\"presentation\" class=\"ea-expand-icon eap-icon-ea-expand-plus\"><\/i> Tudo sobre coordenadas<\/a><\/h3><div class=\"sp-collapse spcollapse spcollapse\" id=\"collapse431225\" data-parent=\"#sp-ea-43122\" role=\"region\" aria-labelledby=\"ea-header-431225\"> <div class=\"ea-body\"><p>Voc\u00ea obt\u00e9m acces para as coordenadas imediatamente ap\u00f3s o seu pagamento. Voc\u00ea pode baix\u00e1-los na p\u00e1gina \"Obrigado\", voc\u00ea os recebe em seu e-mail depois de alguns minutos e pode acess\u00e1-los em <a href=\"\/pt\/a-minha-conta\/\" target=\"_blank\" rel=\"noopener\">Minha conta.<\/a><\/p><p>As coordenadas s\u00e3o apresentadas dentro de um arquivo .txt. Voc\u00ea pode copiar e colar esses n\u00fameros no seu aplicativo de navega\u00e7\u00e3o de sua escolha.<\/p><p>Um arquivo de coordenadas se parece com o seguinte:<\/p><p><img decoding=\"async\" class=\"alignnone size-medium wp-image-43159\" src=\"https:\/\/urbex.direct\/wp-content\/uploads\/2022\/06\/2022-06-26-20_43_03-Edit-Accordion-Group-FAQ-\u2039-Urbex-Direct-\u2014-WordPress-300x161.png\" alt=\"\" width=\"300\" height=\"161\" srcset=\"https:\/\/urbex.direct\/wp-content\/uploads\/2022\/06\/2022-06-26-20_43_03-Edit-Accordion-Group-FAQ-\u2039-Urbex-Direct-\u2014-WordPress-300x161.png 300w, https:\/\/urbex.direct\/wp-content\/uploads\/2022\/06\/2022-06-26-20_43_03-Edit-Accordion-Group-FAQ-\u2039-Urbex-Direct-\u2014-WordPress-150x80.png 150w, https:\/\/urbex.direct\/wp-content\/uploads\/2022\/06\/2022-06-26-20_43_03-Edit-Accordion-Group-FAQ-\u2039-Urbex-Direct-\u2014-WordPress-18x10.png 18w, https:\/\/urbex.direct\/wp-content\/uploads\/2022\/06\/2022-06-26-20_43_03-Edit-Accordion-Group-FAQ-\u2039-Urbex-Direct-\u2014-WordPress.png 371w\" sizes=\"(max-width: 300px) 100vw, 300px\" \/><\/p><p>A navega\u00e7\u00e3o pode ser feita assim:<\/p><p><img decoding=\"async\" class=\"alignnone size-medium wp-image-43160\" src=\"https:\/\/urbex.direct\/wp-content\/uploads\/2022\/06\/2022-06-26-20_43_44-57\u00b00433.3_N-2\u00b04711.4_E-Google-Maps-265x300.png\" alt=\"\" width=\"265\" height=\"300\" srcset=\"https:\/\/urbex.direct\/wp-content\/uploads\/2022\/06\/2022-06-26-20_43_44-57\u00b00433.3_N-2\u00b04711.4_E-Google-Maps-265x300.png 265w, https:\/\/urbex.direct\/wp-content\/uploads\/2022\/06\/2022-06-26-20_43_44-57\u00b00433.3_N-2\u00b04711.4_E-Google-Maps-150x170.png 150w, https:\/\/urbex.direct\/wp-content\/uploads\/2022\/06\/2022-06-26-20_43_44-57\u00b00433.3_N-2\u00b04711.4_E-Google-Maps-11x12.png 11w, https:\/\/urbex.direct\/wp-content\/uploads\/2022\/06\/2022-06-26-20_43_44-57\u00b00433.3_N-2\u00b04711.4_E-Google-Maps.png 384w\" sizes=\"(max-width: 265px) 100vw, 265px\" \/><\/p><p>Se voc\u00ea tiver problemas para acessar as coordenadas, sempre poder\u00e1 entrar em contato com nosso suporte 24\/7 atrav\u00e9s do bate -papo no canto inferior.<\/p><\/div><\/div><\/div><div class=\"ea-card sp-ea-single\"><h3 class=\"ea-header\"><a class=\"collapsed\" id=\"ea-header-431226\" role=\"button\" data-sptoggle=\"spcollapse\" data-sptarget=\"#collapse431226\" aria-controls=\"collapse431226\" href=\"#\" aria-expanded=\"false\" tabindex=\"0\"><i aria-hidden=\"true\" role=\"presentation\" class=\"ea-expand-icon eap-icon-ea-expand-plus\"><\/i> Podemos trocar locais<\/a><\/h3><div class=\"sp-collapse spcollapse spcollapse\" id=\"collapse431226\" data-parent=\"#sp-ea-43122\" role=\"region\" aria-labelledby=\"ea-header-431226\"> <div class=\"ea-body\"><p>Sim por favor!<\/p><p>Para tornar nosso banco de dados explorando ainda maior do que j\u00e1 \u00e9, queremos colaborar com voc\u00ea.<\/p><p>Voc\u00ea tem um local que ainda n\u00e3o est\u00e1 em nosso banco de dados? Preencha o formul\u00e1rio no\u00a0<a href=\"https:\/\/urbex.direct\/pt\/locais-de-troca\/\">Locais de troca<\/a>\u00a0p\u00e1gina e voc\u00ea receber\u00e1 um local gratuito de sua escolha.<\/p><\/div><\/div><\/div><div class=\"ea-card sp-ea-single\"><h3 class=\"ea-header\"><a class=\"collapsed\" id=\"ea-header-431227\" role=\"button\" data-sptoggle=\"spcollapse\" data-sptarget=\"#collapse431227\" aria-controls=\"collapse431227\" href=\"#\" aria-expanded=\"false\" tabindex=\"0\"><i aria-hidden=\"true\" role=\"presentation\" class=\"ea-expand-icon eap-icon-ea-expand-plus\"><\/i> Posso obter um reembolso<\/a><\/h3><div class=\"sp-collapse spcollapse spcollapse\" id=\"collapse431227\" data-parent=\"#sp-ea-43122\" role=\"region\" aria-labelledby=\"ea-header-431227\"> <div class=\"ea-body\"><p>Informe -nos se um local n\u00e3o est\u00e1 acess\u00edvel porque foi reformado ou foi demolido. Informe -nos atrav\u00e9s do bate -papo com algumas provas do Foto e trocaremos um novo local com voc\u00ea (de sua escolha).<\/p><p>Infelizmente, com todos os outros motivos, al\u00e9m daqueles que n\u00e3o podemos lhe dar um novo local.<\/p><\/div><\/div><\/div><div class=\"ea-card sp-ea-single\"><h3 class=\"ea-header\"><a class=\"collapsed\" id=\"ea-header-431228\" role=\"button\" data-sptoggle=\"spcollapse\" data-sptarget=\"#collapse431228\" aria-controls=\"collapse431228\" href=\"#\" aria-expanded=\"false\" tabindex=\"0\"><i aria-hidden=\"true\" role=\"presentation\" class=\"ea-expand-icon eap-icon-ea-expand-plus\"><\/i> Sobre Urbex Direct<\/a><\/h3><div class=\"sp-collapse spcollapse spcollapse\" id=\"collapse431228\" data-parent=\"#sp-ea-43122\" role=\"region\" aria-labelledby=\"ea-header-431228\"> <div class=\"ea-body\"><p>O Urbex Direct foi criado para exploradores pelos exploradores. Temos v\u00e1rios anos de experi\u00eancia internacional de explora\u00e7\u00e3o urbana e queremos compartilhar nosso conhecimento com pessoas da mesma forma.<\/p><p>A Urbex Direct \u00e9 uma empresa registrada na C\u00e2mara de Com\u00e9rcio na Holanda e nas autoridades fiscais.<\/p><\/div><\/div><\/div><div class=\"ea-card sp-ea-single\"><h3 class=\"ea-header\"><a class=\"collapsed\" id=\"ea-header-431229\" role=\"button\" data-sptoggle=\"spcollapse\" data-sptarget=\"#collapse431229\" aria-controls=\"collapse431229\" href=\"#\" aria-expanded=\"false\" tabindex=\"0\"><i aria-hidden=\"true\" role=\"presentation\" class=\"ea-expand-icon eap-icon-ea-expand-plus\"><\/i> Eu tenho permiss\u00e3o para visitar ...?<\/a><\/h3><div class=\"sp-collapse spcollapse spcollapse\" id=\"collapse431229\" data-parent=\"#sp-ea-43122\" role=\"region\" aria-labelledby=\"ea-header-431229\"> <div class=\"ea-body\"><p>Depende. Voc\u00ea pode visualizar e tirar fotos de um local de explora\u00e7\u00e3o urbana da via p\u00fablica sem obter permiss\u00e3o. Se voc\u00ea deseja inserir um local, recomendamos que voc\u00ea obtenha permiss\u00e3o do propriet\u00e1rio. N\u00e3o fornecemos essas informa\u00e7\u00f5es na maioria das vezes.<\/p><\/div><\/div><\/div><div class=\"ea-card sp-ea-single\"><h3 class=\"ea-header\"><a class=\"collapsed\" id=\"ea-header-4312210\" role=\"button\" data-sptoggle=\"spcollapse\" data-sptarget=\"#collapse4312210\" aria-controls=\"collapse4312210\" href=\"#\" aria-expanded=\"false\" tabindex=\"0\"><i aria-hidden=\"true\" role=\"presentation\" class=\"ea-expand-icon eap-icon-ea-expand-plus\"><\/i> Eu sou o propriet\u00e1rio deste local e quero que ele seja removido<\/a><\/h3><div class=\"sp-collapse spcollapse spcollapse\" id=\"collapse4312210\" data-parent=\"#sp-ea-43122\" role=\"region\" aria-labelledby=\"ea-header-4312210\"> <div class=\"ea-body\"><p>Prazer em conhec\u00ea-lo! Entre em contato conosco atrav\u00e9s do bate -papo no canto inferior com a prova e estamos felizes em entrar em contato com nossos exploradores recentes de que eles n\u00e3o devem visitar sua localiza\u00e7\u00e3o, porque ela n\u00e3o est\u00e1 abandonada.<\/p><\/div><\/div><\/div><div class=\"ea-card sp-ea-single\"><h3 class=\"ea-header\"><a class=\"collapsed\" id=\"ea-header-4312211\" role=\"button\" data-sptoggle=\"spcollapse\" data-sptarget=\"#collapse4312211\" aria-controls=\"collapse4312211\" href=\"#\" aria-expanded=\"false\" tabindex=\"0\"><i aria-hidden=\"true\" role=\"presentation\" class=\"ea-expand-icon eap-icon-ea-expand-plus\"><\/i> N\u00e3o consigo encontrar este local, voc\u00ea tem<\/a><\/h3><div class=\"sp-collapse spcollapse spcollapse\" id=\"collapse4312211\" data-parent=\"#sp-ea-43122\" role=\"region\" aria-labelledby=\"ea-header-4312211\"> <div class=\"ea-body\"><p>Sim!<\/p><p>Temos quase todos os locais, d\u00ea -nos os detalhes (nome, fotos, URL de outras trocas de local e \/ ou v\u00eddeos).<\/p><\/div><\/div><\/div><\/div><\/div><\/div>\n\t\t\t\t\t\t<\/div>\n\t\t\t\t<\/div>\n\t\t\t\t\t<\/div>\n\t\t<\/div>\n\t\t\t\t\t<\/div>\n\t\t<\/section>\n\t\t\t\t<\/div>","protected":false},"excerpt":{"rendered":"<p>Quem somos? A nossa miss\u00e3o Clique no bot\u00e3o editar para alterar este texto. Lorem ipsum dolor sit amet, adipiscing elit. Clique no bot\u00e3o editar para alterar este texto. Lorem ipsum dolor sit amet, consectetur adipiscing elit. Ut elit tellus, luctus nec ullamcorper mattis, pulvinar dapibus leo. Experi\u00eancias Extraordin\u00e1rias Clique no bot\u00e3o editar para alterar este texto. Lorem ipsum ...<\/p>\n<p class=\"read-more\"> <a class=\"\" href=\"https:\/\/websitedemos.net\/outdoor-adventure-02\/about\/\"> <span class=\"screen-reader-text\">Sobre<\/span> Ler mais \"<\/a><\/p>","protected":false},"author":1,"featured_media":0,"parent":0,"menu_order":0,"comment_status":"closed","ping_status":"closed","template":"elementor_header_footer","meta":{"footnotes":""},"class_list":["post-5714","page","type-page","status-publish","hentry"],"jetpack_sharing_enabled":true,"_links":{"self":[{"href":"https:\/\/urbex.direct\/pt\/wp-json\/wp\/v2\/pages\/5714","targetHints":{"allow":["GET"]}}],"collection":[{"href":"https:\/\/urbex.direct\/pt\/wp-json\/wp\/v2\/pages"}],"about":[{"href":"https:\/\/urbex.direct\/pt\/wp-json\/wp\/v2\/types\/page"}],"author":[{"embeddable":true,"href":"https:\/\/urbex.direct\/pt\/wp-json\/wp\/v2\/users\/1"}],"replies":[{"embeddable":true,"href":"https:\/\/urbex.direct\/pt\/wp-json\/wp\/v2\/comments?post=5714"}],"version-history":[{"count":0,"href":"https:\/\/urbex.direct\/pt\/wp-json\/wp\/v2\/pages\/5714\/revisions"}],"wp:attachment":[{"href":"https:\/\/urbex.direct\/pt\/wp-json\/wp\/v2\/media?parent=5714"}],"curies":[{"name":"wp","href":"https:\/\/api.w.org\/{rel}","templated":true}]}}