{"id":5551,"date":"2021-03-03T10:51:14","date_gmt":"2021-03-03T10:51:14","guid":{"rendered":"https:\/\/urbex.direct\/?page_id=5551"},"modified":"2023-03-27T20:03:23","modified_gmt":"2023-03-27T19:03:23","slug":"locais-de-troca","status":"publish","type":"page","link":"https:\/\/urbex.direct\/pt\/swap-locations\/","title":{"rendered":"Locais de troca"},"content":{"rendered":"\t\t<div data-elementor-type=\"wp-post\" data-elementor-id=\"5551\" class=\"elementor elementor-5551\" data-elementor-post-type=\"page\">\n\t\t\t\t\t\t<section class=\"elementor-section elementor-top-section elementor-element elementor-element-d7d8b56 elementor-section-boxed elementor-section-height-default elementor-section-height-default\" data-id=\"d7d8b56\" data-element_type=\"section\" data-settings=\"{&quot;background_background&quot;:&quot;classic&quot;}\">\n\t\t\t\t\t\t\t<div class=\"elementor-background-overlay\"><\/div>\n\t\t\t\t\t\t\t<div class=\"elementor-container elementor-column-gap-default\">\n\t\t\t\t\t<div class=\"elementor-column elementor-col-100 elementor-top-column elementor-element elementor-element-fd69444\" data-id=\"fd69444\" data-element_type=\"column\">\n\t\t\t<div class=\"elementor-widget-wrap elementor-element-populated\">\n\t\t\t\t\t\t<div class=\"elementor-element elementor-element-abcc2f2 elementor-widget elementor-widget-heading\" data-id=\"abcc2f2\" data-element_type=\"widget\" data-widget_type=\"heading.default\">\n\t\t\t\t<div class=\"elementor-widget-container\">\n\t\t\t\t\t<h1 class=\"elementor-heading-title elementor-size-default\">Swap locations<\/h1>\t\t\t\t<\/div>\n\t\t\t\t<\/div>\n\t\t\t\t\t<\/div>\n\t\t<\/div>\n\t\t\t\t\t<\/div>\n\t\t<\/section>\n\t\t\t\t<section class=\"elementor-section elementor-top-section elementor-element elementor-element-d12d38b elementor-section-boxed elementor-section-height-default elementor-section-height-default\" data-id=\"d12d38b\" data-element_type=\"section\">\n\t\t\t\t\t\t<div class=\"elementor-container elementor-column-gap-default\">\n\t\t\t\t\t<div class=\"elementor-column elementor-col-100 elementor-top-column elementor-element elementor-element-eebb81d\" data-id=\"eebb81d\" data-element_type=\"column\">\n\t\t\t<div class=\"elementor-widget-wrap elementor-element-populated\">\n\t\t\t\t\t\t<div class=\"elementor-element elementor-element-c985a5e elementor-widget elementor-widget-spacer\" data-id=\"c985a5e\" data-element_type=\"widget\" data-widget_type=\"spacer.default\">\n\t\t\t\t<div class=\"elementor-widget-container\">\n\t\t\t\t\t\t\t<div class=\"elementor-spacer\">\n\t\t\t<div class=\"elementor-spacer-inner\"><\/div>\n\t\t<\/div>\n\t\t\t\t\t\t<\/div>\n\t\t\t\t<\/div>\n\t\t\t\t\t<\/div>\n\t\t<\/div>\n\t\t\t\t\t<\/div>\n\t\t<\/section>\n\t\t\t\t<section class=\"elementor-section elementor-top-section elementor-element elementor-element-2f49844 elementor-section-boxed elementor-section-height-default elementor-section-height-default\" data-id=\"2f49844\" data-element_type=\"section\">\n\t\t\t\t\t\t<div class=\"elementor-container elementor-column-gap-default\">\n\t\t\t\t\t<div class=\"elementor-column elementor-col-50 elementor-top-column elementor-element elementor-element-e065acc\" data-id=\"e065acc\" data-element_type=\"column\">\n\t\t\t<div class=\"elementor-widget-wrap elementor-element-populated\">\n\t\t\t\t\t\t<div class=\"elementor-element elementor-element-db5cb03 elementor-widget elementor-widget-text-editor\" data-id=\"db5cb03\" data-element_type=\"widget\" data-widget_type=\"text-editor.default\">\n\t\t\t\t<div class=\"elementor-widget-container\">\n\t\t\t\t\t\t\t\t\t<p class=\"MsoNormal\"><span lang=\"EN-US\">We are constantly expanding and updating our urbex database. We are happy to work with you in order to give you and others the best experience possible.<\/span><\/p>\n<p class=\"MsoNormal\"><span lang=\"EN-US\">Do you know an urban exploring location that is not yet in our database? You can exchange it for a free location of your choice using the form below. Most of our database is built through exchange requests!<\/span><\/p>\n<p class=\"MsoNormal\"><span lang=\"EN-US\">After submitting the form, you will receive a response to your request within 24 hours. With large numbers it can take longer. Note: our emails may end up in the spam folder.<\/span><\/p>\n<p class=\"MsoNormal\"><span style=\"color: rgb(34, 34, 34); font-family: &quot;Helvetica Neue&quot;, Helvetica, Helvetica, Arial, sans-serif; font-size: 15px; background-color: rgb(245, 245, 245);\">We can only exchange locations in the same country and of the same value<\/span><br><\/p>\t\t\t\t\t\t\t\t<\/div>\n\t\t\t\t<\/div>\n\t\t\t\t\t<\/div>\n\t\t<\/div>\n\t\t\t\t<div class=\"elementor-column elementor-col-50 elementor-top-column elementor-element elementor-element-23eaf9d\" data-id=\"23eaf9d\" data-element_type=\"column\">\n\t\t\t<div class=\"elementor-widget-wrap elementor-element-populated\">\n\t\t\t\t\t\t<div class=\"elementor-element elementor-element-8a7c70e elementor-widget elementor-widget-text-editor\" data-id=\"8a7c70e\" data-element_type=\"widget\" data-widget_type=\"text-editor.default\">\n\t\t\t\t<div class=\"elementor-widget-container\">\n\t\t\t\t\t\t\t\t\t<p class=\"MsoNormal\"><span lang=\"EN-US\"><b>Disclaimer:<\/b><\/span><\/p>\n<p class=\"MsoNormal\"><span lang=\"EN-US\">We do <b>not<\/b> trade locations from other map or location providers. These exchange requests are immediately rejected.<\/span><\/p>\t\t\t\t\t\t\t\t<\/div>\n\t\t\t\t<\/div>\n\t\t\t\t\t<\/div>\n\t\t<\/div>\n\t\t\t\t\t<\/div>\n\t\t<\/section>\n\t\t\t\t<section class=\"elementor-section elementor-top-section elementor-element elementor-element-99f7438 elementor-section-boxed elementor-section-height-default elementor-section-height-default\" data-id=\"99f7438\" data-element_type=\"section\">\n\t\t\t\t\t\t<div class=\"elementor-container elementor-column-gap-default\">\n\t\t\t\t\t<div class=\"elementor-column elementor-col-100 elementor-top-column elementor-element elementor-element-5c3c516\" data-id=\"5c3c516\" data-element_type=\"column\">\n\t\t\t<div class=\"elementor-widget-wrap elementor-element-populated\">\n\t\t\t\t\t\t<div class=\"elementor-element elementor-element-d02e482 elementor-widget elementor-widget-wpforms\" data-id=\"d02e482\" data-element_type=\"widget\" data-widget_type=\"wpforms.default\">\n\t\t\t\t<div class=\"elementor-widget-container\">\n\t\t\t\t\t<div class=\"wpforms-container wpforms-container-full\" id=\"wpforms-5705\"><form id=\"wpforms-form-5705\" class=\"wpforms-validate wpforms-form\" data-formid=\"5705\" method=\"post\" enctype=\"multipart\/form-data\" action=\"\/pt\/wp-json\/wp\/v2\/pages\/5551\" data-token=\"d32270a752fb8231313d49a5ce821d75\" data-token-time=\"1775835585\"><noscript class=\"wpforms-error-noscript\">Please enable JavaScript in your browser to complete this form.<\/noscript><div class=\"wpforms-field-container\"><div id=\"wpforms-5705-field_3-container\" class=\"wpforms-field wpforms-field-name\" data-field-id=\"3\"><label class=\"wpforms-field-label\" for=\"wpforms-5705-field_3\">Name <span class=\"wpforms-required-label\">*<\/span><\/label><div class=\"wpforms-field-row wpforms-field-medium\"><div class=\"wpforms-field-row-block wpforms-first wpforms-one-half\"><input type=\"text\" id=\"wpforms-5705-field_3\" class=\"wpforms-field-name-first wpforms-field-required\" name=\"wpforms[fields][3][first]\" required><label for=\"wpforms-5705-field_3\" class=\"wpforms-field-sublabel after\">First<\/label><\/div><div class=\"wpforms-field-row-block wpforms-one-half\"><input type=\"text\" id=\"wpforms-5705-field_3-last\" class=\"wpforms-field-name-last wpforms-field-required\" name=\"wpforms[fields][3][last]\" required><label for=\"wpforms-5705-field_3-last\" class=\"wpforms-field-sublabel after\">Last<\/label><\/div><\/div><\/div><div id=\"wpforms-5705-field_4-container\" class=\"wpforms-field wpforms-field-email\" data-field-id=\"4\"><label class=\"wpforms-field-label\" for=\"wpforms-5705-field_4\">Email <span class=\"wpforms-required-label\">*<\/span><\/label><input type=\"email\" id=\"wpforms-5705-field_4\" class=\"wpforms-field-medium wpforms-field-required\" name=\"wpforms[fields][4]\" spellcheck=\"false\" required><\/div><div id=\"wpforms-5705-field_5-container\" class=\"wpforms-field wpforms-field-textarea\" data-field-id=\"5\"><label class=\"wpforms-field-label\" for=\"wpforms-5705-field_5\">Which locations do you offer? <span class=\"wpforms-required-label\">*<\/span><\/label><textarea id=\"wpforms-5705-field_5\" class=\"wpforms-field-medium wpforms-field-required\" name=\"wpforms[fields][5]\" placeholder=\"For example: Maison (...) 45.123456 2.12345\" required><\/textarea><div class=\"wpforms-field-description\">Check the website first to see if we don't have this location yet.<\/div><\/div><div id=\"wpforms-5705-field_8-container\" class=\"wpforms-field wpforms-field-radio\" data-field-id=\"8\"><label class=\"wpforms-field-label\" for=\"wpforms-5705-field_8\">Location quality <span class=\"wpforms-required-label\">*<\/span><\/label><ul id=\"wpforms-5705-field_8\" class=\"wpforms-field-required\"><li class=\"choice-1 depth-1\"><input type=\"radio\" id=\"wpforms-5705-field_8_1\" name=\"wpforms[fields][8]\" value=\"Bad \/ easy (trashed, no details)\" required ><label class=\"wpforms-field-label-inline\" for=\"wpforms-5705-field_8_1\">Bad \/ easy (trashed, no details)<\/label><\/li><li class=\"choice-2 depth-1\"><input type=\"radio\" id=\"wpforms-5705-field_8_2\" name=\"wpforms[fields][8]\" value=\"Medium (some details)\" required ><label class=\"wpforms-field-label-inline\" for=\"wpforms-5705-field_8_2\">Medium (some details)<\/label><\/li><li class=\"choice-4 depth-1\"><input type=\"radio\" id=\"wpforms-5705-field_8_4\" name=\"wpforms[fields][8]\" value=\"Nice (more details)\" required ><label class=\"wpforms-field-label-inline\" for=\"wpforms-5705-field_8_4\">Nice (more details)<\/label><\/li><li class=\"choice-5 depth-1\"><input type=\"radio\" id=\"wpforms-5705-field_8_5\" name=\"wpforms[fields][8]\" value=\"Perfect (the real deal, the ultimate urbex location)\" required ><label class=\"wpforms-field-label-inline\" for=\"wpforms-5705-field_8_5\">Perfect (the real deal, the ultimate urbex location)<\/label><\/li><\/ul><div class=\"wpforms-field-description\">Please describe in more info box<\/div><\/div><div id=\"wpforms-5705-field_10-container\" class=\"wpforms-field wpforms-field-textarea\" data-field-id=\"10\"><label class=\"wpforms-field-label\" for=\"wpforms-5705-field_10\">More location info <span class=\"wpforms-required-label\">*<\/span><\/label><textarea id=\"wpforms-5705-field_10\" class=\"wpforms-field-medium wpforms-field-required\" name=\"wpforms[fields][10]\" required><\/textarea><\/div><div id=\"wpforms-5705-field_9-container\" class=\"wpforms-field wpforms-field-text\" data-field-id=\"9\"><label class=\"wpforms-field-label\" for=\"wpforms-5705-field_9\">Location pictures (recent) <span class=\"wpforms-required-label\">*<\/span><\/label><input type=\"text\" id=\"wpforms-5705-field_9\" class=\"wpforms-field-medium wpforms-field-required\" name=\"wpforms[fields][9]\" required><div class=\"wpforms-field-description\">Upload the pictures to a service like https:\/\/filebin.net\/<\/div><\/div><div id=\"wpforms-5705-field_6-container\" class=\"wpforms-field wpforms-field-textarea\" data-field-id=\"6\"><label class=\"wpforms-field-label\" for=\"wpforms-5705-field_6\">Which locations do you want in return? <span class=\"wpforms-required-label\">*<\/span><\/label><textarea id=\"wpforms-5705-field_6\" class=\"wpforms-field-medium wpforms-field-required\" name=\"wpforms[fields][6]\" placeholder=\"For example: Maison 1, Maison 2\" required><\/textarea><\/div><div id=\"wpforms-5705-field_7-container\" class=\"wpforms-field wpforms-field-checkbox\" data-field-id=\"7\"><label class=\"wpforms-field-label\" for=\"wpforms-5705-field_7\">Location swap terms and conditions <span class=\"wpforms-required-label\">*<\/span><\/label><ul id=\"wpforms-5705-field_7\" class=\"wpforms-field-required\"><li class=\"choice-1 depth-1\"><input type=\"checkbox\" id=\"wpforms-5705-field_7_1\" name=\"wpforms[fields][7][]\" value=\"Urbex Direct does not already have the location that I offer and I have visited recently\" required ><label class=\"wpforms-field-label-inline\" for=\"wpforms-5705-field_7_1\">Urbex Direct does not already have the location that I offer and I have visited recently<\/label><\/li><\/ul><\/div><\/div><!-- .wpforms-field-container --><div class=\"wpforms-recaptcha-container wpforms-is-hcaptcha\" ><div class=\"g-recaptcha\" data-sitekey=\"69395e7a-a937-43dc-a34d-0825a4d122b0\"><\/div><input type=\"text\" name=\"g-recaptcha-hidden\" class=\"wpforms-recaptcha-hidden\" style=\"position:absolute!important;clip:rect(0,0,0,0)!important;height:1px!important;width:1px!important;border:0!important;overflow:hidden!important;padding:0!important;margin:0!important;\" data-rule-hcaptcha=\"1\"><\/div><div class=\"wpforms-submit-container\" ><input type=\"hidden\" name=\"wpforms[id]\" value=\"5705\"><input type=\"hidden\" name=\"page_title\" value=\"\"><input type=\"hidden\" name=\"page_url\" value=\"https:\/\/urbex.direct\/pt\/wp-json\/wp\/v2\/pages\/5551\"><button type=\"submit\" name=\"wpforms[submit]\" id=\"wpforms-submit-5705\" class=\"wpforms-submit\" data-alt-text=\"Sending...\" data-submit-text=\"Submit\" aria-live=\"assertive\" value=\"wpforms-submit\">Submit<\/button><\/div><\/form><\/div>  <!-- .wpforms-container -->\t\t\t\t<\/div>\n\t\t\t\t<\/div>\n\t\t\t\t\t<\/div>\n\t\t<\/div>\n\t\t\t\t\t<\/div>\n\t\t<\/section>\n\t\t\t\t<\/div>\n\t\t","protected":false},"excerpt":{"rendered":"<p>Quem somos? A nossa miss\u00e3o Clique no bot\u00e3o editar para alterar este texto. Lorem ipsum dolor sit amet, adipiscing elit. Clique no bot\u00e3o editar para alterar este texto. Lorem ipsum dolor sit amet, consectetur adipiscing elit. Ut elit tellus, luctus nec ullamcorper mattis, pulvinar dapibus leo. Experi\u00eancias Extraordin\u00e1rias Clique no bot\u00e3o editar para alterar este texto. Lorem ipsum ...<\/p>\n<p class=\"read-more\"> <a class=\"\" href=\"https:\/\/websitedemos.net\/outdoor-adventure-02\/about\/\"> <span class=\"screen-reader-text\">Sobre<\/span> Ler mais \"<\/a><\/p>","protected":false},"author":1,"featured_media":0,"parent":0,"menu_order":0,"comment_status":"closed","ping_status":"closed","template":"elementor_header_footer","meta":{"footnotes":""},"class_list":["post-5551","page","type-page","status-publish","hentry"],"jetpack_sharing_enabled":true,"_links":{"self":[{"href":"https:\/\/urbex.direct\/pt\/wp-json\/wp\/v2\/pages\/5551","targetHints":{"allow":["GET"]}}],"collection":[{"href":"https:\/\/urbex.direct\/pt\/wp-json\/wp\/v2\/pages"}],"about":[{"href":"https:\/\/urbex.direct\/pt\/wp-json\/wp\/v2\/types\/page"}],"author":[{"embeddable":true,"href":"https:\/\/urbex.direct\/pt\/wp-json\/wp\/v2\/users\/1"}],"replies":[{"embeddable":true,"href":"https:\/\/urbex.direct\/pt\/wp-json\/wp\/v2\/comments?post=5551"}],"version-history":[{"count":0,"href":"https:\/\/urbex.direct\/pt\/wp-json\/wp\/v2\/pages\/5551\/revisions"}],"wp:attachment":[{"href":"https:\/\/urbex.direct\/pt\/wp-json\/wp\/v2\/media?parent=5551"}],"curies":[{"name":"wp","href":"https:\/\/api.w.org\/{rel}","templated":true}]}}