{"id":48713,"date":"2023-09-14T09:37:05","date_gmt":"2023-09-14T08:37:05","guid":{"rendered":"https:\/\/urbex.direct\/?page_id=48713"},"modified":"2023-09-14T09:37:08","modified_gmt":"2023-09-14T08:37:08","slug":"localizacao-pack-fr-pays-de-la-loire","status":"publish","type":"page","link":"https:\/\/urbex.direct\/pt\/location-pack-fr-pays-de-la-loire\/","title":{"rendered":"Location Pack &#8211; FR &#8211; Pays de la Loire"},"content":{"rendered":"<div class=\"woocommerce\">\n\t\t\t<div class=\"woocommerce-info wc-memberships-restriction-message wc-memberships-message wc-memberships-content-restricted-message\">\n\t\t\t\tPara aceder a esta p\u00e1gina, \u00e9 necess\u00e1rio adquirir <span class=\"wc-memberships-products-grant-access\"><a href=\"https:\/\/urbex.direct\/pt\/product\/location-map-pays-de-la-loire-france\/?attribute_pa_one-or-two-year-acces=one-year-access\">Urbex Map France, Pays de la Loire (1 or 2 Year Access) &ndash; One-year-access<\/a> ou <a href=\"https:\/\/urbex.direct\/pt\/product\/location-map-pays-de-la-loire-france\/?attribute_pa_one-or-two-year-acces=two-years-access\">Urbex Map France, Pays de la Loire (1 or 2 Year Access) &ndash; Two-years-access<\/a><\/span>.\t\t    <\/div>\n\t\t<\/div>","protected":false},"excerpt":{"rendered":"<div class=\"woocommerce\">\n<div class=\"woocommerce-info wc-memberships-restriction-message wc-memberships-message wc-memberships-content-restricted-message\">\n\t\t\t\tPara aceder a esta p\u00e1gina, \u00e9 necess\u00e1rio adquirir <span class=\"wc-memberships-products-grant-access\"><a href=\"https:\/\/urbex.direct\/pt\/product\/location-map-pays-de-la-loire-france\/?attribute_pa_one-or-two-year-acces=one-year-access\">Urbex Map France, Pays de la Loire (1 or 2 Year Access) &ndash; One-year-access<\/a> ou <a href=\"https:\/\/urbex.direct\/pt\/product\/location-map-pays-de-la-loire-france\/?attribute_pa_one-or-two-year-acces=two-years-access\">Urbex Map France, Pays de la Loire (1 or 2 Year Access) &ndash; Two-years-access<\/a><\/span>.\t\t    <\/div>\n<\/p><\/div>","protected":false},"author":4,"featured_media":0,"parent":0,"menu_order":0,"comment_status":"closed","ping_status":"closed","template":"template-canvas.php","meta":{"footnotes":""},"class_list":["post-48713","page","type-page","status-publish","hentry","membership-content","access-restricted"],"jetpack_sharing_enabled":true,"_links":{"self":[{"href":"https:\/\/urbex.direct\/pt\/wp-json\/wp\/v2\/pages\/48713","targetHints":{"allow":["GET"]}}],"collection":[{"href":"https:\/\/urbex.direct\/pt\/wp-json\/wp\/v2\/pages"}],"about":[{"href":"https:\/\/urbex.direct\/pt\/wp-json\/wp\/v2\/types\/page"}],"author":[{"embeddable":true,"href":"https:\/\/urbex.direct\/pt\/wp-json\/wp\/v2\/users\/4"}],"replies":[{"embeddable":true,"href":"https:\/\/urbex.direct\/pt\/wp-json\/wp\/v2\/comments?post=48713"}],"version-history":[{"count":0,"href":"https:\/\/urbex.direct\/pt\/wp-json\/wp\/v2\/pages\/48713\/revisions"}],"wp:attachment":[{"href":"https:\/\/urbex.direct\/pt\/wp-json\/wp\/v2\/media?parent=48713"}],"curies":[{"name":"wp","href":"https:\/\/api.w.org\/{rel}","templated":true}]}}