{"id":15789,"date":"2021-08-21T20:04:59","date_gmt":"2021-08-21T19:04:59","guid":{"rendered":"https:\/\/urbex.direct\/refund_returns\/"},"modified":"2021-08-21T20:04:59","modified_gmt":"2021-08-21T19:04:59","slug":"refund_returns","status":"publish","type":"page","link":"https:\/\/urbex.direct\/pt\/refund_returns\/","title":{"rendered":"Pol\u00edtica de reembolso e devolu\u00e7\u00e3o"},"content":{"rendered":"<p><b>Esta \u00e9 uma p\u00e1gina de amostra.<\/b><\/p>\n\n\n\n<h3>Vis\u00e3o geral<\/h3>\n\n\n\n<p>A nossa pol\u00edtica de reembolso e devolu\u00e7\u00e3o tem uma dura\u00e7\u00e3o de 30 dias. Se tiverem passado 30 dias desde a sua compra, n\u00e3o podemos oferecer-lhe um reembolso total ou uma troca.<\/p>\n\n\n\n<p>Para ser eleg\u00edvel para uma devolu\u00e7\u00e3o, o artigo n\u00e3o deve ter sido utilizado e deve estar nas mesmas condi\u00e7\u00f5es em que o recebeu. Deve tamb\u00e9m estar na embalagem original.<\/p>\n\n\n\n<p>H\u00e1 v\u00e1rios tipos de bens que n\u00e3o podem ser devolvidos. Os produtos perec\u00edveis, como alimentos, flores, jornais ou revistas, n\u00e3o podem ser devolvidos. Tamb\u00e9m n\u00e3o aceitamos produtos que sejam bens \u00edntimos ou sanit\u00e1rios, materiais perigosos ou l\u00edquidos ou gases inflam\u00e1veis.<\/p>\n\n\n\n<p>Artigos adicionais n\u00e3o recuper\u00e1veis:<\/p>\n\n\n\n<ul class=\"wp-block-list\">\n<li>Cart\u00f5es de oferta<\/li>\n<li>Produtos de software descarreg\u00e1veis<\/li>\n<li>Alguns artigos de sa\u00fade e de cuidados pessoais<\/li>\n<\/ul>\n\n\n\n<p>Para efetuar a sua devolu\u00e7\u00e3o, necessitamos de um recibo ou prova de compra.<\/p>\n\n\n\n<p>Por favor, n\u00e3o devolva a sua compra ao fabricante.<\/p>\n\n\n\n<p>Em determinadas situa\u00e7\u00f5es, s\u00f3 s\u00e3o concedidos reembolsos parciais:<\/p>\n\n\n\n<ul class=\"wp-block-list\">\n<li>Livro com sinais evidentes de utiliza\u00e7\u00e3o<\/li>\n<li>CD, DVD, fita VHS, software, jogo de v\u00eddeo, cassete ou disco de vinil que tenha sido aberto.<\/li>\n<li>Qualquer artigo que n\u00e3o esteja no seu estado original, que esteja danificado ou que faltem pe\u00e7as por raz\u00f5es que n\u00e3o se devam a um erro nosso.<\/li>\n<li>Qualquer artigo que seja devolvido mais de 30 dias ap\u00f3s a entrega<\/li>\n<\/ul>\n\n\n\n<h2>Reembolsos<\/h2>\n\n\n\n<p>Assim que a sua devolu\u00e7\u00e3o for recebida e inspeccionada, enviar-lhe-emos um e-mail para o notificar de que recebemos o artigo devolvido. Tamb\u00e9m o notificaremos da aprova\u00e7\u00e3o ou rejei\u00e7\u00e3o do seu reembolso.<\/p>\n\n\n\n<p>Se for aprovado, o seu reembolso ser\u00e1 processado e um cr\u00e9dito ser\u00e1 automaticamente aplicado ao seu cart\u00e3o de cr\u00e9dito ou m\u00e9todo de pagamento original, dentro de um determinado n\u00famero de dias.<\/p>\n\n\n\n<b>Reembolsos atrasados ou em falta<\/b>\n\n\n\n<p>Se ainda n\u00e3o recebeu o reembolso, comece por verificar novamente a sua conta banc\u00e1ria.<\/p>\n\n\n\n<p>Em seguida, contacte a empresa do seu cart\u00e3o de cr\u00e9dito, pois pode demorar algum tempo at\u00e9 que o seu reembolso seja oficialmente publicado.<\/p>\n\n\n\n<p>Em seguida, contacte o seu banco. \u00c9 frequente haver algum tempo de processamento at\u00e9 que o reembolso seja efectuado.<\/p>\n\n\n\n<p>Se tiver feito tudo isto e ainda n\u00e3o tiver recebido o seu reembolso, contacte-nos atrav\u00e9s do endere\u00e7o {email address}.<\/p>\n\n\n\n<b>Artigos em promo\u00e7\u00e3o<\/b>\n\n\n\n<p>Apenas os artigos de pre\u00e7o normal podem ser reembolsados. Os artigos em promo\u00e7\u00e3o n\u00e3o podem ser reembolsados.<\/p>\n\n\n\n<h2>Trocas<\/h2>\n\n\n\n<p>S\u00f3 substitu\u00edmos os artigos se estiverem defeituosos ou danificados. Se precisar de o trocar pelo mesmo artigo, envie-nos um e-mail para {endere\u00e7o de e-mail} e envie o seu artigo para: {endere\u00e7o f\u00edsico}.<\/p>\n\n\n\n<h2>Presentes<\/h2>\n\n\n\n<p>Se o artigo tiver sido marcado como presente quando foi comprado e enviado diretamente para si, receber\u00e1 um cr\u00e9dito de presente no valor da sua devolu\u00e7\u00e3o. Assim que o artigo devolvido for recebido, ser-lhe-\u00e1 enviado um certificado de oferta.<\/p>\n\n\n\n<p>Se o artigo n\u00e3o tiver sido marcado como presente quando foi comprado, ou se a pessoa que o ofereceu tiver mandado enviar a encomenda para ela pr\u00f3pria para lhe oferecer mais tarde, enviaremos um reembolso \u00e0 pessoa que o ofereceu e ela ficar\u00e1 a saber da sua devolu\u00e7\u00e3o.<\/p>\n\n\n\n<h2>Devolu\u00e7\u00f5es de envios<\/h2>\n\n\n\n<p>Para devolver o seu produto, deve envi\u00e1-lo por correio para: {endere\u00e7o f\u00edsico}.<\/p>\n\n\n\n<p>O cliente ser\u00e1 respons\u00e1vel pelo pagamento dos seus pr\u00f3prios custos de envio para a devolu\u00e7\u00e3o do artigo. Os custos de envio n\u00e3o s\u00e3o reembols\u00e1veis. Se receber um reembolso, o custo do envio da devolu\u00e7\u00e3o ser\u00e1 deduzido do seu reembolso.<\/p>\n\n\n\n<p>Dependendo do local onde vive, o tempo que pode demorar a chegar o seu produto trocado pode variar.<\/p>\n\n\n\n<p>Se estiver a devolver artigos mais caros, pode considerar utilizar um servi\u00e7o de envio rastre\u00e1vel ou adquirir um seguro de envio. N\u00e3o garantimos que receberemos o artigo devolvido.<\/p>\n\n\n\n<h2>Precisa de ajuda?<\/h2>\n\n\n\n<p>Contacte-nos atrav\u00e9s de {email} para quest\u00f5es relacionadas com reembolsos e devolu\u00e7\u00f5es.<\/p>","protected":false},"excerpt":{"rendered":"<p>This is a sample page. Overview Our refund and returns policy lasts 30 days. If 30 days have passed since your purchase, we can\u2019t offer you a full refund or exchange. To be eligible for a return, your item must be unused and in the same condition that you received it. It must also be [&hellip;]<\/p>\n","protected":false},"author":1,"featured_media":0,"parent":0,"menu_order":0,"comment_status":"closed","ping_status":"closed","template":"","meta":{"footnotes":""},"class_list":["post-15789","page","type-page","status-publish","hentry"],"jetpack_sharing_enabled":true,"_links":{"self":[{"href":"https:\/\/urbex.direct\/pt\/wp-json\/wp\/v2\/pages\/15789","targetHints":{"allow":["GET"]}}],"collection":[{"href":"https:\/\/urbex.direct\/pt\/wp-json\/wp\/v2\/pages"}],"about":[{"href":"https:\/\/urbex.direct\/pt\/wp-json\/wp\/v2\/types\/page"}],"author":[{"embeddable":true,"href":"https:\/\/urbex.direct\/pt\/wp-json\/wp\/v2\/users\/1"}],"replies":[{"embeddable":true,"href":"https:\/\/urbex.direct\/pt\/wp-json\/wp\/v2\/comments?post=15789"}],"version-history":[{"count":0,"href":"https:\/\/urbex.direct\/pt\/wp-json\/wp\/v2\/pages\/15789\/revisions"}],"wp:attachment":[{"href":"https:\/\/urbex.direct\/pt\/wp-json\/wp\/v2\/media?parent=15789"}],"curies":[{"name":"wp","href":"https:\/\/api.w.org\/{rel}","templated":true}]}}