{"id":9139,"date":"2021-03-26T15:04:17","date_gmt":"2021-03-26T15:04:17","guid":{"rendered":"https:\/\/urbex.direct\/product\/factory-trawa\/"},"modified":"2024-11-04T20:51:14","modified_gmt":"2024-11-04T20:51:14","slug":"fabryka-trawa","status":"publish","type":"product","link":"https:\/\/urbex.direct\/pl\/product\/factory-trawa\/","title":{"rendered":"Fabryka Trawa"},"content":{"rendered":"","protected":false},"excerpt":{"rendered":"<p>Zburzony.<\/p>\n<p>Fabryka Trawa, holenderska, bardzo popularna lokalizacja. Fabryka, w kt\u00f3rej nikt nie wie dok\u0142adnie, co zosta\u0142o wyprodukowane, i w kt\u00f3rej powstaj\u0105 dzie\u0142a sztuki.<\/p>","protected":false},"featured_media":59279,"template":"","meta":[],"product_brand":[],"product_cat":[263,259],"product_tag":[41],"class_list":{"0":"post-9139","1":"product","2":"type-product","3":"status-publish","4":"has-post-thumbnail","6":"product_cat-gelderland-2","7":"product_cat-the-netherlands","8":"product_tag-coordinaten","10":"first","11":"outofstock","12":"downloadable","13":"taxable","14":"shipping-taxable","15":"purchasable","16":"product-type-simple"},"jetpack_sharing_enabled":true,"_links":{"self":[{"href":"https:\/\/urbex.direct\/pl\/wp-json\/wp\/v2\/product\/9139","targetHints":{"allow":["GET"]}}],"collection":[{"href":"https:\/\/urbex.direct\/pl\/wp-json\/wp\/v2\/product"}],"about":[{"href":"https:\/\/urbex.direct\/pl\/wp-json\/wp\/v2\/types\/product"}],"wp:featuredmedia":[{"embeddable":true,"href":"https:\/\/urbex.direct\/pl\/wp-json\/wp\/v2\/media\/59279"}],"wp:attachment":[{"href":"https:\/\/urbex.direct\/pl\/wp-json\/wp\/v2\/media?parent=9139"}],"wp:term":[{"taxonomy":"product_brand","embeddable":true,"href":"https:\/\/urbex.direct\/pl\/wp-json\/wp\/v2\/product_brand?post=9139"},{"taxonomy":"product_cat","embeddable":true,"href":"https:\/\/urbex.direct\/pl\/wp-json\/wp\/v2\/product_cat?post=9139"},{"taxonomy":"product_tag","embeddable":true,"href":"https:\/\/urbex.direct\/pl\/wp-json\/wp\/v2\/product_tag?post=9139"}],"curies":[{"name":"wp","href":"https:\/\/api.w.org\/{rel}","templated":true}]}}