{"id":66130,"date":"2025-12-02T19:57:24","date_gmt":"2025-12-02T19:57:24","guid":{"rendered":"https:\/\/urbex.direct\/product\/zwembad-wm\/"},"modified":"2026-01-17T23:55:27","modified_gmt":"2026-01-17T23:55:27","slug":"zwembad-wm","status":"publish","type":"product","link":"https:\/\/urbex.direct\/pl\/product\/zwembad-wm\/","title":{"rendered":"Zwembad WM"},"content":{"rendered":"<p>Wsp\u00f3\u0142rz\u0119dne Urbex<\/p>","protected":false},"excerpt":{"rendered":"<p>Wsp\u00f3\u0142rz\u0119dne Urbex<\/p>","protected":false},"featured_media":66129,"template":"","meta":[],"product_brand":[],"product_cat":[261,259],"product_tag":[],"class_list":{"0":"post-66130","1":"product","2":"type-product","3":"status-publish","4":"has-post-thumbnail","6":"product_cat-flevoland-2","7":"product_cat-the-netherlands","9":"first","10":"instock","11":"downloadable","12":"taxable","13":"shipping-taxable","14":"purchasable","15":"product-type-simple"},"jetpack_sharing_enabled":true,"_links":{"self":[{"href":"https:\/\/urbex.direct\/pl\/wp-json\/wp\/v2\/product\/66130","targetHints":{"allow":["GET"]}}],"collection":[{"href":"https:\/\/urbex.direct\/pl\/wp-json\/wp\/v2\/product"}],"about":[{"href":"https:\/\/urbex.direct\/pl\/wp-json\/wp\/v2\/types\/product"}],"wp:featuredmedia":[{"embeddable":true,"href":"https:\/\/urbex.direct\/pl\/wp-json\/wp\/v2\/media\/66129"}],"wp:attachment":[{"href":"https:\/\/urbex.direct\/pl\/wp-json\/wp\/v2\/media?parent=66130"}],"wp:term":[{"taxonomy":"product_brand","embeddable":true,"href":"https:\/\/urbex.direct\/pl\/wp-json\/wp\/v2\/product_brand?post=66130"},{"taxonomy":"product_cat","embeddable":true,"href":"https:\/\/urbex.direct\/pl\/wp-json\/wp\/v2\/product_cat?post=66130"},{"taxonomy":"product_tag","embeddable":true,"href":"https:\/\/urbex.direct\/pl\/wp-json\/wp\/v2\/product_tag?post=66130"}],"curies":[{"name":"wp","href":"https:\/\/api.w.org\/{rel}","templated":true}]}}