{"id":65520,"date":"2025-09-19T11:43:00","date_gmt":"2025-09-19T10:43:00","guid":{"rendered":"https:\/\/urbex.direct\/product\/the-old-priest-ruin\/"},"modified":"2025-09-17T20:45:09","modified_gmt":"2025-09-17T19:45:09","slug":"the-old-priest-ruin","status":"publish","type":"product","link":"https:\/\/urbex.direct\/pl\/product\/the-old-priest-ruin\/","title":{"rendered":"The Old Priest Ruin"},"content":{"rendered":"<p>Wsp\u00f3\u0142rz\u0119dne Urbex<\/p>","protected":false},"excerpt":{"rendered":"<p>Wsp\u00f3\u0142rz\u0119dne Urbex<\/p>","protected":false},"featured_media":65519,"template":"","meta":[],"product_brand":[],"product_cat":[290,282],"product_tag":[],"class_list":{"0":"post-65520","1":"product","2":"type-product","3":"status-publish","4":"has-post-thumbnail","6":"product_cat-murcia-2","7":"product_cat-spain","9":"first","10":"instock","11":"downloadable","12":"taxable","13":"shipping-taxable","14":"purchasable","15":"product-type-simple"},"jetpack_sharing_enabled":true,"_links":{"self":[{"href":"https:\/\/urbex.direct\/pl\/wp-json\/wp\/v2\/product\/65520","targetHints":{"allow":["GET"]}}],"collection":[{"href":"https:\/\/urbex.direct\/pl\/wp-json\/wp\/v2\/product"}],"about":[{"href":"https:\/\/urbex.direct\/pl\/wp-json\/wp\/v2\/types\/product"}],"wp:featuredmedia":[{"embeddable":true,"href":"https:\/\/urbex.direct\/pl\/wp-json\/wp\/v2\/media\/65519"}],"wp:attachment":[{"href":"https:\/\/urbex.direct\/pl\/wp-json\/wp\/v2\/media?parent=65520"}],"wp:term":[{"taxonomy":"product_brand","embeddable":true,"href":"https:\/\/urbex.direct\/pl\/wp-json\/wp\/v2\/product_brand?post=65520"},{"taxonomy":"product_cat","embeddable":true,"href":"https:\/\/urbex.direct\/pl\/wp-json\/wp\/v2\/product_cat?post=65520"},{"taxonomy":"product_tag","embeddable":true,"href":"https:\/\/urbex.direct\/pl\/wp-json\/wp\/v2\/product_tag?post=65520"}],"curies":[{"name":"wp","href":"https:\/\/api.w.org\/{rel}","templated":true}]}}