{"id":64468,"date":"2025-07-25T09:14:00","date_gmt":"2025-07-25T08:14:00","guid":{"rendered":"https:\/\/urbex.direct\/product\/ww2-wrecks\/"},"modified":"2025-07-10T18:44:37","modified_gmt":"2025-07-10T17:44:37","slug":"ww2-wrecks","status":"publish","type":"product","link":"https:\/\/urbex.direct\/pl\/product\/ww2-wrecks\/","title":{"rendered":"Wraki z II wojny \u015bwiatowej"},"content":{"rendered":"<p>Wsp\u00f3\u0142rz\u0119dne Urbex<\/p>","protected":false},"excerpt":{"rendered":"<p>Wsp\u00f3\u0142rz\u0119dne Urbex<\/p>","protected":false},"featured_media":64481,"template":"","meta":[],"product_brand":[],"product_cat":[272,278],"product_tag":[],"class_list":{"0":"post-64468","1":"product","2":"type-product","3":"status-publish","4":"has-post-thumbnail","6":"product_cat-poland","7":"product_cat-pomeranian","9":"first","10":"instock","11":"downloadable","12":"taxable","13":"shipping-taxable","14":"purchasable","15":"product-type-simple"},"jetpack_sharing_enabled":true,"_links":{"self":[{"href":"https:\/\/urbex.direct\/pl\/wp-json\/wp\/v2\/product\/64468","targetHints":{"allow":["GET"]}}],"collection":[{"href":"https:\/\/urbex.direct\/pl\/wp-json\/wp\/v2\/product"}],"about":[{"href":"https:\/\/urbex.direct\/pl\/wp-json\/wp\/v2\/types\/product"}],"wp:featuredmedia":[{"embeddable":true,"href":"https:\/\/urbex.direct\/pl\/wp-json\/wp\/v2\/media\/64481"}],"wp:attachment":[{"href":"https:\/\/urbex.direct\/pl\/wp-json\/wp\/v2\/media?parent=64468"}],"wp:term":[{"taxonomy":"product_brand","embeddable":true,"href":"https:\/\/urbex.direct\/pl\/wp-json\/wp\/v2\/product_brand?post=64468"},{"taxonomy":"product_cat","embeddable":true,"href":"https:\/\/urbex.direct\/pl\/wp-json\/wp\/v2\/product_cat?post=64468"},{"taxonomy":"product_tag","embeddable":true,"href":"https:\/\/urbex.direct\/pl\/wp-json\/wp\/v2\/product_tag?post=64468"}],"curies":[{"name":"wp","href":"https:\/\/api.w.org\/{rel}","templated":true}]}}