{"id":64265,"date":"2025-07-01T09:05:00","date_gmt":"2025-07-01T08:05:00","guid":{"rendered":"https:\/\/urbex.direct\/product\/trash-barn\/"},"modified":"2025-06-30T20:12:18","modified_gmt":"2025-06-30T19:12:18","slug":"trash-barn","status":"publish","type":"product","link":"https:\/\/urbex.direct\/pl\/product\/trash-barn\/","title":{"rendered":"Stodo\u0142a na \u015bmieci"},"content":{"rendered":"<p>Wsp\u00f3\u0142rz\u0119dne Urbex<\/p>","protected":false},"excerpt":{"rendered":"<p>Wsp\u00f3\u0142rz\u0119dne Urbex<\/p>","protected":false},"featured_media":64264,"template":"","meta":[],"product_brand":[],"product_cat":[240],"product_tag":[],"class_list":{"0":"post-64265","1":"product","2":"type-product","3":"status-publish","4":"has-post-thumbnail","6":"product_cat-greece","8":"first","9":"instock","10":"downloadable","11":"taxable","12":"shipping-taxable","13":"purchasable","14":"product-type-simple"},"jetpack_sharing_enabled":true,"_links":{"self":[{"href":"https:\/\/urbex.direct\/pl\/wp-json\/wp\/v2\/product\/64265","targetHints":{"allow":["GET"]}}],"collection":[{"href":"https:\/\/urbex.direct\/pl\/wp-json\/wp\/v2\/product"}],"about":[{"href":"https:\/\/urbex.direct\/pl\/wp-json\/wp\/v2\/types\/product"}],"wp:featuredmedia":[{"embeddable":true,"href":"https:\/\/urbex.direct\/pl\/wp-json\/wp\/v2\/media\/64264"}],"wp:attachment":[{"href":"https:\/\/urbex.direct\/pl\/wp-json\/wp\/v2\/media?parent=64265"}],"wp:term":[{"taxonomy":"product_brand","embeddable":true,"href":"https:\/\/urbex.direct\/pl\/wp-json\/wp\/v2\/product_brand?post=64265"},{"taxonomy":"product_cat","embeddable":true,"href":"https:\/\/urbex.direct\/pl\/wp-json\/wp\/v2\/product_cat?post=64265"},{"taxonomy":"product_tag","embeddable":true,"href":"https:\/\/urbex.direct\/pl\/wp-json\/wp\/v2\/product_tag?post=64265"}],"curies":[{"name":"wp","href":"https:\/\/api.w.org\/{rel}","templated":true}]}}