{"id":64083,"date":"2025-06-17T11:54:00","date_gmt":"2025-06-17T10:54:00","guid":{"rendered":"https:\/\/urbex.direct\/product\/hermits-house-dom-pustelnika\/"},"modified":"2025-06-16T20:15:54","modified_gmt":"2025-06-16T19:15:54","slug":"dom-pustelnika","status":"publish","type":"product","link":"https:\/\/urbex.direct\/pl\/product\/hermits-house-dom-pustelnika\/","title":{"rendered":"Dom pustelnika \/ Dom pustelnika"},"content":{"rendered":"<p>Wsp\u00f3\u0142rz\u0119dne Urbex<\/p>","protected":false},"excerpt":{"rendered":"<p>Wsp\u00f3\u0142rz\u0119dne Urbex<\/p>","protected":false},"featured_media":64082,"template":"","meta":[],"product_brand":[],"product_cat":[1411,272],"product_tag":[],"class_list":{"0":"post-64083","1":"product","2":"type-product","3":"status-publish","4":"has-post-thumbnail","6":"product_cat-lesser-poland-voivodeship","7":"product_cat-poland","9":"first","10":"instock","11":"downloadable","12":"taxable","13":"shipping-taxable","14":"purchasable","15":"product-type-simple"},"jetpack_sharing_enabled":true,"_links":{"self":[{"href":"https:\/\/urbex.direct\/pl\/wp-json\/wp\/v2\/product\/64083","targetHints":{"allow":["GET"]}}],"collection":[{"href":"https:\/\/urbex.direct\/pl\/wp-json\/wp\/v2\/product"}],"about":[{"href":"https:\/\/urbex.direct\/pl\/wp-json\/wp\/v2\/types\/product"}],"wp:featuredmedia":[{"embeddable":true,"href":"https:\/\/urbex.direct\/pl\/wp-json\/wp\/v2\/media\/64082"}],"wp:attachment":[{"href":"https:\/\/urbex.direct\/pl\/wp-json\/wp\/v2\/media?parent=64083"}],"wp:term":[{"taxonomy":"product_brand","embeddable":true,"href":"https:\/\/urbex.direct\/pl\/wp-json\/wp\/v2\/product_brand?post=64083"},{"taxonomy":"product_cat","embeddable":true,"href":"https:\/\/urbex.direct\/pl\/wp-json\/wp\/v2\/product_cat?post=64083"},{"taxonomy":"product_tag","embeddable":true,"href":"https:\/\/urbex.direct\/pl\/wp-json\/wp\/v2\/product_tag?post=64083"}],"curies":[{"name":"wp","href":"https:\/\/api.w.org\/{rel}","templated":true}]}}