{"id":63925,"date":"2025-06-06T09:26:00","date_gmt":"2025-06-06T08:26:00","guid":{"rendered":"https:\/\/urbex.direct\/product\/ferme-frte\/"},"modified":"2025-06-05T20:35:52","modified_gmt":"2025-06-05T19:35:52","slug":"ferme-frte","status":"publish","type":"product","link":"https:\/\/urbex.direct\/pl\/product\/ferme-frte\/","title":{"rendered":"Ferme FRTE"},"content":{"rendered":"<p>Wsp\u00f3\u0142rz\u0119dne Urbex<\/p>","protected":false},"excerpt":{"rendered":"<p>Wsp\u00f3\u0142rz\u0119dne Urbex<\/p>","protected":false},"featured_media":63924,"template":"","meta":[],"product_brand":[],"product_cat":[1073,226,235],"product_tag":[],"class_list":{"0":"post-63925","1":"product","2":"type-product","3":"status-publish","4":"has-post-thumbnail","6":"product_cat-dordogne-24","7":"product_cat-france","8":"product_cat-nouvelle-aquitaine","10":"first","11":"instock","12":"downloadable","13":"taxable","14":"shipping-taxable","15":"purchasable","16":"product-type-simple"},"jetpack_sharing_enabled":true,"_links":{"self":[{"href":"https:\/\/urbex.direct\/pl\/wp-json\/wp\/v2\/product\/63925","targetHints":{"allow":["GET"]}}],"collection":[{"href":"https:\/\/urbex.direct\/pl\/wp-json\/wp\/v2\/product"}],"about":[{"href":"https:\/\/urbex.direct\/pl\/wp-json\/wp\/v2\/types\/product"}],"wp:featuredmedia":[{"embeddable":true,"href":"https:\/\/urbex.direct\/pl\/wp-json\/wp\/v2\/media\/63924"}],"wp:attachment":[{"href":"https:\/\/urbex.direct\/pl\/wp-json\/wp\/v2\/media?parent=63925"}],"wp:term":[{"taxonomy":"product_brand","embeddable":true,"href":"https:\/\/urbex.direct\/pl\/wp-json\/wp\/v2\/product_brand?post=63925"},{"taxonomy":"product_cat","embeddable":true,"href":"https:\/\/urbex.direct\/pl\/wp-json\/wp\/v2\/product_cat?post=63925"},{"taxonomy":"product_tag","embeddable":true,"href":"https:\/\/urbex.direct\/pl\/wp-json\/wp\/v2\/product_tag?post=63925"}],"curies":[{"name":"wp","href":"https:\/\/api.w.org\/{rel}","templated":true}]}}