{"id":63883,"date":"2025-06-05T09:41:00","date_gmt":"2025-06-05T08:41:00","guid":{"rendered":"https:\/\/urbex.direct\/product\/the-garage-with-wrecks\/"},"modified":"2025-06-04T16:58:36","modified_gmt":"2025-06-04T15:58:36","slug":"the-garage-with-wrecks","status":"publish","type":"product","link":"https:\/\/urbex.direct\/pl\/product\/the-garage-with-wrecks\/","title":{"rendered":"Gara\u017c z wrakami"},"content":{"rendered":"<p>Wsp\u00f3\u0142rz\u0119dne Urbex<\/p>","protected":false},"excerpt":{"rendered":"<p>Wsp\u00f3\u0142rz\u0119dne Urbex<\/p>","protected":false},"featured_media":63882,"template":"","meta":[],"product_brand":[],"product_cat":[1004,227,226],"product_tag":[],"class_list":{"0":"post-63883","1":"product","2":"type-product","3":"status-publish","4":"has-post-thumbnail","6":"product_cat-ain-01","7":"product_cat-auvergne-rhone-alps","8":"product_cat-france","10":"first","11":"instock","12":"downloadable","13":"taxable","14":"shipping-taxable","15":"purchasable","16":"product-type-simple"},"jetpack_sharing_enabled":true,"_links":{"self":[{"href":"https:\/\/urbex.direct\/pl\/wp-json\/wp\/v2\/product\/63883","targetHints":{"allow":["GET"]}}],"collection":[{"href":"https:\/\/urbex.direct\/pl\/wp-json\/wp\/v2\/product"}],"about":[{"href":"https:\/\/urbex.direct\/pl\/wp-json\/wp\/v2\/types\/product"}],"wp:featuredmedia":[{"embeddable":true,"href":"https:\/\/urbex.direct\/pl\/wp-json\/wp\/v2\/media\/63882"}],"wp:attachment":[{"href":"https:\/\/urbex.direct\/pl\/wp-json\/wp\/v2\/media?parent=63883"}],"wp:term":[{"taxonomy":"product_brand","embeddable":true,"href":"https:\/\/urbex.direct\/pl\/wp-json\/wp\/v2\/product_brand?post=63883"},{"taxonomy":"product_cat","embeddable":true,"href":"https:\/\/urbex.direct\/pl\/wp-json\/wp\/v2\/product_cat?post=63883"},{"taxonomy":"product_tag","embeddable":true,"href":"https:\/\/urbex.direct\/pl\/wp-json\/wp\/v2\/product_tag?post=63883"}],"curies":[{"name":"wp","href":"https:\/\/api.w.org\/{rel}","templated":true}]}}