{"id":63833,"date":"2025-06-04T17:51:00","date_gmt":"2025-06-04T16:51:00","guid":{"rendered":"https:\/\/urbex.direct\/product\/hangar-avec-epave-de-voiture\/"},"modified":"2025-06-02T19:18:39","modified_gmt":"2025-06-02T18:18:39","slug":"hangar-avec-epave-de-voiture","status":"publish","type":"product","link":"https:\/\/urbex.direct\/pl\/product\/hangar-avec-epave-de-voiture\/","title":{"rendered":"Hangar z miejscem na samoch\u00f3d"},"content":{"rendered":"<p>Wsp\u00f3\u0142rz\u0119dne Urbex<\/p>","protected":false},"excerpt":{"rendered":"<p>Wsp\u00f3\u0142rz\u0119dne Urbex<\/p>","protected":false},"featured_media":63832,"template":"","meta":[],"product_brand":[],"product_cat":[230,226,1037],"product_tag":[],"class_list":{"0":"post-63833","1":"product","2":"type-product","3":"status-publish","4":"has-post-thumbnail","6":"product_cat-centre-val-de-loire","7":"product_cat-france","8":"product_cat-loir-et-cher-41","10":"first","11":"instock","12":"downloadable","13":"taxable","14":"shipping-taxable","15":"purchasable","16":"product-type-simple"},"jetpack_sharing_enabled":true,"_links":{"self":[{"href":"https:\/\/urbex.direct\/pl\/wp-json\/wp\/v2\/product\/63833","targetHints":{"allow":["GET"]}}],"collection":[{"href":"https:\/\/urbex.direct\/pl\/wp-json\/wp\/v2\/product"}],"about":[{"href":"https:\/\/urbex.direct\/pl\/wp-json\/wp\/v2\/types\/product"}],"wp:featuredmedia":[{"embeddable":true,"href":"https:\/\/urbex.direct\/pl\/wp-json\/wp\/v2\/media\/63832"}],"wp:attachment":[{"href":"https:\/\/urbex.direct\/pl\/wp-json\/wp\/v2\/media?parent=63833"}],"wp:term":[{"taxonomy":"product_brand","embeddable":true,"href":"https:\/\/urbex.direct\/pl\/wp-json\/wp\/v2\/product_brand?post=63833"},{"taxonomy":"product_cat","embeddable":true,"href":"https:\/\/urbex.direct\/pl\/wp-json\/wp\/v2\/product_cat?post=63833"},{"taxonomy":"product_tag","embeddable":true,"href":"https:\/\/urbex.direct\/pl\/wp-json\/wp\/v2\/product_tag?post=63833"}],"curies":[{"name":"wp","href":"https:\/\/api.w.org\/{rel}","templated":true}]}}