{"id":63008,"date":"2025-04-24T15:05:00","date_gmt":"2025-04-24T14:05:00","guid":{"rendered":"https:\/\/urbex.direct\/product\/disco-iguanaa\/"},"modified":"2025-04-23T18:27:04","modified_gmt":"2025-04-23T17:27:04","slug":"disco-iguanaa","status":"publish","type":"product","link":"https:\/\/urbex.direct\/pl\/product\/disco-iguanaa\/","title":{"rendered":"Disco Iguanaa"},"content":{"rendered":"<p>Wsp\u00f3\u0142rz\u0119dne Urbex<\/p>","protected":false},"excerpt":{"rendered":"<p>Wsp\u00f3\u0142rz\u0119dne Urbex<\/p>","protected":false},"featured_media":63007,"template":"","meta":[],"product_brand":[],"product_cat":[799,272],"product_tag":[],"class_list":{"0":"post-63008","1":"product","2":"type-product","3":"status-publish","4":"has-post-thumbnail","6":"product_cat-mazovie","7":"product_cat-poland","9":"first","10":"instock","11":"downloadable","12":"taxable","13":"shipping-taxable","14":"purchasable","15":"product-type-simple"},"jetpack_sharing_enabled":true,"_links":{"self":[{"href":"https:\/\/urbex.direct\/pl\/wp-json\/wp\/v2\/product\/63008","targetHints":{"allow":["GET"]}}],"collection":[{"href":"https:\/\/urbex.direct\/pl\/wp-json\/wp\/v2\/product"}],"about":[{"href":"https:\/\/urbex.direct\/pl\/wp-json\/wp\/v2\/types\/product"}],"wp:featuredmedia":[{"embeddable":true,"href":"https:\/\/urbex.direct\/pl\/wp-json\/wp\/v2\/media\/63007"}],"wp:attachment":[{"href":"https:\/\/urbex.direct\/pl\/wp-json\/wp\/v2\/media?parent=63008"}],"wp:term":[{"taxonomy":"product_brand","embeddable":true,"href":"https:\/\/urbex.direct\/pl\/wp-json\/wp\/v2\/product_brand?post=63008"},{"taxonomy":"product_cat","embeddable":true,"href":"https:\/\/urbex.direct\/pl\/wp-json\/wp\/v2\/product_cat?post=63008"},{"taxonomy":"product_tag","embeddable":true,"href":"https:\/\/urbex.direct\/pl\/wp-json\/wp\/v2\/product_tag?post=63008"}],"curies":[{"name":"wp","href":"https:\/\/api.w.org\/{rel}","templated":true}]}}