{"id":62261,"date":"2025-03-23T15:44:00","date_gmt":"2025-03-23T15:44:00","guid":{"rendered":"https:\/\/urbex.direct\/product\/maison-red-grandma\/"},"modified":"2025-03-19T21:05:55","modified_gmt":"2025-03-19T21:05:55","slug":"maison-red-grandma","status":"publish","type":"product","link":"https:\/\/urbex.direct\/pl\/product\/maison-red-grandma\/","title":{"rendered":"Maison Red Grandma"},"content":{"rendered":"<p>Wsp\u00f3\u0142rz\u0119dne Urbex<\/p>","protected":false},"excerpt":{"rendered":"<p>Wsp\u00f3\u0142rz\u0119dne Urbex<\/p>","protected":false},"featured_media":62260,"template":"","meta":[],"product_brand":[],"product_cat":[1055,226,232],"product_tag":[],"class_list":{"0":"post-62261","1":"product","2":"type-product","3":"status-publish","4":"has-post-thumbnail","6":"product_cat-aisne-02","7":"product_cat-france","8":"product_cat-hauts-de-france","10":"first","11":"instock","12":"downloadable","13":"taxable","14":"shipping-taxable","15":"purchasable","16":"product-type-simple"},"jetpack_sharing_enabled":true,"_links":{"self":[{"href":"https:\/\/urbex.direct\/pl\/wp-json\/wp\/v2\/product\/62261","targetHints":{"allow":["GET"]}}],"collection":[{"href":"https:\/\/urbex.direct\/pl\/wp-json\/wp\/v2\/product"}],"about":[{"href":"https:\/\/urbex.direct\/pl\/wp-json\/wp\/v2\/types\/product"}],"wp:featuredmedia":[{"embeddable":true,"href":"https:\/\/urbex.direct\/pl\/wp-json\/wp\/v2\/media\/62260"}],"wp:attachment":[{"href":"https:\/\/urbex.direct\/pl\/wp-json\/wp\/v2\/media?parent=62261"}],"wp:term":[{"taxonomy":"product_brand","embeddable":true,"href":"https:\/\/urbex.direct\/pl\/wp-json\/wp\/v2\/product_brand?post=62261"},{"taxonomy":"product_cat","embeddable":true,"href":"https:\/\/urbex.direct\/pl\/wp-json\/wp\/v2\/product_cat?post=62261"},{"taxonomy":"product_tag","embeddable":true,"href":"https:\/\/urbex.direct\/pl\/wp-json\/wp\/v2\/product_tag?post=62261"}],"curies":[{"name":"wp","href":"https:\/\/api.w.org\/{rel}","templated":true}]}}