{"id":62133,"date":"2025-03-20T13:05:00","date_gmt":"2025-03-20T13:05:00","guid":{"rendered":"https:\/\/urbex.direct\/product\/one-abandoned-grave-jeden-opuszczony-grob\/"},"modified":"2025-03-18T21:06:20","modified_gmt":"2025-03-18T21:06:20","slug":"one-abandoned-grave-jeden-opuszczony-grob","status":"publish","type":"product","link":"https:\/\/urbex.direct\/pl\/product\/one-abandoned-grave-jeden-opuszczony-grob\/","title":{"rendered":"Jeden opuszczony gr\u00f3b \/ Jeden opuszczony gr\u00f3b"},"content":{"rendered":"<p>Wsp\u00f3\u0142rz\u0119dne Urbex<\/p>","protected":false},"excerpt":{"rendered":"<p>Wsp\u00f3\u0142rz\u0119dne Urbex<\/p>","protected":false},"featured_media":62132,"template":"","meta":[],"product_brand":[],"product_cat":[273,272],"product_tag":[],"class_list":{"0":"post-62133","1":"product","2":"type-product","3":"status-publish","4":"has-post-thumbnail","6":"product_cat-ermland-mazurie-2","7":"product_cat-poland","9":"first","10":"instock","11":"downloadable","12":"taxable","13":"shipping-taxable","14":"purchasable","15":"product-type-simple"},"jetpack_sharing_enabled":true,"_links":{"self":[{"href":"https:\/\/urbex.direct\/pl\/wp-json\/wp\/v2\/product\/62133","targetHints":{"allow":["GET"]}}],"collection":[{"href":"https:\/\/urbex.direct\/pl\/wp-json\/wp\/v2\/product"}],"about":[{"href":"https:\/\/urbex.direct\/pl\/wp-json\/wp\/v2\/types\/product"}],"wp:featuredmedia":[{"embeddable":true,"href":"https:\/\/urbex.direct\/pl\/wp-json\/wp\/v2\/media\/62132"}],"wp:attachment":[{"href":"https:\/\/urbex.direct\/pl\/wp-json\/wp\/v2\/media?parent=62133"}],"wp:term":[{"taxonomy":"product_brand","embeddable":true,"href":"https:\/\/urbex.direct\/pl\/wp-json\/wp\/v2\/product_brand?post=62133"},{"taxonomy":"product_cat","embeddable":true,"href":"https:\/\/urbex.direct\/pl\/wp-json\/wp\/v2\/product_cat?post=62133"},{"taxonomy":"product_tag","embeddable":true,"href":"https:\/\/urbex.direct\/pl\/wp-json\/wp\/v2\/product_tag?post=62133"}],"curies":[{"name":"wp","href":"https:\/\/api.w.org\/{rel}","templated":true}]}}