{"id":62125,"date":"2025-03-17T20:45:44","date_gmt":"2025-03-17T20:45:44","guid":{"rendered":"https:\/\/urbex.direct\/?post_type=product&#038;p=62125"},"modified":"2025-03-18T19:50:43","modified_gmt":"2025-03-18T19:50:43","slug":"mapa-polowania-na-duchy-3-0","status":"publish","type":"product","link":"https:\/\/urbex.direct\/pl\/product\/ghost-hunting-map-3-0\/","title":{"rendered":"Ghost Hunting Map 3.0"},"content":{"rendered":"","protected":false},"excerpt":{"rendered":"<p data-start=\"56\" data-end=\"173\"><strong data-start=\"56\" data-end=\"167\">Najlepszy przewodnik po paranormalnych miejscach w Belgii, Holandii i Niemczech<\/strong> \ud83d\udc7b\ud83d\uddfa\ufe0f<\/p>\n<p data-start=\"175\" data-end=\"468\">Gotowy na now\u0105 paranormaln\u0105 przygod\u0119? <strong data-start=\"213\" data-end=\"238\">Ghost Hunting Map 3.0<\/strong> jest tutaj i jest to najbardziej kompletna i szczeg\u00f3\u0142owa mapa, jak\u0105 kiedykolwiek znajdziesz! Ta jedyna w swoim rodzaju mapa poprowadzi Ci\u0119 do <strong data-start=\"355\" data-end=\"398\">Najbardziej przera\u017caj\u0105ce i tajemnicze lokalizacje<\/strong> przez Belgi\u0119, Holandi\u0119 i obszary przygraniczne Niemiec. \ud83c\udf0d\u2728<\/p>\n<p data-start=\"470\" data-end=\"790\">Z ponad <strong data-start=\"480\" data-end=\"507\">Ponad 70 paranormalnych hotspot\u00f3w<\/strong>mo\u017cesz wyruszy\u0107 w podr\u00f3\u017c do miejsc, kt\u00f3re zosta\u0142y starannie zbadane przez <strong data-start=\"586\" data-end=\"616\">profesjonalni \u0142owcy duch\u00f3w<\/strong> i zapalonych hobbyst\u00f3w. Ta mapa zosta\u0142a fachowo opracowana przez zesp\u00f3\u0142 badaczy zjawisk paranormalnych, dzi\u0119ki czemu odwiedzisz tylko najbardziej intryguj\u0105ce i upiorne miejsca! \ud83d\udc40\ud83d\udd0d<\/p>\n<h3 data-start=\"792\" data-end=\"823\">Dlaczego ta mapa jest tak wyj\u0105tkowa?<\/h3>\n<ul data-start=\"824\" data-end=\"1061\">\n<li data-start=\"824\" data-end=\"889\"><strong data-start=\"826\" data-end=\"846\">31 nowych lokalizacji<\/strong>\u00a0kt\u00f3rych nie chcesz przegapi\u0107!<\/li>\n<li data-start=\"890\" data-end=\"996\"><strong data-start=\"892\" data-end=\"908\">42 lokalizacje<\/strong> z poprzednich edycji (V1 i V2) zosta\u0142y ponownie dodane, wi\u0119c niczego nie przegapisz. \ud83d\udd04<\/li>\n<\/ul>\n<p data-start=\"1063\" data-end=\"1202\">Na co wi\u0119c czekasz? Chwy\u0107 sw\u00f3j sprz\u0119t, zabierz przyjaci\u00f3\u0142 i zapu\u015b\u0107 si\u0119 w miejsca, w kt\u00f3rych zderzaj\u0105 si\u0119 historia i zjawiska nadprzyrodzone. \ud83d\udc80\ud83c\udf2b\ufe0f<\/p>\n<p data-start=\"1204\" data-end=\"1281\"><strong data-start=\"1204\" data-end=\"1229\">Ghost Hunting Map 3.0<\/strong> to pozycja obowi\u0105zkowa dla ka\u017cdego powa\u017cnego \u0142owcy duch\u00f3w!<\/p>","protected":false},"featured_media":62142,"template":"","meta":[],"product_brand":[],"product_cat":[322,1134,1136],"product_tag":[834,323],"class_list":{"0":"post-62125","1":"product","2":"type-product","3":"status-publish","4":"has-post-thumbnail","6":"product_cat-location-packs","7":"product_cat-maps-belgium","8":"product_cat-maps-the-netherlands","9":"product_tag-excellence","10":"product_tag-locationpack","12":"first","13":"instock","14":"taxable","15":"shipping-taxable","16":"purchasable","17":"product-type-simple"},"jetpack_sharing_enabled":true,"_links":{"self":[{"href":"https:\/\/urbex.direct\/pl\/wp-json\/wp\/v2\/product\/62125","targetHints":{"allow":["GET"]}}],"collection":[{"href":"https:\/\/urbex.direct\/pl\/wp-json\/wp\/v2\/product"}],"about":[{"href":"https:\/\/urbex.direct\/pl\/wp-json\/wp\/v2\/types\/product"}],"wp:featuredmedia":[{"embeddable":true,"href":"https:\/\/urbex.direct\/pl\/wp-json\/wp\/v2\/media\/62142"}],"wp:attachment":[{"href":"https:\/\/urbex.direct\/pl\/wp-json\/wp\/v2\/media?parent=62125"}],"wp:term":[{"taxonomy":"product_brand","embeddable":true,"href":"https:\/\/urbex.direct\/pl\/wp-json\/wp\/v2\/product_brand?post=62125"},{"taxonomy":"product_cat","embeddable":true,"href":"https:\/\/urbex.direct\/pl\/wp-json\/wp\/v2\/product_cat?post=62125"},{"taxonomy":"product_tag","embeddable":true,"href":"https:\/\/urbex.direct\/pl\/wp-json\/wp\/v2\/product_tag?post=62125"}],"curies":[{"name":"wp","href":"https:\/\/api.w.org\/{rel}","templated":true}]}}