{"id":62105,"date":"2025-04-05T22:04:31","date_gmt":"2025-04-05T21:04:31","guid":{"rendered":"https:\/\/urbex.direct\/product\/church-amazon\/"},"modified":"2025-04-05T22:04:32","modified_gmt":"2025-04-05T21:04:32","slug":"kosciol-amazon","status":"publish","type":"product","link":"https:\/\/urbex.direct\/pl\/product\/church-amazon\/","title":{"rendered":"Ko\u015bci\u00f3\u0142 Amazon"},"content":{"rendered":"<p>Wsp\u00f3\u0142rz\u0119dne Urbex<\/p>","protected":false},"excerpt":{"rendered":"<p>Wsp\u00f3\u0142rz\u0119dne Urbex<\/p>","protected":false},"featured_media":62104,"template":"","meta":[],"product_brand":[],"product_cat":[1404,241],"product_tag":[],"class_list":{"0":"post-62105","1":"product","2":"type-product","3":"status-publish","4":"has-post-thumbnail","6":"product_cat-heves","7":"product_cat-hungary","9":"first","10":"instock","11":"downloadable","12":"taxable","13":"shipping-taxable","14":"purchasable","15":"product-type-simple"},"jetpack_sharing_enabled":true,"_links":{"self":[{"href":"https:\/\/urbex.direct\/pl\/wp-json\/wp\/v2\/product\/62105","targetHints":{"allow":["GET"]}}],"collection":[{"href":"https:\/\/urbex.direct\/pl\/wp-json\/wp\/v2\/product"}],"about":[{"href":"https:\/\/urbex.direct\/pl\/wp-json\/wp\/v2\/types\/product"}],"wp:featuredmedia":[{"embeddable":true,"href":"https:\/\/urbex.direct\/pl\/wp-json\/wp\/v2\/media\/62104"}],"wp:attachment":[{"href":"https:\/\/urbex.direct\/pl\/wp-json\/wp\/v2\/media?parent=62105"}],"wp:term":[{"taxonomy":"product_brand","embeddable":true,"href":"https:\/\/urbex.direct\/pl\/wp-json\/wp\/v2\/product_brand?post=62105"},{"taxonomy":"product_cat","embeddable":true,"href":"https:\/\/urbex.direct\/pl\/wp-json\/wp\/v2\/product_cat?post=62105"},{"taxonomy":"product_tag","embeddable":true,"href":"https:\/\/urbex.direct\/pl\/wp-json\/wp\/v2\/product_tag?post=62105"}],"curies":[{"name":"wp","href":"https:\/\/api.w.org\/{rel}","templated":true}]}}