{"id":62043,"date":"2025-03-31T13:54:00","date_gmt":"2025-03-31T12:54:00","guid":{"rendered":"https:\/\/urbex.direct\/product\/marshalling-yard-stacja-rozrzadowa\/"},"modified":"2025-07-21T17:11:00","modified_gmt":"2025-07-21T16:11:00","slug":"marshalling-yard-stacja-rozrzadowa","status":"publish","type":"product","link":"https:\/\/urbex.direct\/pl\/product\/marshalling-yard-stacja-rozrzadowa\/","title":{"rendered":"Stacja rozrz\u0105dowa \/ Stacja rozrz\u0105dowa"},"content":{"rendered":"<p>Wsp\u00f3\u0142rz\u0119dne Urbex<\/p>","protected":false},"excerpt":{"rendered":"<p>Wsp\u00f3\u0142rz\u0119dne Urbex<\/p>","protected":false},"featured_media":62042,"template":"","meta":[],"product_brand":[],"product_cat":[273,272],"product_tag":[],"class_list":{"0":"post-62043","1":"product","2":"type-product","3":"status-publish","4":"has-post-thumbnail","6":"product_cat-ermland-mazurie-2","7":"product_cat-poland","9":"first","10":"instock","11":"downloadable","12":"taxable","13":"shipping-taxable","14":"purchasable","15":"product-type-simple"},"jetpack_sharing_enabled":true,"_links":{"self":[{"href":"https:\/\/urbex.direct\/pl\/wp-json\/wp\/v2\/product\/62043","targetHints":{"allow":["GET"]}}],"collection":[{"href":"https:\/\/urbex.direct\/pl\/wp-json\/wp\/v2\/product"}],"about":[{"href":"https:\/\/urbex.direct\/pl\/wp-json\/wp\/v2\/types\/product"}],"wp:featuredmedia":[{"embeddable":true,"href":"https:\/\/urbex.direct\/pl\/wp-json\/wp\/v2\/media\/62042"}],"wp:attachment":[{"href":"https:\/\/urbex.direct\/pl\/wp-json\/wp\/v2\/media?parent=62043"}],"wp:term":[{"taxonomy":"product_brand","embeddable":true,"href":"https:\/\/urbex.direct\/pl\/wp-json\/wp\/v2\/product_brand?post=62043"},{"taxonomy":"product_cat","embeddable":true,"href":"https:\/\/urbex.direct\/pl\/wp-json\/wp\/v2\/product_cat?post=62043"},{"taxonomy":"product_tag","embeddable":true,"href":"https:\/\/urbex.direct\/pl\/wp-json\/wp\/v2\/product_tag?post=62043"}],"curies":[{"name":"wp","href":"https:\/\/api.w.org\/{rel}","templated":true}]}}