{"id":61824,"date":"2025-03-09T19:15:15","date_gmt":"2025-03-09T19:15:15","guid":{"rendered":"https:\/\/urbex.direct\/?post_type=product&#038;p=61824"},"modified":"2025-05-22T20:32:16","modified_gmt":"2025-05-22T19:32:16","slug":"urbex-mapa-zjednoczonego-krolestwa-wszystkie-regiony-1-rok-dostepu","status":"publish","type":"product","link":"https:\/\/urbex.direct\/pl\/product\/urbex-map-united-kingdom-all-regions-1-year-access\/","title":{"rendered":"Urbex Map Wielka Brytania i Irlandia - wszystkie regiony (dost\u0119p na 1 lub 2 lata)"},"content":{"rendered":"<p>Mapa zawiera nast\u0119puj\u0105ce lokalizacje: <ul><li>Freeman Mansion<\/li><li>Hipodrom Hulme<\/li><li>Witamy w Paradise Hotel<\/li><li>Dom Zimnej Wojny<\/li><li>Miejsce katastrofy Boeinga<\/li><li>Warsztaty kolejowe w lesie<\/li><li>Lodge School<\/li><li>Teatr Jumanji<\/li><li>The Passed Away House<\/li><li>Wielka 5<\/li><li>Azyl NHS<\/li><li>Cliffe Fort<\/li><li>Zardzewia\u0142a \u0142\u00f3d\u017a podwodna<\/li><li>Dom Artylerzysty<\/li><li>Dom Cmentarny<\/li><li>Castle Farm<\/li><li>Hobbit Ant House<\/li><li>Niedoko\u0144czone miasto duch\u00f3w<\/li><li>Zimny basen Piramid<\/li><li>Ko\u015bci\u00f3\u0142 William 45<\/li><li>Wrak statku DB<\/li><li>Uperflow House<\/li><li>Podziemna \u015bwi\u0105tynia<\/li><li>Dom Z\u0142otej \u015awi\u0105tyni<\/li><li>The Big Pottery Shed<\/li><li>The Crossing Factory<\/li><li>Zapomniana kopalnia w\u0119gla<\/li><li>Kaplica Loxley<\/li><li>Fabryka narz\u0119dzi<\/li><li>Magazyn morski<\/li><li>Utracony uniwersytet<\/li><li>Sexy Farm<\/li><li>Zamek Cambusnethan<\/li><li>Zamek Loudoun<\/li><li>Szpital Gartloch<\/li><li>Hotel Ragdoll<\/li><li>Zamek na klifie<\/li><li>Kolejne ruiny zamku<\/li><li>Dal Ruine<\/li><li>Port torpedowy<\/li><li>Kopalnia miedzi Elba<\/li><li>Castle TTL<\/li><li>Stacja radarowa GH<\/li><li>Ma\u0142y domek obok tor\u00f3w<\/li><li>Fabryka amunicji<\/li><li>Fabryka amunicji 2<\/li><li>Allasons Manor<\/li><li>Le\u015bna elektrownia<\/li><li>Backyard Factory<\/li><li>Wojskowy dom obozowy<\/li><li>Wie\u017ca kontroli lot\u00f3w<\/li><li>Szpital East Fortune<\/li><li>Izba Reprezentant\u00f3w<\/li><li>Spalony szpital<\/li><li>Niesamowite ruiny dworu<\/li><li>Ruiny zamku szpitalnego<\/li><li>Pozosta\u0142o\u015bci zamku<\/li><li>Stare opuszczone seminarium<\/li><li>Sheet House<\/li><li>Baron Hill Mansion<\/li><li>Chapel Salem<\/li><li>The Checkpoint House<\/li><li>Dworzec autobusowy<\/li><li>Dom kolekcjonera samochod\u00f3w<\/li><li>Maison na ca\u0142ym \u015bwiecie<\/li><li>House of Oblivion<\/li><li>Cmentarz i ruiny ko\u015bcio\u0142a<\/li><li>Pusty zamek<\/li><li>Zamek Gwyn<\/li><li>The Oil Trader<\/li><li>Ko\u015bci\u00f3\u0142 w d\u017cungli<\/li><li>Bajkowa wioska Little Italy<\/li><li>Brik Works<\/li><li>Dom przera\u017caj\u0105cych z\u0119batek<\/li><li>Angel Barracks<\/li><li>Resident Evil Mansion<\/li><li>M\u0142yn zamro\u017cony w czasie<\/li><li>Tornado Farm<\/li><li>Zamek \u017co\u0142nierza<\/li><li>Zaginiony dom mi\u0142o\u015bci<\/li><li>Faith House<\/li><li>Zamek \u015bw. Jerzego<\/li><li>Azyl dla os\u00f3b z autyzmem<\/li><li>Pool Asylum<\/li><li>Film Latarnia morska<\/li><li>House of Pianos<\/li><li>Dom wdowy<\/li><li>Veteran Farm<\/li><li>Piekielny szpital<\/li><li>Tyrone House<\/li><li>Ko\u015bci\u00f3\u0142 Nivea<\/li><li>Ruiny zamku Ivy<\/li><li>Castle Ruine G<\/li><li>Wielki zaro\u015bni\u0119ty ko\u015bci\u00f3\u0142<\/li><li>Castle Ruin Agha<\/li><li>Mossy Castle Kerry<\/li><li>Fort Colloseum<\/li><li>Colloseum Fort 2<\/li><li>Farma na klifie<\/li><li>Stara wie\u017ca sygnalizacyjna<\/li><li>Ruiny ko\u015bcio\u0142a z kilkoma grobami<\/li><li>Clif Watchtower<\/li><li>Szyby starej kopalni miedzi<\/li><li>Bia\u0142y Dom Samochodowy w Krzewie<\/li><li>Niedoko\u0144czona willa<\/li><li>Dom zapasowy<\/li><li>Malcolm Factory<\/li><li>Stary Zamek Droma<\/li><li>Zamek Celtic Echoes<\/li><li>Spalona fabryka i willa<\/li><li>The Broken Bridge<\/li><li>Silent Towers of \u00c9ire<\/li><li>S\u0142aba farma<\/li><li>Warsztat natury<\/li><li>Kolejna ruina kopalni miedzi<\/li><li>Autumn House<\/li><li>Tereny zamkowe<\/li><li>Dw\u00f3r polityka<\/li><li>Zapomniany dw\u00f3r<\/li><li>Dom utracony na 10 lat<\/li><li>Wrak statku na pla\u017cy<\/li><li>Zaginiony ko\u015bci\u00f3\u0142 na wzg\u00f3rzach<\/li><li>Grobowce w rozpadaj\u0105cym si\u0119 budynku<\/li><li>Pub z obrazami<\/li><li>Fort na szczycie<\/li><li>Pozosta\u0142o\u015bci zamku na klifie<\/li><li>House Cardo<\/li><li>Zamek z zielonym dachem<\/li><li>Powr\u00f3t do natury<\/li><li>Cmentarz i ruiny<\/li><li>Elektrownia Waterside<\/li><li>Dom nad zapomnian\u0105 rzek\u0105<\/li><li>Niedoko\u0144czone sprawy<\/li><li>Zaginione hale przemys\u0142owe<\/li><li>Ruiny ma\u0142ego ko\u015bcio\u0142a<\/li><li>House Bally [House[<\/li><\/ul><\/p>","protected":false},"excerpt":{"rendered":"<p>Ta mapa urbex zawiera wszystkie lokalizacje eksploracji miejskiej (urbex) w <strong>Wielka Brytania i Irlandia, wszystkie regiony<\/strong><strong>.<\/strong> <\/p>\n<p>Ta mapa zagubionych miejsc b\u0119dzie aktualizowana i dost\u0119pna przez co najmniej 365 dni od zakupu. <\/p>\n<p>Ta mapa zawiera obecnie 136 najbardziej unikalnych miejsc do zwiedzania w Irlandii i jest dost\u0119pna z dowolnego miejsca dzi\u0119ki naszej \u0142atwej w u\u017cyciu mapie<strong>. <\/p>\n<p><\/strong><strong>Je\u015bli posiadasz ju\u017c ten pakiet, mo\u017cesz uzyska\u0107 do niego dost\u0119p poprzez <\/strong><a href=\"\/pl\/moje-konto\/obszar-czlonkowski\/43905\/zawartosc-mojego-czlonkostwa\/\"><strong>Moje mapy &gt; Widok.<\/strong><\/a> <\/p>\n<p><a href=\"#tab-description\">Lista wszystkich lokalizacji Urbex na tej mapie.<\/a><\/p>","protected":false},"featured_media":61828,"template":"","meta":[],"product_brand":[],"product_cat":[242,322,1401,293],"product_tag":[],"class_list":{"0":"post-61824","1":"product","2":"type-product","3":"status-publish","4":"has-post-thumbnail","6":"product_cat-ireland","7":"product_cat-location-packs","8":"product_cat-maps-united-kingdom","9":"product_cat-united-kingdom","11":"first","12":"instock","13":"taxable","14":"shipping-taxable","15":"purchasable","16":"product-type-variable"},"jetpack_sharing_enabled":true,"_links":{"self":[{"href":"https:\/\/urbex.direct\/pl\/wp-json\/wp\/v2\/product\/61824","targetHints":{"allow":["GET"]}}],"collection":[{"href":"https:\/\/urbex.direct\/pl\/wp-json\/wp\/v2\/product"}],"about":[{"href":"https:\/\/urbex.direct\/pl\/wp-json\/wp\/v2\/types\/product"}],"wp:featuredmedia":[{"embeddable":true,"href":"https:\/\/urbex.direct\/pl\/wp-json\/wp\/v2\/media\/61828"}],"wp:attachment":[{"href":"https:\/\/urbex.direct\/pl\/wp-json\/wp\/v2\/media?parent=61824"}],"wp:term":[{"taxonomy":"product_brand","embeddable":true,"href":"https:\/\/urbex.direct\/pl\/wp-json\/wp\/v2\/product_brand?post=61824"},{"taxonomy":"product_cat","embeddable":true,"href":"https:\/\/urbex.direct\/pl\/wp-json\/wp\/v2\/product_cat?post=61824"},{"taxonomy":"product_tag","embeddable":true,"href":"https:\/\/urbex.direct\/pl\/wp-json\/wp\/v2\/product_tag?post=61824"}],"curies":[{"name":"wp","href":"https:\/\/api.w.org\/{rel}","templated":true}]}}