{"id":61614,"date":"2025-03-05T13:22:00","date_gmt":"2025-03-05T13:22:00","guid":{"rendered":"https:\/\/urbex.direct\/product\/the-passed-away-house\/"},"modified":"2025-03-03T20:45:46","modified_gmt":"2025-03-03T20:45:46","slug":"dom-ktory-odszedl","status":"publish","type":"product","link":"https:\/\/urbex.direct\/pl\/product\/the-passed-away-house\/","title":{"rendered":"The Passed Away House"},"content":{"rendered":"<p>Wsp\u00f3\u0142rz\u0119dne Urbex<\/p>","protected":false},"excerpt":{"rendered":"<p>Wsp\u00f3\u0142rz\u0119dne Urbex<\/p>","protected":false},"featured_media":61613,"template":"","meta":[],"product_brand":[],"product_cat":[1393,294,293],"product_tag":[],"class_list":{"0":"post-61614","1":"product","2":"type-product","3":"status-publish","4":"has-post-thumbnail","6":"product_cat-east-midlands","7":"product_cat-england","8":"product_cat-united-kingdom","10":"first","11":"instock","12":"downloadable","13":"taxable","14":"shipping-taxable","15":"purchasable","16":"product-type-simple"},"jetpack_sharing_enabled":true,"_links":{"self":[{"href":"https:\/\/urbex.direct\/pl\/wp-json\/wp\/v2\/product\/61614","targetHints":{"allow":["GET"]}}],"collection":[{"href":"https:\/\/urbex.direct\/pl\/wp-json\/wp\/v2\/product"}],"about":[{"href":"https:\/\/urbex.direct\/pl\/wp-json\/wp\/v2\/types\/product"}],"wp:featuredmedia":[{"embeddable":true,"href":"https:\/\/urbex.direct\/pl\/wp-json\/wp\/v2\/media\/61613"}],"wp:attachment":[{"href":"https:\/\/urbex.direct\/pl\/wp-json\/wp\/v2\/media?parent=61614"}],"wp:term":[{"taxonomy":"product_brand","embeddable":true,"href":"https:\/\/urbex.direct\/pl\/wp-json\/wp\/v2\/product_brand?post=61614"},{"taxonomy":"product_cat","embeddable":true,"href":"https:\/\/urbex.direct\/pl\/wp-json\/wp\/v2\/product_cat?post=61614"},{"taxonomy":"product_tag","embeddable":true,"href":"https:\/\/urbex.direct\/pl\/wp-json\/wp\/v2\/product_tag?post=61614"}],"curies":[{"name":"wp","href":"https:\/\/api.w.org\/{rel}","templated":true}]}}