{"id":61502,"date":"2025-03-02T13:31:00","date_gmt":"2025-03-02T13:31:00","guid":{"rendered":"https:\/\/urbex.direct\/product\/allasons-manor\/"},"modified":"2026-01-18T09:31:04","modified_gmt":"2026-01-18T09:31:04","slug":"allasons-manor","status":"publish","type":"product","link":"https:\/\/urbex.direct\/pl\/product\/allasons-manor\/","title":{"rendered":"Allasons Manor"},"content":{"rendered":"<p>Wsp\u00f3\u0142rz\u0119dne Urbex<\/p>\n\n\n\n<p><\/p>","protected":false},"excerpt":{"rendered":"<p>Wsp\u00f3\u0142rz\u0119dne Urbex<\/p>","protected":false},"featured_media":61501,"template":"","meta":[],"product_brand":[],"product_cat":[295,293],"product_tag":[],"class_list":{"0":"post-61502","1":"product","2":"type-product","3":"status-publish","4":"has-post-thumbnail","6":"product_cat-scotland","7":"product_cat-united-kingdom","9":"first","10":"instock","11":"downloadable","12":"taxable","13":"shipping-taxable","14":"purchasable","15":"product-type-simple"},"jetpack_sharing_enabled":true,"_links":{"self":[{"href":"https:\/\/urbex.direct\/pl\/wp-json\/wp\/v2\/product\/61502","targetHints":{"allow":["GET"]}}],"collection":[{"href":"https:\/\/urbex.direct\/pl\/wp-json\/wp\/v2\/product"}],"about":[{"href":"https:\/\/urbex.direct\/pl\/wp-json\/wp\/v2\/types\/product"}],"wp:featuredmedia":[{"embeddable":true,"href":"https:\/\/urbex.direct\/pl\/wp-json\/wp\/v2\/media\/61501"}],"wp:attachment":[{"href":"https:\/\/urbex.direct\/pl\/wp-json\/wp\/v2\/media?parent=61502"}],"wp:term":[{"taxonomy":"product_brand","embeddable":true,"href":"https:\/\/urbex.direct\/pl\/wp-json\/wp\/v2\/product_brand?post=61502"},{"taxonomy":"product_cat","embeddable":true,"href":"https:\/\/urbex.direct\/pl\/wp-json\/wp\/v2\/product_cat?post=61502"},{"taxonomy":"product_tag","embeddable":true,"href":"https:\/\/urbex.direct\/pl\/wp-json\/wp\/v2\/product_tag?post=61502"}],"curies":[{"name":"wp","href":"https:\/\/api.w.org\/{rel}","templated":true}]}}