{"id":61496,"date":"2025-03-03T09:19:00","date_gmt":"2025-03-03T09:19:00","guid":{"rendered":"https:\/\/urbex.direct\/product\/gh-radar-station\/"},"modified":"2025-02-23T15:46:51","modified_gmt":"2025-02-23T15:46:51","slug":"stacja-radarowa-gh","status":"publish","type":"product","link":"https:\/\/urbex.direct\/pl\/product\/gh-radar-station\/","title":{"rendered":"Stacja radarowa GH"},"content":{"rendered":"<p>Wsp\u00f3\u0142rz\u0119dne Urbex<\/p>","protected":false},"excerpt":{"rendered":"<p>Wsp\u00f3\u0142rz\u0119dne Urbex<\/p>","protected":false},"featured_media":61495,"template":"","meta":[],"product_brand":[],"product_cat":[295,293],"product_tag":[],"class_list":{"0":"post-61496","1":"product","2":"type-product","3":"status-publish","4":"has-post-thumbnail","6":"product_cat-scotland","7":"product_cat-united-kingdom","9":"first","10":"instock","11":"downloadable","12":"taxable","13":"shipping-taxable","14":"purchasable","15":"product-type-simple"},"jetpack_sharing_enabled":true,"_links":{"self":[{"href":"https:\/\/urbex.direct\/pl\/wp-json\/wp\/v2\/product\/61496","targetHints":{"allow":["GET"]}}],"collection":[{"href":"https:\/\/urbex.direct\/pl\/wp-json\/wp\/v2\/product"}],"about":[{"href":"https:\/\/urbex.direct\/pl\/wp-json\/wp\/v2\/types\/product"}],"wp:featuredmedia":[{"embeddable":true,"href":"https:\/\/urbex.direct\/pl\/wp-json\/wp\/v2\/media\/61495"}],"wp:attachment":[{"href":"https:\/\/urbex.direct\/pl\/wp-json\/wp\/v2\/media?parent=61496"}],"wp:term":[{"taxonomy":"product_brand","embeddable":true,"href":"https:\/\/urbex.direct\/pl\/wp-json\/wp\/v2\/product_brand?post=61496"},{"taxonomy":"product_cat","embeddable":true,"href":"https:\/\/urbex.direct\/pl\/wp-json\/wp\/v2\/product_cat?post=61496"},{"taxonomy":"product_tag","embeddable":true,"href":"https:\/\/urbex.direct\/pl\/wp-json\/wp\/v2\/product_tag?post=61496"}],"curies":[{"name":"wp","href":"https:\/\/api.w.org\/{rel}","templated":true}]}}